{"id":3471,"date":"2024-12-19T07:03:01","date_gmt":"2024-12-19T07:03:01","guid":{"rendered":"https:\/\/potensilift.com\/?post_type=product&#038;p=3471"},"modified":"2025-03-25T09:48:35","modified_gmt":"2025-03-25T09:48:35","slug":"for-thyssenkrupp-elevator-main-board-mc3","status":"publish","type":"product","link":"https:\/\/potensilift.com\/pt\/produto\/for-thyssenkrupp-elevator-main-board-mc3\/","title":{"rendered":"Para a placa principal MC3 da Thyssenkrupp Elevator"},"content":{"rendered":"<p>POTENSI advanced for Thyssenkrupp Elevator main board is designed to optimize elevator performance. Built with cutting-edge technology and robust construction, this for Thyssenkrupp Elevator main board MC3 ensures seamless compatibility and maximum operational efficiency. From enhancing overall system management to refining specific Elevator main board, POTENSI solutions are durable, user-friendly, and built for the future.<\/p>\n<h2>Par\u00e2metros do produto<\/h2>\n<table>\n<tbody>\n<tr>\n<td width=\"284\">Marca<\/td>\n<td width=\"284\">for Thyssenkrupp<\/td>\n<\/tr>\n<tr>\n<td width=\"284\">Produtos<\/td>\n<td width=\"284\">for Thyssenkrupp Elevator main board MC3<\/td>\n<\/tr>\n<tr>\n<td width=\"284\">Modelo<\/td>\n<td width=\"284\">MC3<\/td>\n<\/tr>\n<tr>\n<td width=\"284\">Local de origem<\/td>\n<td width=\"284\">China<\/td>\n<\/tr>\n<\/tbody>\n<\/table>\n<h2>Porqu\u00ea n\u00f3s<\/h2>\n<p>Potensi provides high-quality for Thyssenkrupp Elevator main board MC3, engineered to deliver exceptional reliability and performance for modern elevator systems. As a trusted supplier of Elevator main board, we offer a wide range of products, including specialized options like For Thyssenkrupp Elevator main board, ensuring compatibility with top global brands such as \u00a0<a href=\"https:\/\/potensilift.com\/pt\/categoria-produto\/pecas-de-marcas\/for-mitsubishi\/\"><u>Mitsubishi<\/u><\/a>, <a href=\"https:\/\/potensilift.com\/pt\/categoria-produto\/pecas-de-marcas\/para-otis\/\"><u>Otis<\/u><\/a>, <a href=\"https:\/\/potensilift.com\/pt\/categoria-produto\/pecas-de-marcas\/for-tke-thyssenkrupp\/\"><u>Thyssen<\/u><\/a>, <a href=\"https:\/\/potensilift.com\/pt\/categoria-produto\/pecas-de-marcas\/para-a-hyundai\/\"><u>Hyundai<\/u><\/a>e <a href=\"https:\/\/potensilift.com\/pt\/categoria-produto\/pecas-de-marcas\/pecas-de-outras-marcas\/\"><u>outros<\/u><\/a>. Com um amplo estoque e pre\u00e7os competitivos, a Potensi est\u00e1 pronta para atender \u00e0s suas necessidades. <a href=\"https:\/\/potensilift.com\/pt\/contact\/\"><u>CONTACTO Lidia<\/u><\/a>\u00a0hoje - a Potensi espera poder ajud\u00e1-lo a melhorar os seus sistemas de elevadores!<\/p>","protected":false},"excerpt":{"rendered":"<p>Upgrade your elevator system with POTENSI for Thyssenkrupp Elevator main board, engineered for seamless integration and exceptional performance. Our elevator main board ensures long-term efficiency.<\/p>","protected":false},"featured_media":3489,"comment_status":"open","ping_status":"closed","template":"","meta":{"_seopress_robots_primary_cat":"none","_seopress_titles_title":"Elevator main board | For Thyssenkrupp Elevator main board | Elevator Parts with Discounts - POTENSI","_seopress_titles_desc":"Shop Elevator main board and get discounts on For Thyssenkrupp Elevator main board. Ideal for large-scale elevator projects.","_seopress_robots_index":""},"product_brand":[],"product_cat":[161,129],"product_tag":[],"class_list":{"0":"post-3471","1":"product","2":"type-product","3":"status-publish","4":"has-post-thumbnail","6":"product_cat-elevator-pcb","7":"product_cat-for-tke-thyssenkrupp","9":"first","10":"instock","11":"shipping-taxable","12":"purchasable","13":"product-type-simple"},"_links":{"self":[{"href":"https:\/\/potensilift.com\/pt\/wp-json\/wp\/v2\/product\/3471"}],"collection":[{"href":"https:\/\/potensilift.com\/pt\/wp-json\/wp\/v2\/product"}],"about":[{"href":"https:\/\/potensilift.com\/pt\/wp-json\/wp\/v2\/types\/product"}],"replies":[{"embeddable":true,"href":"https:\/\/potensilift.com\/pt\/wp-json\/wp\/v2\/comments?post=3471"}],"wp:featuredmedia":[{"embeddable":true,"href":"https:\/\/potensilift.com\/pt\/wp-json\/wp\/v2\/media\/3489"}],"wp:attachment":[{"href":"https:\/\/potensilift.com\/pt\/wp-json\/wp\/v2\/media?parent=3471"}],"wp:term":[{"taxonomy":"product_brand","embeddable":true,"href":"https:\/\/potensilift.com\/pt\/wp-json\/wp\/v2\/product_brand?post=3471"},{"taxonomy":"product_cat","embeddable":true,"href":"https:\/\/potensilift.com\/pt\/wp-json\/wp\/v2\/product_cat?post=3471"},{"taxonomy":"product_tag","embeddable":true,"href":"https:\/\/potensilift.com\/pt\/wp-json\/wp\/v2\/product_tag?post=3471"}],"curies":[{"name":"wp","href":"https:\/\/api.w.org\/{rel}","templated":true}]}}