{"id":3464,"date":"2024-12-19T06:16:07","date_gmt":"2024-12-19T06:16:07","guid":{"rendered":"https:\/\/potensilift.com\/?post_type=product&#038;p=3464"},"modified":"2025-03-28T02:05:14","modified_gmt":"2025-03-28T02:05:14","slug":"controlador-de-porta-de-elevador-do3000","status":"publish","type":"product","link":"https:\/\/potensilift.com\/pt\/produto\/controlador-de-porta-de-elevador-do3000\/","title":{"rendered":"Controlador de porta de elevador DO3000"},"content":{"rendered":"<p>Pretende melhorar o desempenho da sua porta de elevador? O Controlo de Porta de Elevador POTENSI combina componentes dur\u00e1veis e engenharia inovadora para garantir opera\u00e7\u00f5es suaves e precisas. Quer necessite de um controlador de porta fi\u00e1vel para uso geral ou de um controlador de porta de elevador DO3000 avan\u00e7ado para sistemas especializados, a POTENSI oferece o equil\u00edbrio perfeito entre seguran\u00e7a e fiabilidade.<\/p>\n<h2>Par\u00e2metros do produto<\/h2>\n<table>\n<tbody>\n<tr>\n<td width=\"284\">Marca<\/td>\n<td width=\"284\">Potensi<\/td>\n<\/tr>\n<tr>\n<td width=\"284\">Produtos<\/td>\n<td width=\"284\">Controlador de porta de elevador DO3000<\/td>\n<\/tr>\n<tr>\n<td width=\"284\">Modelo<\/td>\n<td width=\"284\">DO3000<\/td>\n<\/tr>\n<tr>\n<td width=\"284\">Local de origem<\/td>\n<td width=\"284\">China<\/td>\n<\/tr>\n<\/tbody>\n<\/table>\n<h2>Porqu\u00ea n\u00f3s<\/h2>\n<p>A Potensi fornece Controlador de Porta de Elevador DO3000 de alta qualidade, concebido para proporcionar fiabilidade e desempenho excepcionais para sistemas de elevadores modernos. Como fornecedor de confian\u00e7a de Controlador de porta, oferecemos uma vasta gama de produtos, incluindo op\u00e7\u00f5es especializadas como Controlador de porta de elevador, garantindo a compatibilidade com as principais marcas globais, tais como \u00a0<a href=\"https:\/\/potensilift.com\/pt\/categoria-produto\/pecas-de-marcas\/for-mitsubishi\/\"><u>Mitsubishi<\/u><\/a>, <a href=\"https:\/\/potensilift.com\/pt\/categoria-produto\/pecas-de-marcas\/para-otis\/\"><u>Otis<\/u><\/a>, <a href=\"https:\/\/potensilift.com\/pt\/categoria-produto\/pecas-de-marcas\/for-tke-thyssenkrupp\/\"><u>Thyssen<\/u><\/a>, <a href=\"https:\/\/potensilift.com\/pt\/categoria-produto\/pecas-de-marcas\/para-a-hyundai\/\"><u>Hyundai<\/u><\/a>e <a href=\"https:\/\/potensilift.com\/pt\/categoria-produto\/pecas-de-marcas\/pecas-de-outras-marcas\/\"><u>outros<\/u><\/a>. Com um amplo estoque e pre\u00e7os competitivos, a Potensi est\u00e1 pronta para atender \u00e0s suas necessidades. <a href=\"https:\/\/potensilift.com\/pt\/contact\/\"><u>CONTACTO <\/u><u>Cara<\/u><\/a>\u00a0hoje - a Potensi espera poder ajud\u00e1-lo a melhorar os seus sistemas de elevadores!<\/p>","protected":false},"excerpt":{"rendered":"<p>Garanta um funcionamento suave e seguro com o controlo de portas POTENSI, concebido para uma compatibilidade precisa com o seu sistema. O nosso controlador de porta de elevador DO3000 oferece um desempenho fi\u00e1vel.<\/p>","protected":false},"featured_media":3465,"comment_status":"open","ping_status":"closed","template":"","meta":{"_seopress_robots_primary_cat":"","_seopress_titles_title":"Door Controller | Elevator Door Controller | Quality Elevator Parts - POTENSI","_seopress_titles_desc":"Explore a range of Door Controller with high-quality Elevator Door Controller. Perfect for maintaining peak elevator performance.","_seopress_robots_index":""},"product_brand":[],"product_cat":[151,166,150],"product_tag":[],"class_list":{"0":"post-3464","1":"product","2":"type-product","3":"status-publish","4":"has-post-thumbnail","6":"product_cat-elevator-control-system","7":"product_cat-elevator-door-controller","8":"product_cat-others-brands-parts","10":"first","11":"instock","12":"shipping-taxable","13":"purchasable","14":"product-type-simple"},"_links":{"self":[{"href":"https:\/\/potensilift.com\/pt\/wp-json\/wp\/v2\/product\/3464"}],"collection":[{"href":"https:\/\/potensilift.com\/pt\/wp-json\/wp\/v2\/product"}],"about":[{"href":"https:\/\/potensilift.com\/pt\/wp-json\/wp\/v2\/types\/product"}],"replies":[{"embeddable":true,"href":"https:\/\/potensilift.com\/pt\/wp-json\/wp\/v2\/comments?post=3464"}],"wp:featuredmedia":[{"embeddable":true,"href":"https:\/\/potensilift.com\/pt\/wp-json\/wp\/v2\/media\/3465"}],"wp:attachment":[{"href":"https:\/\/potensilift.com\/pt\/wp-json\/wp\/v2\/media?parent=3464"}],"wp:term":[{"taxonomy":"product_brand","embeddable":true,"href":"https:\/\/potensilift.com\/pt\/wp-json\/wp\/v2\/product_brand?post=3464"},{"taxonomy":"product_cat","embeddable":true,"href":"https:\/\/potensilift.com\/pt\/wp-json\/wp\/v2\/product_cat?post=3464"},{"taxonomy":"product_tag","embeddable":true,"href":"https:\/\/potensilift.com\/pt\/wp-json\/wp\/v2\/product_tag?post=3464"}],"curies":[{"name":"wp","href":"https:\/\/api.w.org\/{rel}","templated":true}]}}