{"id":3409,"date":"2024-12-19T02:18:14","date_gmt":"2024-12-19T02:18:14","guid":{"rendered":"https:\/\/potensilift.com\/?post_type=product&#038;p=3409"},"modified":"2025-03-25T09:57:15","modified_gmt":"2025-03-25T09:57:15","slug":"rolo-de-degrau-de-escada-rolante-80256304","status":"publish","type":"product","link":"https:\/\/potensilift.com\/pt\/produto\/rolo-de-degrau-de-escada-rolante-80256304\/","title":{"rendered":"rolo de degrau de escada rolante 80*25*6304"},"content":{"rendered":"<p>Para transi\u00e7\u00f5es suaves e seguras, o rolo de degraus de escada rolante 80*25*6304 da POTENSI \u00e9 a sua melhor escolha. Concebido tendo em mente a seguran\u00e7a do utilizador, complementa na perfei\u00e7\u00e3o tanto o rolo de degraus padr\u00e3o como o rolo de degraus de escada rolante avan\u00e7ado Trust POTENSI para manter a estabilidade e a fiabilidade em cada passo.<\/p>\n<h2>Par\u00e2metros do produto<\/h2>\n<table>\n<tbody>\n<tr>\n<td width=\"284\">Marca<\/td>\n<td width=\"284\">para escadas rolantes<\/td>\n<\/tr>\n<tr>\n<td width=\"284\">Produtos<\/td>\n<td width=\"284\">rolo de degrau de escada rolante 80*25*6304<\/td>\n<\/tr>\n<tr>\n<td width=\"284\">Modelo<\/td>\n<td width=\"284\">80*25*6304<\/td>\n<\/tr>\n<tr>\n<td width=\"284\">Local de origem<\/td>\n<td width=\"284\">China<\/td>\n<\/tr>\n<\/tbody>\n<\/table>\n<h2>Porqu\u00ea n\u00f3s<\/h2>\n<p>A Potensi fornece rolo de degrau de escada rolante 80*25*6304 de alta qualidade, concebido para proporcionar fiabilidade e desempenho excepcionais para sistemas de escada rolante modernos. Como fornecedor de confian\u00e7a de rolo de degrau, oferecemos uma vasta gama de produtos, incluindo op\u00e7\u00f5es especializadas como rolo de degrau de escada rolante, garantindo a compatibilidade com as principais marcas globais, tais como \u00a0<a href=\"https:\/\/potensilift.com\/pt\/categoria-produto\/pecas-de-marcas\/for-mitsubishi\/\"><u>Mitsubishi<\/u><\/a>, <a href=\"https:\/\/potensilift.com\/pt\/categoria-produto\/pecas-de-marcas\/para-otis\/\"><u>Otis<\/u><\/a>, <a href=\"https:\/\/potensilift.com\/pt\/categoria-produto\/pecas-de-marcas\/for-tke-thyssenkrupp\/\"><u>Thyssen<\/u><\/a>, <a href=\"https:\/\/potensilift.com\/pt\/categoria-produto\/pecas-de-marcas\/para-a-hyundai\/\"><u>Hyundai<\/u><\/a>e <a href=\"https:\/\/potensilift.com\/pt\/categoria-produto\/pecas-de-marcas\/pecas-de-outras-marcas\/\"><u>outros<\/u><\/a>. Com um amplo estoque e pre\u00e7os competitivos, a Potensi est\u00e1 pronta para atender \u00e0s suas necessidades. <a href=\"https:\/\/potensilift.com\/pt\/contact\/\"><u>CONTACTO zoe<\/u><\/a> hoje - a Potensi espera poder ajud\u00e1-lo a melhorar os seus sistemas de escadas rolantes!<\/p>","protected":false},"excerpt":{"rendered":"<p>Para uma fiabilidade duradoura, escolha o rolo de escada rolante 80*25*6304 da POTENSI. Concebido para um ajuste preciso e um funcionamento suave, perfeito para o rolo de escadas<\/p>","protected":false},"featured_media":3452,"comment_status":"open","ping_status":"closed","template":"","meta":{"_seopress_robots_primary_cat":"none","_seopress_titles_title":"step roller | escalator step roller for Escalator Performance - POTENSI","_seopress_titles_desc":"Upgrade your system with step roller and escalator step roller 80*25*6304 step roller designed to enhance escalator performance and safety.","_seopress_robots_index":""},"product_brand":[],"product_cat":[119,150],"product_tag":[],"class_list":{"0":"post-3409","1":"product","2":"type-product","3":"status-publish","4":"has-post-thumbnail","6":"product_cat-escalator-step-roller","7":"product_cat-others-brands-parts","9":"first","10":"instock","11":"shipping-taxable","12":"purchasable","13":"product-type-simple"},"_links":{"self":[{"href":"https:\/\/potensilift.com\/pt\/wp-json\/wp\/v2\/product\/3409"}],"collection":[{"href":"https:\/\/potensilift.com\/pt\/wp-json\/wp\/v2\/product"}],"about":[{"href":"https:\/\/potensilift.com\/pt\/wp-json\/wp\/v2\/types\/product"}],"replies":[{"embeddable":true,"href":"https:\/\/potensilift.com\/pt\/wp-json\/wp\/v2\/comments?post=3409"}],"wp:featuredmedia":[{"embeddable":true,"href":"https:\/\/potensilift.com\/pt\/wp-json\/wp\/v2\/media\/3452"}],"wp:attachment":[{"href":"https:\/\/potensilift.com\/pt\/wp-json\/wp\/v2\/media?parent=3409"}],"wp:term":[{"taxonomy":"product_brand","embeddable":true,"href":"https:\/\/potensilift.com\/pt\/wp-json\/wp\/v2\/product_brand?post=3409"},{"taxonomy":"product_cat","embeddable":true,"href":"https:\/\/potensilift.com\/pt\/wp-json\/wp\/v2\/product_cat?post=3409"},{"taxonomy":"product_tag","embeddable":true,"href":"https:\/\/potensilift.com\/pt\/wp-json\/wp\/v2\/product_tag?post=3409"}],"curies":[{"name":"wp","href":"https:\/\/api.w.org\/{rel}","templated":true}]}}