{"id":3374,"date":"2024-12-18T14:54:42","date_gmt":"2024-12-18T14:54:42","guid":{"rendered":"https:\/\/potensilift.com\/?post_type=product&#038;p=3374"},"modified":"2025-03-27T09:31:03","modified_gmt":"2025-03-27T09:31:03","slug":"step-roller-80236204-for-lg","status":"publish","type":"product","link":"https:\/\/potensilift.com\/pt\/produto\/step-roller-80236204-for-lg\/","title":{"rendered":"Rolo de passo 80*23*6204 para LG"},"content":{"rendered":"<p>POTENSI durable Step roller 80*23*6204 delivers outstanding performance for escalators, guaranteeing seamless integration across systems. For long-term reliability, the Step roller 80*23*6204 for LG excels in even the most demanding applications. Whether maintaining Step roller or upgrading specific areas, POTENSI keeps your system at peak efficiency.<\/p>\n<h2>Par\u00e2metros do produto<\/h2>\n<table>\n<tbody>\n<tr>\n<td width=\"355\">Marca<\/td>\n<td width=\"355\">for LG<\/td>\n<\/tr>\n<tr>\n<td width=\"355\">Produtos<\/td>\n<td width=\"355\">Rolo de passo 80*23*6204 para LG<\/td>\n<\/tr>\n<tr>\n<td width=\"355\">Modelo<\/td>\n<td width=\"355\">80*23*6204<\/td>\n<\/tr>\n<tr>\n<td width=\"355\">Local de origem<\/td>\n<td width=\"355\">China<\/td>\n<\/tr>\n<\/tbody>\n<\/table>\n<h2>Porqu\u00ea n\u00f3s<\/h2>\n<p>Potensi provides high-quality Step roller 80*23*6204 for LG, engineered to deliver exceptional reliability and performance for modern elevator systems. As a trusted supplier of Step roller, we offer a wide range of products, including specialized options likeStep roller 80*23*6204, ensuring compatibility with top global brands such as \u00a0<a href=\"https:\/\/potensilift.com\/pt\/categoria-produto\/pecas-de-marcas\/for-mitsubishi\/\"><u>Mitsubishi<\/u><\/a>, <a href=\"https:\/\/potensilift.com\/pt\/categoria-produto\/pecas-de-marcas\/para-otis\/\"><u>Otis<\/u><\/a>, <a href=\"https:\/\/potensilift.com\/pt\/categoria-produto\/pecas-de-marcas\/for-tke-thyssenkrupp\/\"><u>Thyssen<\/u><\/a>, <a href=\"https:\/\/potensilift.com\/pt\/categoria-produto\/pecas-de-marcas\/para-a-hyundai\/\"><u>Hyundai<\/u><\/a>e <a href=\"https:\/\/potensilift.com\/pt\/categoria-produto\/pecas-de-marcas\/pecas-de-outras-marcas\/\"><u>outros<\/u><\/a>. Com um amplo estoque e pre\u00e7os competitivos, a Potensi est\u00e1 pronta para atender \u00e0s suas necessidades. <a href=\"https:\/\/potensilift.com\/pt\/contact\/\"><u>CONTACT katysuha<\/u><\/a>\u00a0hoje - a Potensi espera poder ajud\u00e1-lo a melhorar os seus sistemas de elevadores!<\/p>","protected":false},"excerpt":{"rendered":"<p>Enhance your escalator setup with POTENSI Step roller, designed for high performance and durability. Our Step roller 80*23*6204 for LGis perfect for long-term operation.hh<\/p>","protected":false},"featured_media":3375,"comment_status":"open","ping_status":"closed","template":"","meta":{"_seopress_robots_primary_cat":"none","_seopress_titles_title":"Step roller 80*23*6204 for LG | Easy-to-Maintain Step roller - POTENSI","_seopress_titles_desc":"Simplify your maintenance needs withStep roller 80*23*6204 for LG and Step roller. Easy to install and designed for long-term reliability in escalator systems.","_seopress_robots_index":""},"product_brand":[],"product_cat":[119,135],"product_tag":[],"class_list":{"0":"post-3374","1":"product","2":"type-product","3":"status-publish","4":"has-post-thumbnail","6":"product_cat-escalator-step-roller","7":"product_cat-for-lg-sigma","9":"first","10":"instock","11":"shipping-taxable","12":"purchasable","13":"product-type-simple"},"_links":{"self":[{"href":"https:\/\/potensilift.com\/pt\/wp-json\/wp\/v2\/product\/3374"}],"collection":[{"href":"https:\/\/potensilift.com\/pt\/wp-json\/wp\/v2\/product"}],"about":[{"href":"https:\/\/potensilift.com\/pt\/wp-json\/wp\/v2\/types\/product"}],"replies":[{"embeddable":true,"href":"https:\/\/potensilift.com\/pt\/wp-json\/wp\/v2\/comments?post=3374"}],"wp:featuredmedia":[{"embeddable":true,"href":"https:\/\/potensilift.com\/pt\/wp-json\/wp\/v2\/media\/3375"}],"wp:attachment":[{"href":"https:\/\/potensilift.com\/pt\/wp-json\/wp\/v2\/media?parent=3374"}],"wp:term":[{"taxonomy":"product_brand","embeddable":true,"href":"https:\/\/potensilift.com\/pt\/wp-json\/wp\/v2\/product_brand?post=3374"},{"taxonomy":"product_cat","embeddable":true,"href":"https:\/\/potensilift.com\/pt\/wp-json\/wp\/v2\/product_cat?post=3374"},{"taxonomy":"product_tag","embeddable":true,"href":"https:\/\/potensilift.com\/pt\/wp-json\/wp\/v2\/product_tag?post=3374"}],"curies":[{"name":"wp","href":"https:\/\/api.w.org\/{rel}","templated":true}]}}