{"id":3274,"date":"2024-12-18T03:27:51","date_gmt":"2024-12-18T03:27:51","guid":{"rendered":"https:\/\/potensilift.com\/?post_type=product&#038;p=3274"},"modified":"2025-03-28T01:34:28","modified_gmt":"2025-03-28T01:34:28","slug":"black-rubber-escalator-handrail-indoor-type","status":"publish","type":"product","link":"https:\/\/potensilift.com\/pt\/produto\/black-rubber-escalator-handrail-indoor-type\/","title":{"rendered":"Corrim\u00e3o de borracha preta para escadas rolantes (tipo interior)"},"content":{"rendered":"<p>Melhore o conforto e a seguran\u00e7a do utilizador com o corrim\u00e3o de escada rolante POTENSI. Este corrim\u00e3o de escada rolante em borracha preta de qualidade superior (tipo interior) foi concebido para uma integra\u00e7\u00e3o f\u00e1cil e um funcionamento suave. Quer esteja a melhorar os sistemas gerais de corrim\u00e3o de borracha preta para escadas rolantes ou a concentrar-se em componentes precisos, a POTENSI garante uma solu\u00e7\u00e3o fi\u00e1vel e duradoura para cada configura\u00e7\u00e3o de escada rolante.<\/p>\n<h2>Par\u00e2metros do produto<\/h2>\n<table>\n<tbody>\n<tr>\n<td width=\"355\">Marca<\/td>\n<td width=\"355\">Corrim\u00e3o de escada rolante<\/td>\n<\/tr>\n<tr>\n<td width=\"355\">Produtos<\/td>\n<td width=\"355\">Corrim\u00e3o de borracha preta para escadas rolantes (tipo interior)<\/td>\n<\/tr>\n<tr>\n<td width=\"355\">Modelo<\/td>\n<td width=\"355\">Borracha preta<\/td>\n<\/tr>\n<tr>\n<td width=\"355\">Local de origem<\/td>\n<td width=\"355\">China<\/td>\n<\/tr>\n<\/tbody>\n<\/table>\n<h2>Porqu\u00ea n\u00f3s<\/h2>\n<p>A Potensi fornece corrim\u00e3o de escada rolante de borracha preta de alta qualidade (tipo interior), concebido para proporcionar fiabilidade e desempenho excepcionais aos sistemas de elevadores modernos. Como fornecedor fi\u00e1vel de corrim\u00e3o de escada rolante, oferecemos uma vasta gama de produtos, incluindo op\u00e7\u00f5es especializadas como Corrim\u00e3o de escada rolante de borracha preta, garantindo a compatibilidade com as principais marcas globais, tais como \u00a0<a href=\"https:\/\/potensilift.com\/pt\/categoria-produto\/pecas-de-marcas\/for-mitsubishi\/\"><u>Mitsubishi<\/u><\/a>, <a href=\"https:\/\/potensilift.com\/pt\/categoria-produto\/pecas-de-marcas\/para-otis\/\"><u>Otis<\/u><\/a>, <a href=\"https:\/\/potensilift.com\/pt\/categoria-produto\/pecas-de-marcas\/for-tke-thyssenkrupp\/\"><u>Thyssen<\/u><\/a>, <a href=\"https:\/\/potensilift.com\/pt\/categoria-produto\/pecas-de-marcas\/para-a-hyundai\/\"><u>Hyundai<\/u><\/a>e <a href=\"https:\/\/potensilift.com\/pt\/categoria-produto\/pecas-de-marcas\/pecas-de-outras-marcas\/\"><u>outros<\/u><\/a>. Com um amplo estoque e pre\u00e7os competitivos, a Potensi est\u00e1 pronta para atender \u00e0s suas necessidades. <a href=\"https:\/\/potensilift.com\/pt\/contact\/\"><u>CONTACTO <\/u><u>Verg\u00edlio<\/u><\/a>\u00a0hoje - a Potensi espera poder ajud\u00e1-lo a melhorar os seus sistemas de elevadores!<\/p>","protected":false},"excerpt":{"rendered":"<p>O corrim\u00e3o de borracha preto para escadas rolantes da POTENSI (tipo interior) oferece um desempenho e uma durabilidade excepcionais, concebido para um funcionamento suave e fi\u00e1vel das escadas rolantes. Ideal para corrim\u00e3o de escada rolante.<\/p>","protected":false},"featured_media":3286,"comment_status":"open","ping_status":"closed","template":"","meta":{"_seopress_robots_primary_cat":"none","_seopress_titles_title":"Escalator handrail | Black rubber escalator handrail (indoor type) Deals on Escalator Parts - POTENSI","_seopress_titles_desc":"Looking for Escalator handrail? Get the best deals on Black rubber escalator handrail (indoor type) for escalators and enjoy high-quality parts at the best prices.","_seopress_robots_index":""},"product_brand":[],"product_cat":[113,150],"product_tag":[],"class_list":{"0":"post-3274","1":"product","2":"type-product","3":"status-publish","4":"has-post-thumbnail","6":"product_cat-escalator-handrail-belt","7":"product_cat-others-brands-parts","9":"first","10":"instock","11":"shipping-taxable","12":"purchasable","13":"product-type-simple"},"_links":{"self":[{"href":"https:\/\/potensilift.com\/pt\/wp-json\/wp\/v2\/product\/3274"}],"collection":[{"href":"https:\/\/potensilift.com\/pt\/wp-json\/wp\/v2\/product"}],"about":[{"href":"https:\/\/potensilift.com\/pt\/wp-json\/wp\/v2\/types\/product"}],"replies":[{"embeddable":true,"href":"https:\/\/potensilift.com\/pt\/wp-json\/wp\/v2\/comments?post=3274"}],"wp:featuredmedia":[{"embeddable":true,"href":"https:\/\/potensilift.com\/pt\/wp-json\/wp\/v2\/media\/3286"}],"wp:attachment":[{"href":"https:\/\/potensilift.com\/pt\/wp-json\/wp\/v2\/media?parent=3274"}],"wp:term":[{"taxonomy":"product_brand","embeddable":true,"href":"https:\/\/potensilift.com\/pt\/wp-json\/wp\/v2\/product_brand?post=3274"},{"taxonomy":"product_cat","embeddable":true,"href":"https:\/\/potensilift.com\/pt\/wp-json\/wp\/v2\/product_cat?post=3274"},{"taxonomy":"product_tag","embeddable":true,"href":"https:\/\/potensilift.com\/pt\/wp-json\/wp\/v2\/product_tag?post=3274"}],"curies":[{"name":"wp","href":"https:\/\/api.w.org\/{rel}","templated":true}]}}