{"id":3129,"date":"2024-12-17T07:52:12","date_gmt":"2024-12-17T07:52:12","guid":{"rendered":"https:\/\/potensilift.com\/?post_type=product&#038;p=3129"},"modified":"2025-07-08T03:06:42","modified_gmt":"2025-07-08T03:06:42","slug":"for-thyssenkrupp-escalator-chain-24-sections","status":"publish","type":"product","link":"https:\/\/potensilift.com\/pt\/produto\/for-thyssenkrupp-escalator-chain-24-sections\/","title":{"rendered":"For Thyssenkrupp Escalator chain 24 sections"},"content":{"rendered":"<p>For smooth and safe transitions, POTENSI For Thyssenkrupp Escalator chain 24 sections is your ultimate choice. Designed with user safety in mind, it perfectly complements both standard Escalator chain and advanced For Thyssenkrupp Escalator chain Trust POTENSI to maintain stability and reliability in every step.<\/p>\n<h2>Par\u00e2metros do produto<\/h2>\n<table>\n<tbody>\n<tr>\n<td width=\"284\">Marca<\/td>\n<td width=\"284\">for Thyssenkrupp<\/td>\n<\/tr>\n<tr>\n<td width=\"284\">Produtos<\/td>\n<td style=\"text-align: left;\" width=\"284\">For Thyssenkrupp Escalator chain 24 sections<\/td>\n<\/tr>\n<tr>\n<td width=\"284\">Modelo<\/td>\n<td width=\"284\">24 sections<\/td>\n<\/tr>\n<tr>\n<td width=\"284\">Local de origem<\/td>\n<td width=\"284\">China<\/td>\n<\/tr>\n<\/tbody>\n<\/table>\n<h2>Porqu\u00ea n\u00f3s<\/h2>\n<p>Potensi provides high-quality For Thyssenkrupp Escalator chain 24 sections, engineered to deliver exceptional reliability and performance for modern elevator systems. As a trusted supplier of escalator chain, we offer a wide range of products, including specialized options like For Thyssenkrupp Escalator chain, ensuring compatibility with top global brands such as \u00a0<a href=\"https:\/\/potensilift.com\/pt\/categoria-produto\/pecas-de-marcas\/for-mitsubishi\/\"><u>Mitsubishi<\/u><\/a>, <a href=\"https:\/\/potensilift.com\/pt\/categoria-produto\/pecas-de-marcas\/para-otis\/\"><u>Otis<\/u><\/a>, <a href=\"https:\/\/potensilift.com\/pt\/categoria-produto\/pecas-de-marcas\/for-tke-thyssenkrupp\/\"><u>Thyssen<\/u><\/a>, <a href=\"https:\/\/potensilift.com\/pt\/categoria-produto\/pecas-de-marcas\/para-a-hyundai\/\"><u>Hyundai<\/u><\/a>e <a href=\"https:\/\/potensilift.com\/pt\/categoria-produto\/pecas-de-marcas\/pecas-de-outras-marcas\/\"><u>outros<\/u><\/a>. Com um amplo estoque e pre\u00e7os competitivos, a Potensi est\u00e1 pronta para atender \u00e0s suas necessidades. <a href=\"https:\/\/potensilift.com\/pt\/contact\/\"><u>CONTACTO <\/u><u>Gina<\/u><\/a>\u00a0hoje - a Potensi espera poder ajud\u00e1-lo a melhorar os seus sistemas de elevadores!<\/p>","protected":false},"excerpt":{"rendered":"<p>Enhance your escalator setup with POTENSI Escalator chain, designed for high performance and durability. Our For Thyssenkrupp Escalator chain 24 sections is perfect for long-term operation.<\/p>","protected":false},"featured_media":3130,"comment_status":"open","ping_status":"closed","template":"","meta":{"_seopress_robots_primary_cat":"none","_seopress_titles_title":"For Thyssenkrupp Escalator chain 24 sections | Durable Escalator chain for Heavy Duty Escalators - POTENSI","_seopress_titles_desc":"Shop For Thyssenkrupp Escalator chain 24 sections designed for heavy-duty escalators. Our Escalator chain provides robust solutions for high-performance, long-lasting installations.","_seopress_robots_index":""},"product_brand":[],"product_cat":[129,126],"product_tag":[],"class_list":{"0":"post-3129","1":"product","2":"type-product","3":"status-publish","4":"has-post-thumbnail","6":"product_cat-for-tke-thyssenkrupp","7":"product_cat-others-escalator-parts","9":"first","10":"instock","11":"shipping-taxable","12":"purchasable","13":"product-type-simple"},"_links":{"self":[{"href":"https:\/\/potensilift.com\/pt\/wp-json\/wp\/v2\/product\/3129"}],"collection":[{"href":"https:\/\/potensilift.com\/pt\/wp-json\/wp\/v2\/product"}],"about":[{"href":"https:\/\/potensilift.com\/pt\/wp-json\/wp\/v2\/types\/product"}],"replies":[{"embeddable":true,"href":"https:\/\/potensilift.com\/pt\/wp-json\/wp\/v2\/comments?post=3129"}],"wp:featuredmedia":[{"embeddable":true,"href":"https:\/\/potensilift.com\/pt\/wp-json\/wp\/v2\/media\/3130"}],"wp:attachment":[{"href":"https:\/\/potensilift.com\/pt\/wp-json\/wp\/v2\/media?parent=3129"}],"wp:term":[{"taxonomy":"product_brand","embeddable":true,"href":"https:\/\/potensilift.com\/pt\/wp-json\/wp\/v2\/product_brand?post=3129"},{"taxonomy":"product_cat","embeddable":true,"href":"https:\/\/potensilift.com\/pt\/wp-json\/wp\/v2\/product_cat?post=3129"},{"taxonomy":"product_tag","embeddable":true,"href":"https:\/\/potensilift.com\/pt\/wp-json\/wp\/v2\/product_tag?post=3129"}],"curies":[{"name":"wp","href":"https:\/\/api.w.org\/{rel}","templated":true}]}}