{"id":3118,"date":"2024-12-17T07:36:46","date_gmt":"2024-12-17T07:36:46","guid":{"rendered":"https:\/\/potensilift.com\/?post_type=product&#038;p=3118"},"modified":"2025-03-26T12:58:42","modified_gmt":"2025-03-26T12:58:42","slug":"for-kone-traction-machine-mx18-km728843h01","status":"publish","type":"product","link":"https:\/\/potensilift.com\/pt\/produto\/for-kone-traction-machine-mx18-km728843h01\/","title":{"rendered":"Para m\u00e1quina de tra\u00e7\u00e3o KONE MX18 KM728843H01"},"content":{"rendered":"<p>POTENSI Para a m\u00e1quina de tra\u00e7\u00e3o KONE MX18 KM728843H01 redefine a seguran\u00e7a no funcionamento dos elevadores. Fabricado com materiais de qualidade superior e meticulosamente trabalhado, integra-se perfeitamente na sua m\u00e1quina de tra\u00e7\u00e3o For KONE para garantir uma fiabilidade a longo prazo. Desde actualiza\u00e7\u00f5es gerais da m\u00e1quina de tra\u00e7\u00e3o a aplica\u00e7\u00f5es de seguran\u00e7a espec\u00edficas, as solu\u00e7\u00f5es POTENSI s\u00e3o constru\u00eddas para cumprir e exceder as normas mais rigorosas.<\/p>\n<h2>Par\u00e2metros do produto<\/h2>\n<table>\n<tbody>\n<tr>\n<td width=\"284\">Marca<\/td>\n<td width=\"284\">para Kone<\/td>\n<\/tr>\n<tr>\n<td width=\"284\">Produtos<\/td>\n<td style=\"text-align: left;\" width=\"284\">Para m\u00e1quina de tra\u00e7\u00e3o KONE MX18 KM728843H01<\/td>\n<\/tr>\n<tr>\n<td width=\"284\">Modelo<\/td>\n<td width=\"284\">MX18 KM728843H01<\/td>\n<\/tr>\n<tr>\n<td width=\"284\">Local de origem<\/td>\n<td width=\"284\">China<\/td>\n<\/tr>\n<\/tbody>\n<\/table>\n<h2>Porqu\u00ea n\u00f3s<\/h2>\n<p>A Potensi fornece alta qualidade para a m\u00e1quina de tra\u00e7\u00e3o MX18 KM728843H01 da KONE, concebida para proporcionar uma fiabilidade e desempenho excepcionais aos sistemas de elevadores modernos. Enquanto fornecedor de confian\u00e7a de m\u00e1quinas de tra\u00e7\u00e3o, oferecemos uma vasta gama de produtos, incluindo op\u00e7\u00f5es especializadas como a m\u00e1quina de tra\u00e7\u00e3o For KONE, garantindo a compatibilidade com as principais marcas mundiais, tais como \u00a0<a href=\"https:\/\/potensilift.com\/pt\/categoria-produto\/pecas-de-marcas\/for-mitsubishi\/\"><u>Mitsubishi<\/u><\/a>, <a href=\"https:\/\/potensilift.com\/pt\/categoria-produto\/pecas-de-marcas\/para-otis\/\"><u>Otis<\/u><\/a>, <a href=\"https:\/\/potensilift.com\/pt\/categoria-produto\/pecas-de-marcas\/for-tke-thyssenkrupp\/\"><u>Thyssen<\/u><\/a>, <a href=\"https:\/\/potensilift.com\/pt\/categoria-produto\/pecas-de-marcas\/para-a-hyundai\/\"><u>Hyundai<\/u><\/a>e <a href=\"https:\/\/potensilift.com\/pt\/categoria-produto\/pecas-de-marcas\/pecas-de-outras-marcas\/\"><u>outros<\/u><\/a>. Com um amplo estoque e pre\u00e7os competitivos, a Potensi est\u00e1 pronta para atender \u00e0s suas necessidades. <a href=\"https:\/\/potensilift.com\/pt\/contact\/\"><u>CONTACTO <\/u><u>Gina<\/u><\/a>\u00a0hoje - a Potensi espera poder ajud\u00e1-lo a melhorar os seus sistemas de elevadores!<\/p>","protected":false},"excerpt":{"rendered":"<p>Para obter o m\u00e1ximo desempenho, escolha a m\u00e1quina de tra\u00e7\u00e3o POTENSI, concebida para satisfazer os mais elevados padr\u00f5es da ind\u00fastria. Perfeito para componentes cr\u00edticos para a seguran\u00e7a, como para a m\u00e1quina de tra\u00e7\u00e3o KONE MX18 KM728843H01.<\/p>","protected":false},"featured_media":3120,"comment_status":"open","ping_status":"closed","template":"","meta":{"_seopress_robots_primary_cat":"none","_seopress_titles_title":"For KONE traction machine | Traction machine | Certified Elevator Parts - POTENSI","_seopress_titles_desc":"Shop certified  For KONE traction machine and Traction machine for your elevator system. Safety and reliability guaranteed.","_seopress_robots_index":""},"product_brand":[],"product_cat":[169,128],"product_tag":[],"class_list":{"0":"post-3118","1":"product","2":"type-product","3":"status-publish","4":"has-post-thumbnail","6":"product_cat-elevator-traction-machine","7":"product_cat-for-kone","9":"first","10":"instock","11":"shipping-taxable","12":"purchasable","13":"product-type-simple"},"_links":{"self":[{"href":"https:\/\/potensilift.com\/pt\/wp-json\/wp\/v2\/product\/3118"}],"collection":[{"href":"https:\/\/potensilift.com\/pt\/wp-json\/wp\/v2\/product"}],"about":[{"href":"https:\/\/potensilift.com\/pt\/wp-json\/wp\/v2\/types\/product"}],"replies":[{"embeddable":true,"href":"https:\/\/potensilift.com\/pt\/wp-json\/wp\/v2\/comments?post=3118"}],"wp:featuredmedia":[{"embeddable":true,"href":"https:\/\/potensilift.com\/pt\/wp-json\/wp\/v2\/media\/3120"}],"wp:attachment":[{"href":"https:\/\/potensilift.com\/pt\/wp-json\/wp\/v2\/media?parent=3118"}],"wp:term":[{"taxonomy":"product_brand","embeddable":true,"href":"https:\/\/potensilift.com\/pt\/wp-json\/wp\/v2\/product_brand?post=3118"},{"taxonomy":"product_cat","embeddable":true,"href":"https:\/\/potensilift.com\/pt\/wp-json\/wp\/v2\/product_cat?post=3118"},{"taxonomy":"product_tag","embeddable":true,"href":"https:\/\/potensilift.com\/pt\/wp-json\/wp\/v2\/product_tag?post=3118"}],"curies":[{"name":"wp","href":"https:\/\/api.w.org\/{rel}","templated":true}]}}