{"id":3111,"date":"2024-12-17T07:11:07","date_gmt":"2024-12-17T07:11:07","guid":{"rendered":"https:\/\/potensilift.com\/?post_type=product&#038;p=3111"},"modified":"2025-01-18T06:38:54","modified_gmt":"2025-01-18T06:38:54","slug":"for-memco-light-curtain-e10-18","status":"publish","type":"product","link":"https:\/\/potensilift.com\/pt\/produto\/for-memco-light-curtain-e10-18\/","title":{"rendered":"Para cortina de luz MEMCO E10-18"},"content":{"rendered":"<p>Pretende melhorar o desempenho da sua porta de elevador? A cortina de luz POTENSI For MEMCO combina componentes dur\u00e1veis e engenharia inovadora para garantir opera\u00e7\u00f5es suaves e precisas. Quer necessite de uma cortina de luz fi\u00e1vel para uso geral ou de uma cortina de luz For MEMCO E10-18 avan\u00e7ada para sistemas especializados, a POTENSI oferece o equil\u00edbrio perfeito entre seguran\u00e7a e fiabilidade.<\/p>\n<h2>Par\u00e2metros do produto<\/h2>\n<table>\n<tbody>\n<tr>\n<td width=\"284\">Marca<\/td>\n<td width=\"284\">MEMCO<\/td>\n<\/tr>\n<tr>\n<td width=\"284\">Produtos<\/td>\n<td width=\"284\">Para cortina de luz MEMCO E10-18<\/td>\n<\/tr>\n<tr>\n<td width=\"284\">Modelo<\/td>\n<td width=\"284\">E10-18<\/td>\n<\/tr>\n<tr>\n<td width=\"284\">Local de origem<\/td>\n<td width=\"284\">China<\/td>\n<\/tr>\n<\/tbody>\n<\/table>\n<h2>Porqu\u00ea n\u00f3s<\/h2>\n<p>A Potensi fornece cortina de luz For MEMCO E10-18 de alta qualidade, concebida para proporcionar fiabilidade e desempenho excepcionais aos sistemas de elevadores modernos. Enquanto fornecedor fi\u00e1vel de cortinas de luz, oferecemos uma vasta gama de produtos, incluindo op\u00e7\u00f5es especializadas como a cortina de luz For MEMCO, garantindo a compatibilidade com as principais marcas mundiais, tais como \u00a0<a href=\"https:\/\/potensilift.com\/pt\/categoria-produto\/pecas-de-marcas\/for-mitsubishi\/\"><u>Mitsubishi<\/u><\/a>, <a href=\"https:\/\/potensilift.com\/pt\/categoria-produto\/pecas-de-marcas\/para-otis\/\"><u>Otis<\/u><\/a>, <a href=\"https:\/\/potensilift.com\/pt\/categoria-produto\/pecas-de-marcas\/for-tke-thyssenkrupp\/\"><u>Thyssen<\/u><\/a>, <a href=\"https:\/\/potensilift.com\/pt\/categoria-produto\/pecas-de-marcas\/para-a-hyundai\/\"><u>Hyundai<\/u><\/a>e <a href=\"https:\/\/potensilift.com\/pt\/categoria-produto\/pecas-de-marcas\/pecas-de-outras-marcas\/\"><u>outros<\/u><\/a>. Com um amplo estoque e pre\u00e7os competitivos, a Potensi est\u00e1 pronta para atender \u00e0s suas necessidades. <a href=\"https:\/\/potensilift.com\/pt\/contact\/\"><u>CONTACTO <\/u><u>Gina<\/u><\/a>\u00a0hoje - a Potensi espera poder ajud\u00e1-lo a melhorar os seus sistemas de elevadores!<\/p>","protected":false},"excerpt":{"rendered":"<p>Assegure um funcionamento suave e seguro com a cortina de luz POTENSI, concebida para uma compatibilidade precisa com o seu sistema. A nossa cortina de luz For MEMCO E10-18 oferece um desempenho fi\u00e1vel.<\/p>","protected":false},"featured_media":3113,"comment_status":"open","ping_status":"closed","template":"","meta":{"_seopress_robots_primary_cat":"none","_seopress_titles_title":"Light curtain | For MEMCO light curtain | Elevator Parts with Discounts - POTENSI","_seopress_titles_desc":"Shop light curtain and get discounts on For MEMCO light curtain. Ideal for large-scale elevator projects.","_seopress_robots_index":""},"product_brand":[],"product_cat":[109,150],"product_tag":[],"class_list":{"0":"post-3111","1":"product","2":"type-product","3":"status-publish","4":"has-post-thumbnail","6":"product_cat-others-elevator-parts","7":"product_cat-others-brands-parts","9":"first","10":"instock","11":"shipping-taxable","12":"purchasable","13":"product-type-simple"},"_links":{"self":[{"href":"https:\/\/potensilift.com\/pt\/wp-json\/wp\/v2\/product\/3111"}],"collection":[{"href":"https:\/\/potensilift.com\/pt\/wp-json\/wp\/v2\/product"}],"about":[{"href":"https:\/\/potensilift.com\/pt\/wp-json\/wp\/v2\/types\/product"}],"replies":[{"embeddable":true,"href":"https:\/\/potensilift.com\/pt\/wp-json\/wp\/v2\/comments?post=3111"}],"wp:featuredmedia":[{"embeddable":true,"href":"https:\/\/potensilift.com\/pt\/wp-json\/wp\/v2\/media\/3113"}],"wp:attachment":[{"href":"https:\/\/potensilift.com\/pt\/wp-json\/wp\/v2\/media?parent=3111"}],"wp:term":[{"taxonomy":"product_brand","embeddable":true,"href":"https:\/\/potensilift.com\/pt\/wp-json\/wp\/v2\/product_brand?post=3111"},{"taxonomy":"product_cat","embeddable":true,"href":"https:\/\/potensilift.com\/pt\/wp-json\/wp\/v2\/product_cat?post=3111"},{"taxonomy":"product_tag","embeddable":true,"href":"https:\/\/potensilift.com\/pt\/wp-json\/wp\/v2\/product_tag?post=3111"}],"curies":[{"name":"wp","href":"https:\/\/api.w.org\/{rel}","templated":true}]}}