{"id":3021,"date":"2024-12-16T11:05:37","date_gmt":"2024-12-16T11:05:37","guid":{"rendered":"https:\/\/potensilift.com\/?post_type=product&#038;p=3021"},"modified":"2025-03-27T09:31:05","modified_gmt":"2025-03-27T09:31:05","slug":"step-roller-76256204-2rs-for-hyundai","status":"publish","type":"product","link":"https:\/\/potensilift.com\/pt\/produto\/step-roller-76256204-2rs-for-hyundai\/","title":{"rendered":"Rolo de passo 76*25*6204-2RS para Hyundai"},"content":{"rendered":"<p>For smooth and safe transitions, POTENSI Hyundai step roller 76*25*6204-2RS is your ultimate choice. Designed with user safety in mind, it perfectly complements both standard roller and advanced Hyundai step roller. Trust POTENSI to maintain stability and reliability in every step.<\/p>\n<h2>Par\u00e2metros do produto<\/h2>\n<table>\n<tbody>\n<tr>\n<td width=\"355\">Marca<\/td>\n<td width=\"355\">use for Hyundai<\/td>\n<\/tr>\n<tr>\n<td width=\"355\">Produtos<\/td>\n<td width=\"355\">Rolo de passo 76*25*6204-2RS para Hyundai<\/td>\n<\/tr>\n<tr>\n<td width=\"355\">Modelo<\/td>\n<td width=\"355\">76*25*6204-2RS<\/td>\n<\/tr>\n<tr>\n<td width=\"355\">Local de origem<\/td>\n<td width=\"355\">China<\/td>\n<\/tr>\n<\/tbody>\n<\/table>\n<h2>Porqu\u00ea n\u00f3s<\/h2>\n<p>Potensi provides high-quality roller 76*Step25*6204-2RS for Hyundai, engineered to deliver exceptional reliability and performance for modern elevator systems. As a trusted supplier of Step roller, we offer a wide range of products, including specialized options like step roller 76*25*6204-2RS, ensuring compatibility with top global brands such as \u00a0<a href=\"https:\/\/potensilift.com\/pt\/categoria-produto\/pecas-de-marcas\/for-mitsubishi\/\"><u>Mitsubishi<\/u><\/a>, <a href=\"https:\/\/potensilift.com\/pt\/categoria-produto\/pecas-de-marcas\/para-otis\/\"><u>Otis<\/u><\/a>, <a href=\"https:\/\/potensilift.com\/pt\/categoria-produto\/pecas-de-marcas\/for-tke-thyssenkrupp\/\"><u>Thyssen<\/u><\/a>, <a href=\"https:\/\/potensilift.com\/pt\/categoria-produto\/pecas-de-marcas\/para-a-hyundai\/\"><u>Hyundai<\/u><\/a>e <a href=\"https:\/\/potensilift.com\/pt\/categoria-produto\/pecas-de-marcas\/pecas-de-outras-marcas\/\"><u>outros<\/u><\/a>. Com um amplo estoque e pre\u00e7os competitivos, a Potensi est\u00e1 pronta para atender \u00e0s suas necessidades. <a href=\"https:\/\/potensilift.com\/pt\/contact\/\"><u>CONTACTO <\/u><u>katysuha<\/u><\/a>\u00a0hoje - a Potensi espera poder ajud\u00e1-lo a melhorar os seus sistemas de elevadores!<\/p>","protected":false},"excerpt":{"rendered":"<p>POTENSI roller Step roller 76*25*6204-2RS for Hyundai for Hyundai offers outstanding performance and durability, engineered for smooth and reliable escalator operation. Ideal for Step roller<\/p>","protected":false},"featured_media":3022,"comment_status":"open","ping_status":"closed","template":"","meta":{"_seopress_robots_primary_cat":"none","_seopress_titles_title":"step roller 76*25*6204-2RS for Hyundai | Easy-to-Maintain step roller - POTENSI","_seopress_titles_desc":"Simplify your maintenance needs withstep roller 76*25*6204-2RS for Hyundai and  step roller. Easy to install and designed for long-term reliability in escalator systems.","_seopress_robots_index":""},"product_brand":[],"product_cat":[119,134],"product_tag":[],"class_list":{"0":"post-3021","1":"product","2":"type-product","3":"status-publish","4":"has-post-thumbnail","6":"product_cat-escalator-step-roller","7":"product_cat-for-hyundai","9":"first","10":"instock","11":"shipping-taxable","12":"purchasable","13":"product-type-simple"},"_links":{"self":[{"href":"https:\/\/potensilift.com\/pt\/wp-json\/wp\/v2\/product\/3021"}],"collection":[{"href":"https:\/\/potensilift.com\/pt\/wp-json\/wp\/v2\/product"}],"about":[{"href":"https:\/\/potensilift.com\/pt\/wp-json\/wp\/v2\/types\/product"}],"replies":[{"embeddable":true,"href":"https:\/\/potensilift.com\/pt\/wp-json\/wp\/v2\/comments?post=3021"}],"wp:featuredmedia":[{"embeddable":true,"href":"https:\/\/potensilift.com\/pt\/wp-json\/wp\/v2\/media\/3022"}],"wp:attachment":[{"href":"https:\/\/potensilift.com\/pt\/wp-json\/wp\/v2\/media?parent=3021"}],"wp:term":[{"taxonomy":"product_brand","embeddable":true,"href":"https:\/\/potensilift.com\/pt\/wp-json\/wp\/v2\/product_brand?post=3021"},{"taxonomy":"product_cat","embeddable":true,"href":"https:\/\/potensilift.com\/pt\/wp-json\/wp\/v2\/product_cat?post=3021"},{"taxonomy":"product_tag","embeddable":true,"href":"https:\/\/potensilift.com\/pt\/wp-json\/wp\/v2\/product_tag?post=3021"}],"curies":[{"name":"wp","href":"https:\/\/api.w.org\/{rel}","templated":true}]}}