{"id":2925,"date":"2024-12-16T05:55:18","date_gmt":"2024-12-16T05:55:18","guid":{"rendered":"https:\/\/potensilift.com\/?post_type=product&#038;p=2925"},"modified":"2025-04-03T09:41:59","modified_gmt":"2025-04-03T09:41:59","slug":"for-otis-door-motor-at-120-faa24350bl1-made-in-china","status":"publish","type":"product","link":"https:\/\/potensilift.com\/pt\/produto\/for-otis-door-motor-at-120-faa24350bl1-made-in-china\/","title":{"rendered":"para motor de porta otis AT-120 FAA24350BL1 (fabricado na China)"},"content":{"rendered":"<p>Quer melhorar o desempenho da sua porta de elevador? O motor para portas otis da POTENSI combina componentes dur\u00e1veis e engenharia inovadora para garantir opera\u00e7\u00f5es suaves e precisas. Quer necessite de um motor de porta fi\u00e1vel para uso geral ou de um avan\u00e7ado motor de porta otis AT-120 FAA24350BL1 (fabricado na China) para sistemas especializados, a POTENSI oferece o equil\u00edbrio perfeito entre seguran\u00e7a e fiabilidade. Tamb\u00e9m fornecemos o\u00a0<strong data-start=\"383\" data-end=\"400\">Fabricado na Alemanha<\/strong> vers\u00e3o<span style=\"color: #3366ff;\"><strong> <a style=\"color: #3366ff;\" href=\"https:\/\/potensilift.com\/pt\/produto\/para-motor-de-porta-otis-a-120-faa24350bl1\/\">FAA24350BL1<\/a><\/strong><\/span>.<\/p>\n<h2>Par\u00e2metros do produto<\/h2>\n<table>\n<tbody>\n<tr>\n<td width=\"284\">Marca<\/td>\n<td width=\"284\">para otis<\/td>\n<\/tr>\n<tr>\n<td width=\"284\">Produtos<\/td>\n<td width=\"284\">para motor de porta otis AT-120 FAA24350BL1 (fabricado na China)<\/td>\n<\/tr>\n<tr>\n<td width=\"284\">Modelo<\/td>\n<td width=\"284\">AT-120 FAA24350BL1<\/td>\n<\/tr>\n<tr>\n<td width=\"284\">Local de origem<\/td>\n<td width=\"284\">China<\/td>\n<\/tr>\n<\/tbody>\n<\/table>\n<h2>Porqu\u00ea n\u00f3s<\/h2>\n<p>A Potensi fornece alta qualidade para motor de porta otis AT-120 FAA24350BL1 (fabricado na China), concebido para proporcionar fiabilidade e desempenho excepcionais para sistemas de elevadores modernos. Como fornecedor fi\u00e1vel de motor de porta, oferecemos uma vasta gama de produtos, incluindo op\u00e7\u00f5es especializadas como para motor de porta otis, garantindo a compatibilidade com as principais marcas globais, tais como \u00a0<a href=\"https:\/\/potensilift.com\/pt\/categoria-produto\/pecas-de-marcas\/for-mitsubishi\/\"><u>Mitsubishi<\/u><\/a>, <a href=\"https:\/\/potensilift.com\/pt\/categoria-produto\/pecas-de-marcas\/para-otis\/\"><u>Otis<\/u><\/a>, <a href=\"https:\/\/potensilift.com\/pt\/categoria-produto\/pecas-de-marcas\/for-tke-thyssenkrupp\/\"><u>Thyssen<\/u><\/a>, <a href=\"https:\/\/potensilift.com\/pt\/categoria-produto\/pecas-de-marcas\/para-a-hyundai\/\"><u>Hyundai<\/u><\/a>e <a href=\"https:\/\/potensilift.com\/pt\/categoria-produto\/pecas-de-marcas\/pecas-de-outras-marcas\/\"><u>outros<\/u><\/a>. Com um amplo estoque e pre\u00e7os competitivos, a Potensi est\u00e1 pronta para atender \u00e0s suas necessidades. <a href=\"https:\/\/potensilift.com\/pt\/contact\/\"><u>CONTACTO zoe<\/u><\/a>\u00a0hoje - a Potensi espera poder ajud\u00e1-lo a melhorar os seus sistemas de elevadores!<\/p>","protected":false},"excerpt":{"rendered":"<p>Garanta uma opera\u00e7\u00e3o suave e segura com o motor de porta POTENSI, criado para uma compatibilidade precisa com o seu sistema. O nosso motor para portas otis AT-120 FAA24350BL1 \uff08fabricado na China\uff09 oferece um desempenho fi\u00e1vel.<\/p>","protected":false},"featured_media":5830,"comment_status":"open","ping_status":"closed","template":"","meta":{"_seopress_robots_primary_cat":"none","_seopress_titles_title":"door motor | for otis door motor | Elevator Parts with Discounts - POTENSI","_seopress_titles_desc":"Shop door motorand get discounts onfor otis door motor. Ideal for large-scale elevator projects.","_seopress_robots_index":""},"product_brand":[],"product_cat":[168,127],"product_tag":[],"class_list":{"0":"post-2925","1":"product","2":"type-product","3":"status-publish","4":"has-post-thumbnail","6":"product_cat-elevator-door-motor","7":"product_cat-for-otis","9":"first","10":"instock","11":"shipping-taxable","12":"purchasable","13":"product-type-simple"},"_links":{"self":[{"href":"https:\/\/potensilift.com\/pt\/wp-json\/wp\/v2\/product\/2925"}],"collection":[{"href":"https:\/\/potensilift.com\/pt\/wp-json\/wp\/v2\/product"}],"about":[{"href":"https:\/\/potensilift.com\/pt\/wp-json\/wp\/v2\/types\/product"}],"replies":[{"embeddable":true,"href":"https:\/\/potensilift.com\/pt\/wp-json\/wp\/v2\/comments?post=2925"}],"wp:featuredmedia":[{"embeddable":true,"href":"https:\/\/potensilift.com\/pt\/wp-json\/wp\/v2\/media\/5830"}],"wp:attachment":[{"href":"https:\/\/potensilift.com\/pt\/wp-json\/wp\/v2\/media?parent=2925"}],"wp:term":[{"taxonomy":"product_brand","embeddable":true,"href":"https:\/\/potensilift.com\/pt\/wp-json\/wp\/v2\/product_brand?post=2925"},{"taxonomy":"product_cat","embeddable":true,"href":"https:\/\/potensilift.com\/pt\/wp-json\/wp\/v2\/product_cat?post=2925"},{"taxonomy":"product_tag","embeddable":true,"href":"https:\/\/potensilift.com\/pt\/wp-json\/wp\/v2\/product_tag?post=2925"}],"curies":[{"name":"wp","href":"https:\/\/api.w.org\/{rel}","templated":true}]}}