{"id":2898,"date":"2024-12-16T03:28:19","date_gmt":"2024-12-16T03:28:19","guid":{"rendered":"https:\/\/potensilift.com\/?post_type=product&#038;p=2898"},"modified":"2025-03-26T13:11:31","modified_gmt":"2025-03-26T13:11:31","slug":"for-kone-semperit-rubber-handrail-belt-grey","status":"publish","type":"product","link":"https:\/\/potensilift.com\/pt\/produto\/for-kone-semperit-rubber-handrail-belt-grey\/","title":{"rendered":"Para cinto de borracha para corrim\u00e3o KONE Semperit (cinzento)"},"content":{"rendered":"<p>Upgrade user comfort and safety with POTENSI escalator handrail belt. This premium For KONE Semperit rubber handrail belt (grey) is crafted for easy integration and smooth operation. Whether you\u2019re enhancing general For KONE Semperit rubber handrail belt\u00a0systems or focusing on precise components, POTENSI ensures a reliable, long-lasting solution for every escalator setup.<\/p>\n<h2>Par\u00e2metros do produto<\/h2>\n<table>\n<tbody>\n<tr>\n<td width=\"284\">Marca<\/td>\n<td width=\"284\">para Kone<\/td>\n<\/tr>\n<tr>\n<td width=\"284\">Produtos<\/td>\n<td width=\"284\">Para cinto de borracha para corrim\u00e3o KONE Semperit (cinzento)<\/td>\n<\/tr>\n<tr>\n<td width=\"284\">Modelo<\/td>\n<td width=\"284\">Semperit rubber handrail belt (grey)<\/td>\n<\/tr>\n<tr>\n<td width=\"284\">Local de origem<\/td>\n<td width=\"284\">China<\/td>\n<\/tr>\n<\/tbody>\n<\/table>\n<h2>Porqu\u00ea n\u00f3s<\/h2>\n<p>Potensi provides high-quality For KONE Semperit rubber handrail belt (grey), engineered to deliver exceptional reliability and performance for modern elevator systems. As a trusted supplier of escalator handrail belt, we offer a wide range of products, including specialized options like For KONE Semperit rubber handrail belt , ensuring compatibility with top global brands such as \u00a0<a href=\"https:\/\/potensilift.com\/pt\/categoria-produto\/pecas-de-marcas\/for-mitsubishi\/\"><u>Mitsubishi<\/u><\/a>, <a href=\"https:\/\/potensilift.com\/pt\/categoria-produto\/pecas-de-marcas\/para-otis\/\"><u>Otis<\/u><\/a>, <a href=\"https:\/\/potensilift.com\/pt\/categoria-produto\/pecas-de-marcas\/for-tke-thyssenkrupp\/\"><u>Thyssen<\/u><\/a>, <a href=\"https:\/\/potensilift.com\/pt\/categoria-produto\/pecas-de-marcas\/para-a-hyundai\/\"><u>Hyundai<\/u><\/a>e <a href=\"https:\/\/potensilift.com\/pt\/categoria-produto\/pecas-de-marcas\/pecas-de-outras-marcas\/\"><u>outros<\/u><\/a>. Com um amplo estoque e pre\u00e7os competitivos, a Potensi est\u00e1 pronta para atender \u00e0s suas necessidades. <a href=\"https:\/\/potensilift.com\/pt\/contact\/\"><u>CONTACTO zoe<\/u><\/a>\u00a0hoje - a Potensi espera poder ajud\u00e1-lo a melhorar os seus sistemas de elevadores!<\/p>","protected":false},"excerpt":{"rendered":"<p>POTENSI For KONE Semperit rubber handrail belt (grey) offers outstanding performance and durability, engineered for smooth and reliable escalator operation. Ideal for rubber handrail belt<\/p>","protected":false},"featured_media":3424,"comment_status":"open","ping_status":"closed","template":"","meta":{"_seopress_robots_primary_cat":"none","_seopress_titles_title":"For KONE Semperit rubber handrail belt | rubber handrail belt Solutions for Escalators - POTENSI","_seopress_titles_desc":"Shop for [For KONE Semperit rubber handrail belt, providing the best rubber handrail belt options to ensure smooth and efficient escalator operation.","_seopress_robots_index":""},"product_brand":[],"product_cat":[113,128],"product_tag":[],"class_list":{"0":"post-2898","1":"product","2":"type-product","3":"status-publish","4":"has-post-thumbnail","6":"product_cat-escalator-handrail-belt","7":"product_cat-for-kone","9":"first","10":"instock","11":"shipping-taxable","12":"purchasable","13":"product-type-simple"},"_links":{"self":[{"href":"https:\/\/potensilift.com\/pt\/wp-json\/wp\/v2\/product\/2898"}],"collection":[{"href":"https:\/\/potensilift.com\/pt\/wp-json\/wp\/v2\/product"}],"about":[{"href":"https:\/\/potensilift.com\/pt\/wp-json\/wp\/v2\/types\/product"}],"replies":[{"embeddable":true,"href":"https:\/\/potensilift.com\/pt\/wp-json\/wp\/v2\/comments?post=2898"}],"wp:featuredmedia":[{"embeddable":true,"href":"https:\/\/potensilift.com\/pt\/wp-json\/wp\/v2\/media\/3424"}],"wp:attachment":[{"href":"https:\/\/potensilift.com\/pt\/wp-json\/wp\/v2\/media?parent=2898"}],"wp:term":[{"taxonomy":"product_brand","embeddable":true,"href":"https:\/\/potensilift.com\/pt\/wp-json\/wp\/v2\/product_brand?post=2898"},{"taxonomy":"product_cat","embeddable":true,"href":"https:\/\/potensilift.com\/pt\/wp-json\/wp\/v2\/product_cat?post=2898"},{"taxonomy":"product_tag","embeddable":true,"href":"https:\/\/potensilift.com\/pt\/wp-json\/wp\/v2\/product_tag?post=2898"}],"curies":[{"name":"wp","href":"https:\/\/api.w.org\/{rel}","templated":true}]}}