{"id":2819,"date":"2024-12-13T10:02:52","date_gmt":"2024-12-13T10:02:52","guid":{"rendered":"https:\/\/potensilift.com\/?post_type=product&#038;p=2819"},"modified":"2025-06-10T14:05:16","modified_gmt":"2025-06-10T14:05:16","slug":"para-controlador-de-porta-de-fermentador-vf7-rele","status":"publish","type":"product","link":"https:\/\/potensilift.com\/pt\/produto\/para-controlador-de-porta-de-fermentador-vf7-rele\/","title":{"rendered":"Para o controlador de porta Fermator VF7+ RELAY"},"content":{"rendered":"<p>POTENSI avan\u00e7ado <strong>Controlador da porta do fermentador<\/strong> foi concebido para otimizar o desempenho do elevador. Constru\u00eddo com tecnologia de ponta e constru\u00e7\u00e3o robusta, este <strong>Acionamento de porta Fermator VF7+ REL\u00c9<\/strong> assegura uma compatibilidade perfeita e a m\u00e1xima efici\u00eancia operacional. Desde a melhoria da gest\u00e3o global do sistema at\u00e9 ao aperfei\u00e7oamento de <strong>controlador de porta<\/strong>As solu\u00e7\u00f5es POTENSI s\u00e3o dur\u00e1veis, f\u00e1ceis de utilizar e constru\u00eddas para o futuro.<\/p>\n<h2>Par\u00e2metros do produto<\/h2>\n<table>\n<tbody>\n<tr>\n<td width=\"284\">Marca<\/td>\n<td width=\"284\">para Fermator<\/td>\n<\/tr>\n<tr>\n<td width=\"284\">Produtos<\/td>\n<td width=\"284\">Controlador da porta do elevador VF7+ REL\u00c9<\/td>\n<\/tr>\n<tr>\n<td width=\"284\">Modelo<\/td>\n<td width=\"284\">VF7+ REL\u00c9<\/td>\n<\/tr>\n<tr>\n<td width=\"284\">Local de origem<\/td>\n<td width=\"284\">China<\/td>\n<\/tr>\n<\/tbody>\n<\/table>\n<h2>Porqu\u00ea n\u00f3s<\/h2>\n<p>A Potensi fornece controlador de porta For Fermator VF7+ RELAY de alta qualidade, concebido para proporcionar fiabilidade e desempenho excepcionais aos sistemas de elevadores modernos. Enquanto fornecedor fi\u00e1vel de controlador de porta, oferecemos uma vasta gama de produtos, incluindo op\u00e7\u00f5es especializadas como o controlador de porta For Fermator, garantindo a compatibilidade com as principais marcas mundiais, tais como \u00a0<a href=\"https:\/\/potensilift.com\/pt\/categoria-produto\/pecas-de-marcas\/for-mitsubishi\/\"><u>Mitsubishi<\/u><\/a>, <a href=\"https:\/\/potensilift.com\/pt\/categoria-produto\/pecas-de-marcas\/para-otis\/\"><u>Otis<\/u><\/a>, <a href=\"https:\/\/potensilift.com\/pt\/categoria-produto\/pecas-de-marcas\/for-tke-thyssenkrupp\/\"><u>Thyssen<\/u><\/a>, <a href=\"https:\/\/potensilift.com\/pt\/categoria-produto\/pecas-de-marcas\/para-a-hyundai\/\"><u>Hyundai<\/u><\/a>e <a href=\"https:\/\/potensilift.com\/pt\/categoria-produto\/pecas-de-marcas\/pecas-de-outras-marcas\/\"><u>outros<\/u><\/a>. Com um amplo estoque e pre\u00e7os competitivos, a Potensi est\u00e1 pronta para atender \u00e0s suas necessidades. <a href=\"https:\/\/potensilift.com\/pt\/contact\/\"><u>CONTACTO <\/u><u>Gina<\/u><\/a>\u00a0hoje - a Potensi espera poder ajud\u00e1-lo a melhorar os seus sistemas de elevadores!<\/p>","protected":false},"excerpt":{"rendered":"<p>Actualize o seu sistema de elevadores com o controlador de porta POTENSI For Fermator, concebido para uma integra\u00e7\u00e3o perfeita e um desempenho excecional. O nosso controlador de porta garante uma efici\u00eancia a longo prazo.<\/p>","protected":false},"featured_media":6590,"comment_status":"open","ping_status":"closed","template":"","meta":{"_seopress_robots_primary_cat":"none","_seopress_titles_title":"Door controller | For Fermator door controller | Quality Elevator Parts - POTENSI","_seopress_titles_desc":"Explore a range of door controller with high-quality For Fermator door controller. Perfect for maintaining peak elevator performance.","_seopress_robots_index":""},"product_brand":[],"product_cat":[166,150],"product_tag":[],"class_list":{"0":"post-2819","1":"product","2":"type-product","3":"status-publish","4":"has-post-thumbnail","6":"product_cat-elevator-door-controller","7":"product_cat-others-brands-parts","9":"first","10":"instock","11":"shipping-taxable","12":"purchasable","13":"product-type-simple"},"_links":{"self":[{"href":"https:\/\/potensilift.com\/pt\/wp-json\/wp\/v2\/product\/2819"}],"collection":[{"href":"https:\/\/potensilift.com\/pt\/wp-json\/wp\/v2\/product"}],"about":[{"href":"https:\/\/potensilift.com\/pt\/wp-json\/wp\/v2\/types\/product"}],"replies":[{"embeddable":true,"href":"https:\/\/potensilift.com\/pt\/wp-json\/wp\/v2\/comments?post=2819"}],"wp:featuredmedia":[{"embeddable":true,"href":"https:\/\/potensilift.com\/pt\/wp-json\/wp\/v2\/media\/6590"}],"wp:attachment":[{"href":"https:\/\/potensilift.com\/pt\/wp-json\/wp\/v2\/media?parent=2819"}],"wp:term":[{"taxonomy":"product_brand","embeddable":true,"href":"https:\/\/potensilift.com\/pt\/wp-json\/wp\/v2\/product_brand?post=2819"},{"taxonomy":"product_cat","embeddable":true,"href":"https:\/\/potensilift.com\/pt\/wp-json\/wp\/v2\/product_cat?post=2819"},{"taxonomy":"product_tag","embeddable":true,"href":"https:\/\/potensilift.com\/pt\/wp-json\/wp\/v2\/product_tag?post=2819"}],"curies":[{"name":"wp","href":"https:\/\/api.w.org\/{rel}","templated":true}]}}