{"id":2814,"date":"2024-12-13T09:54:45","date_gmt":"2024-12-13T09:54:45","guid":{"rendered":"https:\/\/potensilift.com\/?post_type=product&#038;p=2814"},"modified":"2025-03-25T09:48:50","modified_gmt":"2025-03-25T09:48:50","slug":"for-kone-step-roller-7523-56204-2rs","status":"publish","type":"product","link":"https:\/\/potensilift.com\/pt\/produto\/for-kone-step-roller-7523-56204-2rs\/","title":{"rendered":"Para rolo de passo Kone 75*23,5*6204-2RS"},"content":{"rendered":"<p>POTENSI For Kone step roller elegante e duradouro combina um design moderno com carater\u00edsticas de seguran\u00e7a inigual\u00e1veis. Ideal para atualizar o rolo de escada ou introduzir componentes especializados como o rolo de escada For Kone 75*23,5*6204-2RS, esta solu\u00e7\u00e3o \u00e9 t\u00e3o funcional como visualmente apelativa. Eleve o estilo e a seguran\u00e7a com a POTENSI hoje mesmo.<\/p>\n<h2>Par\u00e2metros do produto<\/h2>\n<table>\n<tbody>\n<tr>\n<td width=\"284\">Marca<\/td>\n<td width=\"284\">para Kone<\/td>\n<\/tr>\n<tr>\n<td width=\"284\">Produtos<\/td>\n<td width=\"284\">Para rolo de passo Kone 75*23,5*6204-2RS<\/td>\n<\/tr>\n<tr>\n<td width=\"284\">Modelo<\/td>\n<td width=\"284\">75*23,5*6204-2RS<\/td>\n<\/tr>\n<tr>\n<td width=\"284\">Local de origem<\/td>\n<td width=\"284\">China<\/td>\n<\/tr>\n<\/tbody>\n<\/table>\n<h2>Porqu\u00ea n\u00f3s<\/h2>\n<p>A Potensi fornece rolo de passo For Kone 75*23.5*6204-2RS de alta qualidade, concebido para proporcionar fiabilidade e desempenho excepcionais aos sistemas de elevadores modernos. Como fornecedor fi\u00e1vel de rolo de escada, oferecemos uma vasta gama de produtos, incluindo op\u00e7\u00f5es especializadas como o rolo de escada For Kone, garantindo a compatibilidade com as principais marcas mundiais, tais como \u00a0<a href=\"https:\/\/potensilift.com\/pt\/categoria-produto\/pecas-de-marcas\/for-mitsubishi\/\"><u>Mitsubishi<\/u><\/a>, <a href=\"https:\/\/potensilift.com\/pt\/categoria-produto\/pecas-de-marcas\/para-otis\/\"><u>Otis<\/u><\/a>, <a href=\"https:\/\/potensilift.com\/pt\/categoria-produto\/pecas-de-marcas\/for-tke-thyssenkrupp\/\"><u>Thyssen<\/u><\/a>, <a href=\"https:\/\/potensilift.com\/pt\/categoria-produto\/pecas-de-marcas\/para-a-hyundai\/\"><u>Hyundai<\/u><\/a>e <a href=\"https:\/\/potensilift.com\/pt\/categoria-produto\/pecas-de-marcas\/pecas-de-outras-marcas\/\"><u>outros<\/u><\/a>. Com um amplo estoque e pre\u00e7os competitivos, a Potensi est\u00e1 pronta para atender \u00e0s suas necessidades. <a href=\"https:\/\/potensilift.com\/pt\/contact\/\"><u>CONTACTO <\/u><u>Gina<\/u><\/a>\u00a0hoje - a Potensi espera poder ajud\u00e1-lo a melhorar os seus sistemas de elevadores!<\/p>","protected":false},"excerpt":{"rendered":"<p>Para uma fiabilidade duradoura, escolha POTENSI For Kone step roller 75*23.5*6204-2RS. Concebidos para uma montagem precisa e um funcionamento suave, s\u00e3o perfeitos para o rolo de escada.<\/p>","protected":false},"featured_media":2815,"comment_status":"open","ping_status":"closed","template":"","meta":{"_seopress_robots_primary_cat":"none","_seopress_titles_title":"For Kone step roller 75*23.5*6204-2RS | High-Quality step roller - POTENSI","_seopress_titles_desc":"Discover For Kone step roller 75*23.5*6204-2RS for escalators, designed for durability and performance. Our premium step roller ensures safety and reliability in every installation.","_seopress_robots_index":""},"product_brand":[],"product_cat":[119,128],"product_tag":[],"class_list":{"0":"post-2814","1":"product","2":"type-product","3":"status-publish","4":"has-post-thumbnail","6":"product_cat-escalator-step-roller","7":"product_cat-for-kone","9":"first","10":"instock","11":"shipping-taxable","12":"purchasable","13":"product-type-simple"},"_links":{"self":[{"href":"https:\/\/potensilift.com\/pt\/wp-json\/wp\/v2\/product\/2814"}],"collection":[{"href":"https:\/\/potensilift.com\/pt\/wp-json\/wp\/v2\/product"}],"about":[{"href":"https:\/\/potensilift.com\/pt\/wp-json\/wp\/v2\/types\/product"}],"replies":[{"embeddable":true,"href":"https:\/\/potensilift.com\/pt\/wp-json\/wp\/v2\/comments?post=2814"}],"wp:featuredmedia":[{"embeddable":true,"href":"https:\/\/potensilift.com\/pt\/wp-json\/wp\/v2\/media\/2815"}],"wp:attachment":[{"href":"https:\/\/potensilift.com\/pt\/wp-json\/wp\/v2\/media?parent=2814"}],"wp:term":[{"taxonomy":"product_brand","embeddable":true,"href":"https:\/\/potensilift.com\/pt\/wp-json\/wp\/v2\/product_brand?post=2814"},{"taxonomy":"product_cat","embeddable":true,"href":"https:\/\/potensilift.com\/pt\/wp-json\/wp\/v2\/product_cat?post=2814"},{"taxonomy":"product_tag","embeddable":true,"href":"https:\/\/potensilift.com\/pt\/wp-json\/wp\/v2\/product_tag?post=2814"}],"curies":[{"name":"wp","href":"https:\/\/api.w.org\/{rel}","templated":true}]}}