{"id":2709,"date":"2024-12-13T06:41:50","date_gmt":"2024-12-13T06:41:50","guid":{"rendered":"https:\/\/potensilift.com\/?post_type=product&#038;p=2709"},"modified":"2025-03-25T06:07:00","modified_gmt":"2025-03-25T06:07:00","slug":"for-mitsubishi-step-roller-76256202-2","status":"publish","type":"product","link":"https:\/\/potensilift.com\/pt\/produto\/for-mitsubishi-step-roller-76256202-2\/","title":{"rendered":"Para Mitsubishi Step Roller 76*25*6202"},"content":{"rendered":"<p>Para transi\u00e7\u00f5es suaves e seguras, o Step Roller 76*25*6202 Mitsubishi da POTENSI \u00e9 a sua melhor escolha. Concebido a pensar na seguran\u00e7a do utilizador, complementa na perfei\u00e7\u00e3o tanto o Step Roller standard como os avan\u00e7ados sistemas Mitsubishi Step Roller. Confie na POTENSI para manter a estabilidade e a fiabilidade em cada passo.<\/p>\n<h2>Par\u00e2metros do produto<\/h2>\n<table>\n<tbody>\n<tr>\n<td width=\"284\">Marca<\/td>\n<td width=\"284\">Para Mitsubishi<\/td>\n<\/tr>\n<tr>\n<td width=\"284\">Produtos<\/td>\n<td width=\"284\">Para Mitsubishi Step Roller 76*25*6202<\/td>\n<\/tr>\n<tr>\n<td width=\"284\">Modelo<\/td>\n<td width=\"284\">76*25*6202<\/td>\n<\/tr>\n<tr>\n<td width=\"284\">Local de origem<\/td>\n<td width=\"284\">China<\/td>\n<\/tr>\n<\/tbody>\n<\/table>\n<h2>Porqu\u00ea n\u00f3s<\/h2>\n<p>A Potensi fornece For Mitsubishi Step Roller 76*25*6202 de alta qualidade, concebido para proporcionar uma fiabilidade e desempenho excepcionais aos sistemas de elevadores modernos. Como fornecedor fi\u00e1vel de Step Roller, oferecemos uma vasta gama de produtos, incluindo op\u00e7\u00f5es especializadas como For Mitsubishi Step Roller , assegurando a compatibilidade com as principais marcas mundiais, tais como \u00a0<a href=\"https:\/\/potensilift.com\/pt\/categoria-produto\/pecas-de-marcas\/for-mitsubishi\/\"><u>Mitsubishi<\/u><\/a>, <a href=\"https:\/\/potensilift.com\/pt\/categoria-produto\/pecas-de-marcas\/para-otis\/\"><u>Otis<\/u><\/a>, <a href=\"https:\/\/potensilift.com\/pt\/categoria-produto\/pecas-de-marcas\/for-tke-thyssenkrupp\/\"><u>Thyssen<\/u><\/a>, <a href=\"https:\/\/potensilift.com\/pt\/categoria-produto\/pecas-de-marcas\/para-a-hyundai\/\"><u>Hyundai<\/u><\/a>e <a href=\"https:\/\/potensilift.com\/pt\/categoria-produto\/pecas-de-marcas\/pecas-de-outras-marcas\/\"><u>outros<\/u><\/a>. Com um amplo estoque e pre\u00e7os competitivos, a Potensi est\u00e1 pronta para atender \u00e0s suas necessidades. <a href=\"https:\/\/potensilift.com\/pt\/contact\/\"><u>CONTACTO <\/u><u>Mica<\/u><\/a>\u00a0hoje - a Potensi espera poder ajud\u00e1-lo a melhorar os seus sistemas de elevadores!<\/p>","protected":false},"excerpt":{"rendered":"<p>Concebido para uma utiliza\u00e7\u00e3o a longo prazo, o Step Roller da POTENSI garante uma qualidade superior e um desempenho consistente. O nosso rolo de escada For Mitsubishi 76*25*6202 \u00e9 ideal para uma durabilidade duradoura.<\/p>","protected":false},"featured_media":2712,"comment_status":"open","ping_status":"closed","template":"","meta":{"_seopress_robots_primary_cat":"none","_seopress_titles_title":"For Mitsubishi Step Roller | 2024 High-Performance Step Roller for Escalator Systems - POTENSI","_seopress_titles_desc":"Optimize your escalator system with For Mitsubishi Step Roller  and premium Step Roller. Designed for efficiency and long-lasting performance.","_seopress_robots_index":""},"product_brand":[],"product_cat":[119,130],"product_tag":[],"class_list":{"0":"post-2709","1":"product","2":"type-product","3":"status-publish","4":"has-post-thumbnail","6":"product_cat-escalator-step-roller","7":"product_cat-for-mitsubishi","9":"first","10":"instock","11":"shipping-taxable","12":"purchasable","13":"product-type-simple"},"_links":{"self":[{"href":"https:\/\/potensilift.com\/pt\/wp-json\/wp\/v2\/product\/2709"}],"collection":[{"href":"https:\/\/potensilift.com\/pt\/wp-json\/wp\/v2\/product"}],"about":[{"href":"https:\/\/potensilift.com\/pt\/wp-json\/wp\/v2\/types\/product"}],"replies":[{"embeddable":true,"href":"https:\/\/potensilift.com\/pt\/wp-json\/wp\/v2\/comments?post=2709"}],"wp:featuredmedia":[{"embeddable":true,"href":"https:\/\/potensilift.com\/pt\/wp-json\/wp\/v2\/media\/2712"}],"wp:attachment":[{"href":"https:\/\/potensilift.com\/pt\/wp-json\/wp\/v2\/media?parent=2709"}],"wp:term":[{"taxonomy":"product_brand","embeddable":true,"href":"https:\/\/potensilift.com\/pt\/wp-json\/wp\/v2\/product_brand?post=2709"},{"taxonomy":"product_cat","embeddable":true,"href":"https:\/\/potensilift.com\/pt\/wp-json\/wp\/v2\/product_cat?post=2709"},{"taxonomy":"product_tag","embeddable":true,"href":"https:\/\/potensilift.com\/pt\/wp-json\/wp\/v2\/product_tag?post=2709"}],"curies":[{"name":"wp","href":"https:\/\/api.w.org\/{rel}","templated":true}]}}