{"id":2656,"date":"2024-12-12T05:30:09","date_gmt":"2024-12-12T05:30:09","guid":{"rendered":"https:\/\/potensilift.com\/?post_type=product&#038;p=2656"},"modified":"2025-11-25T03:22:44","modified_gmt":"2025-11-25T03:22:44","slug":"ferramenta-de-teste-de-elevador-gaa21750ak3-para-otis","status":"publish","type":"product","link":"https:\/\/potensilift.com\/pt\/produto\/ferramenta-de-teste-de-elevador-gaa21750ak3-para-otis\/","title":{"rendered":"Ferramenta de teste do elevador GAA21750AK3 para OTIS"},"content":{"rendered":"<p>A ferramenta avan\u00e7ada de teste de elevadores POTENSI para OTIS foi concebida para otimizar o desempenho dos elevadores. Constru\u00edda com tecnologia de ponta e constru\u00e7\u00e3o robusta, esta ferramenta de teste de elevador GAA21750AK3 para OTIS garante uma compatibilidade perfeita e a m\u00e1xima efici\u00eancia operacional. Desde a melhoria da gest\u00e3o global do sistema at\u00e9 ao aperfei\u00e7oamento de uma ferramenta de teste espec\u00edfica para elevadores, as solu\u00e7\u00f5es POTENSI s\u00e3o duradouras, f\u00e1ceis de utilizar e concebidas para o futuro.<\/p>\n<h2>Par\u00e2metros do produto<\/h2>\n<table style=\"height: 219px;\" width=\"866\">\n<tbody>\n<tr>\n<td width=\"213\">Marca<\/td>\n<td width=\"213\">para OTIS<\/td>\n<\/tr>\n<tr>\n<td width=\"213\">Produtos<\/td>\n<td width=\"213\">Ferramenta de teste do elevador GAA21750AK3 para OTIS<\/td>\n<\/tr>\n<tr>\n<td width=\"213\">Modelo<\/td>\n<td width=\"213\">GAA21750AK3<\/td>\n<\/tr>\n<tr>\n<td width=\"213\">Local de origem<\/td>\n<td width=\"213\">China<\/td>\n<\/tr>\n<\/tbody>\n<\/table>\n<h2>Porqu\u00ea n\u00f3s<\/h2>\n<p>A Potensi fornece a ferramenta de teste de elevador GAA21750AK3 para OTIS de alta qualidade, concebida para proporcionar uma fiabilidade e desempenho excepcionais aos sistemas de elevadores modernos. Como fornecedor de confian\u00e7a de Ferramenta de teste de elevador, oferecemos uma vasta gama de produtos, incluindo op\u00e7\u00f5es especializadas como Ferramenta de teste de elevador para OTIS, garantindo a compatibilidade com as principais marcas globais, tais como \u00a0<a href=\"https:\/\/potensilift.com\/pt\/categoria-produto\/pecas-de-marcas\/for-mitsubishi\/\"><u>Mitsubishi<\/u><\/a>, <a href=\"https:\/\/potensilift.com\/pt\/categoria-produto\/pecas-de-marcas\/para-otis\/\"><u>Otis<\/u><\/a>, <a href=\"https:\/\/potensilift.com\/pt\/categoria-produto\/pecas-de-marcas\/for-tke-thyssenkrupp\/\"><u>Thyssen<\/u><\/a>, <a href=\"https:\/\/potensilift.com\/pt\/categoria-produto\/pecas-de-marcas\/para-a-hyundai\/\"><u>Hyundai<\/u><\/a>e <a href=\"https:\/\/potensilift.com\/pt\/categoria-produto\/pecas-de-marcas\/pecas-de-outras-marcas\/\"><u>outros<\/u><\/a>. Com um amplo estoque e pre\u00e7os competitivos, a Potensi est\u00e1 pronta para atender \u00e0s suas necessidades. <a href=\"https:\/\/potensilift.com\/pt\/contact\/\"><u>Contacto Esther<\/u><\/a>\u00a0hoje - a Potensi espera poder ajud\u00e1-lo a melhorar os seus sistemas de elevadores!<\/p>","protected":false},"excerpt":{"rendered":"<p>Para obter o m\u00e1ximo desempenho, escolha a ferramenta de teste para elevadores da POTENSI, concebida para satisfazer os mais elevados padr\u00f5es da ind\u00fastria. Perfeita para componentes cr\u00edticos para a seguran\u00e7a, como a ferramenta de teste para elevadores GAA21750AK3 para OTIS.<\/p>","protected":false},"featured_media":2662,"comment_status":"open","ping_status":"closed","template":"","meta":{"_seopress_robots_primary_cat":"none","_seopress_titles_title":"Elevator test tool GAA21750AK3 for OTIS | Quality Elevator Parts - POTENSI","_seopress_titles_desc":"Explore a range of Elevator test tool with high-quality Elevator test tool for OTIS. Perfect for maintaining peak elevator performance.","_seopress_robots_index":""},"product_brand":[],"product_cat":[127,109],"product_tag":[],"class_list":{"0":"post-2656","1":"product","2":"type-product","3":"status-publish","4":"has-post-thumbnail","6":"product_cat-for-otis","7":"product_cat-others-elevator-parts","9":"first","10":"instock","11":"sale","12":"shipping-taxable","13":"purchasable","14":"product-type-simple"},"_links":{"self":[{"href":"https:\/\/potensilift.com\/pt\/wp-json\/wp\/v2\/product\/2656"}],"collection":[{"href":"https:\/\/potensilift.com\/pt\/wp-json\/wp\/v2\/product"}],"about":[{"href":"https:\/\/potensilift.com\/pt\/wp-json\/wp\/v2\/types\/product"}],"replies":[{"embeddable":true,"href":"https:\/\/potensilift.com\/pt\/wp-json\/wp\/v2\/comments?post=2656"}],"wp:featuredmedia":[{"embeddable":true,"href":"https:\/\/potensilift.com\/pt\/wp-json\/wp\/v2\/media\/2662"}],"wp:attachment":[{"href":"https:\/\/potensilift.com\/pt\/wp-json\/wp\/v2\/media?parent=2656"}],"wp:term":[{"taxonomy":"product_brand","embeddable":true,"href":"https:\/\/potensilift.com\/pt\/wp-json\/wp\/v2\/product_brand?post=2656"},{"taxonomy":"product_cat","embeddable":true,"href":"https:\/\/potensilift.com\/pt\/wp-json\/wp\/v2\/product_cat?post=2656"},{"taxonomy":"product_tag","embeddable":true,"href":"https:\/\/potensilift.com\/pt\/wp-json\/wp\/v2\/product_tag?post=2656"}],"curies":[{"name":"wp","href":"https:\/\/api.w.org\/{rel}","templated":true}]}}