{"id":2626,"date":"2024-12-10T07:02:37","date_gmt":"2024-12-10T07:02:37","guid":{"rendered":"https:\/\/potensilift.com\/?post_type=product&#038;p=2626"},"modified":"2025-09-11T00:50:39","modified_gmt":"2025-09-11T00:50:39","slug":"inversor-de-porta-de-elevador-aad03011dk-para-panasonic","status":"publish","type":"product","link":"https:\/\/potensilift.com\/pt\/produto\/inversor-de-porta-de-elevador-aad03011dk-para-panasonic\/","title":{"rendered":"Inversor de porta de elevador AAD03011DK para Panasonic"},"content":{"rendered":"<p>Experimente seguran\u00e7a e efici\u00eancia inigual\u00e1veis com o inversor de porta de elevador POTENSI. Concebido com materiais de primeira qualidade, este inversor de porta de elevador AAD03011DK para Panasonic garante um funcionamento preciso e uma integra\u00e7\u00e3o sem esfor\u00e7o no seu sistema de elevador. Quer necessite de um inversor de porta de elevador fi\u00e1vel para a Panasonic para ambientes de elevada procura ou de uma melhoria de seguran\u00e7a personalizada, confie na POTENSI para oferecer uma qualidade e um desempenho excepcionais.<\/p>\n<h2>Par\u00e2metros do produto<\/h2>\n<table style=\"height: 226px;\" width=\"862\">\n<tbody>\n<tr>\n<td width=\"213\">Marca<\/td>\n<td width=\"213\">para Panasonic<\/td>\n<\/tr>\n<tr>\n<td width=\"213\">Produtos<\/td>\n<td width=\"213\">Inversor de porta de elevador AAD03011DK para Panasonic<\/td>\n<\/tr>\n<tr>\n<td width=\"213\">Modelo<\/td>\n<td width=\"213\">AAD03011DK<\/td>\n<\/tr>\n<tr>\n<td width=\"213\">Local de origem<\/td>\n<td width=\"213\">China<\/td>\n<\/tr>\n<\/tbody>\n<\/table>\n<h2>Porqu\u00ea n\u00f3s<\/h2>\n<p>A Potensi fornece inversor de porta de elevador AAD03011DK para Panasonic de alta qualidade, concebido para proporcionar fiabilidade e desempenho excepcionais aos sistemas de elevadores modernos. Enquanto fornecedor de confian\u00e7a de Inversor de porta de elevador, oferecemos uma vasta gama de produtos, incluindo op\u00e7\u00f5es especializadas como Inversor de porta de elevador para Panasonic, garantindo a compatibilidade com as principais marcas mundiais, tais como \u00a0<a href=\"https:\/\/potensilift.com\/pt\/categoria-produto\/pecas-de-marcas\/for-mitsubishi\/\"><u>Mitsubishi<\/u><\/a>, <a href=\"https:\/\/potensilift.com\/pt\/categoria-produto\/pecas-de-marcas\/para-otis\/\"><u>Otis<\/u><\/a>, <a href=\"https:\/\/potensilift.com\/pt\/categoria-produto\/pecas-de-marcas\/for-tke-thyssenkrupp\/\"><u>Thyssen<\/u><\/a>, <a href=\"https:\/\/potensilift.com\/pt\/categoria-produto\/pecas-de-marcas\/para-a-hyundai\/\"><u>Hyundai<\/u><\/a>e <a href=\"https:\/\/potensilift.com\/pt\/categoria-produto\/pecas-de-marcas\/pecas-de-outras-marcas\/\"><u>outros<\/u><\/a>. Com um amplo estoque e pre\u00e7os competitivos, a Potensi est\u00e1 pronta para atender \u00e0s suas necessidades. <a href=\"https:\/\/potensilift.com\/pt\/contact\/\"><u>Contacto Esther<\/u><\/a>\u00a0hoje - a Potensi espera poder ajud\u00e1-lo a melhorar os seus sistemas de elevadores!<\/p>","protected":false},"excerpt":{"rendered":"<p>Assegure um funcionamento suave e seguro com o inversor de porta de elevador POTENSI, concebido para uma compatibilidade precisa com o seu sistema. O nosso inversor de porta de elevador AAD03011DK para Panasonic oferece um desempenho fi\u00e1vel.<\/p>","protected":false},"featured_media":2632,"comment_status":"open","ping_status":"closed","template":"","meta":{"_seopress_robots_primary_cat":"none","_seopress_titles_title":"Elevator door inverter | Elevator Parts with Discounts - POTENSI","_seopress_titles_desc":"Shop Elevator door inverter and get discounts on Elevator door inverter for Panasonic. Ideal for large-scale elevator projects.","_seopress_robots_index":""},"product_brand":[],"product_cat":[160,150],"product_tag":[],"class_list":{"0":"post-2626","1":"product","2":"type-product","3":"status-publish","4":"has-post-thumbnail","6":"product_cat-elevator-inverter","7":"product_cat-others-brands-parts","9":"first","10":"instock","11":"sale","12":"shipping-taxable","13":"purchasable","14":"product-type-simple"},"_links":{"self":[{"href":"https:\/\/potensilift.com\/pt\/wp-json\/wp\/v2\/product\/2626"}],"collection":[{"href":"https:\/\/potensilift.com\/pt\/wp-json\/wp\/v2\/product"}],"about":[{"href":"https:\/\/potensilift.com\/pt\/wp-json\/wp\/v2\/types\/product"}],"replies":[{"embeddable":true,"href":"https:\/\/potensilift.com\/pt\/wp-json\/wp\/v2\/comments?post=2626"}],"wp:featuredmedia":[{"embeddable":true,"href":"https:\/\/potensilift.com\/pt\/wp-json\/wp\/v2\/media\/2632"}],"wp:attachment":[{"href":"https:\/\/potensilift.com\/pt\/wp-json\/wp\/v2\/media?parent=2626"}],"wp:term":[{"taxonomy":"product_brand","embeddable":true,"href":"https:\/\/potensilift.com\/pt\/wp-json\/wp\/v2\/product_brand?post=2626"},{"taxonomy":"product_cat","embeddable":true,"href":"https:\/\/potensilift.com\/pt\/wp-json\/wp\/v2\/product_cat?post=2626"},{"taxonomy":"product_tag","embeddable":true,"href":"https:\/\/potensilift.com\/pt\/wp-json\/wp\/v2\/product_tag?post=2626"}],"curies":[{"name":"wp","href":"https:\/\/api.w.org\/{rel}","templated":true}]}}