{"id":2619,"date":"2024-12-10T06:18:07","date_gmt":"2024-12-10T06:18:07","guid":{"rendered":"https:\/\/potensilift.com\/?post_type=product&#038;p=2619"},"modified":"2025-09-22T06:59:20","modified_gmt":"2025-09-22T06:59:20","slug":"controlador-de-porta-nice-d-a-sop4-para-monarch","status":"publish","type":"product","link":"https:\/\/potensilift.com\/pt\/produto\/controlador-de-porta-nice-d-a-sop4-para-monarch\/","title":{"rendered":"Controlador de porta NICE-D-A-SOP4 para Monarch"},"content":{"rendered":"<p>O controlador de portas POTENSI NICE-D-A-SOP4 para Monarch \u00e9 a chave para manter uma experi\u00eancia de elevador suave e est\u00e1vel. Concebida com precis\u00e3o e fabricada com materiais de alta qualidade, esta solu\u00e7\u00e3o integra-se perfeitamente no seu sistema, garantindo um desempenho a longo prazo. Quer esteja a atualizar o Controlador de Porta ou a procurar melhorias espec\u00edficas como o Controlador de Porta para o Monarch, a POTENSI fornece solu\u00e7\u00f5es fi\u00e1veis e f\u00e1ceis de instalar. Aumente a estabilidade com confian\u00e7a hoje mesmo.<\/p>\n<h2>Par\u00e2metros do produto<\/h2>\n<table style=\"height: 231px;\" width=\"850\">\n<tbody>\n<tr>\n<td width=\"213\">Marca<\/td>\n<td width=\"213\">para Monarch<\/td>\n<\/tr>\n<tr>\n<td width=\"213\">Produtos<\/td>\n<td width=\"213\">Controlador de porta NICE-D-A-SOP4 para Monarch<\/td>\n<\/tr>\n<tr>\n<td width=\"213\">Modelo<\/td>\n<td width=\"213\">NICE-D-A-SOP4<\/td>\n<\/tr>\n<tr>\n<td width=\"213\">Local de origem<\/td>\n<td width=\"213\">Alemanha ou China<\/td>\n<\/tr>\n<\/tbody>\n<\/table>\n<h2>Porqu\u00ea n\u00f3s<\/h2>\n<p>A Potensi fornece Controlador de Porta NICE-D-A-SOP4 para Monarch de alta qualidade, concebido para proporcionar fiabilidade e desempenho excepcionais aos sistemas de elevadores modernos. Enquanto fornecedor de confian\u00e7a de Controlador de porta, oferecemos uma vasta gama de produtos, incluindo op\u00e7\u00f5es especializadas como Controlador de porta para Monarch, garantindo a compatibilidade com as principais marcas mundiais, tais como \u00a0<a href=\"https:\/\/potensilift.com\/pt\/categoria-produto\/pecas-de-marcas\/for-mitsubishi\/\"><u>Mitsubishi<\/u><\/a>, <a href=\"https:\/\/potensilift.com\/pt\/categoria-produto\/pecas-de-marcas\/para-otis\/\"><u>Otis<\/u><\/a>, <a href=\"https:\/\/potensilift.com\/pt\/categoria-produto\/pecas-de-marcas\/for-tke-thyssenkrupp\/\"><u>Thyssen<\/u><\/a>, <a href=\"https:\/\/potensilift.com\/pt\/categoria-produto\/pecas-de-marcas\/para-a-hyundai\/\"><u>Hyundai<\/u><\/a>e <a href=\"https:\/\/potensilift.com\/pt\/categoria-produto\/pecas-de-marcas\/pecas-de-outras-marcas\/\"><u>outros<\/u><\/a>. Com um amplo estoque e pre\u00e7os competitivos, a Potensi est\u00e1 pronta para atender \u00e0s suas necessidades. <a href=\"https:\/\/potensilift.com\/pt\/contact\/\"><u>Contacto Esther<\/u><\/a>\u00a0hoje - a Potensi espera poder ajud\u00e1-lo a melhorar os seus sistemas de elevadores!<\/p>","protected":false},"excerpt":{"rendered":"<p>O controlador de portas POTENSI proporciona fiabilidade e precis\u00e3o duradouras, tornando-o a solu\u00e7\u00e3o ideal para o bom funcionamento do elevador. Perfeito para aplica\u00e7\u00f5es como o comando de porta NICE-D-A-SOP4 para Monarch.<\/p>","protected":false},"featured_media":2623,"comment_status":"open","ping_status":"closed","template":"","meta":{"_seopress_robots_primary_cat":"none","_seopress_titles_title":"Door Controller NICE-D-A-SOP4 for Monarch | 2024 Best Elevator Components - POTENSI","_seopress_titles_desc":"Find high-quality Door Controller for Monarch parts and Door Controller for elevators. Reliable, long-lasting components.","_seopress_robots_index":""},"product_brand":[],"product_cat":[166,140],"product_tag":[],"class_list":{"0":"post-2619","1":"product","2":"type-product","3":"status-publish","4":"has-post-thumbnail","6":"product_cat-elevator-door-controller","7":"product_cat-for-monarch","9":"first","10":"instock","11":"sale","12":"shipping-taxable","13":"purchasable","14":"product-type-simple"},"_links":{"self":[{"href":"https:\/\/potensilift.com\/pt\/wp-json\/wp\/v2\/product\/2619"}],"collection":[{"href":"https:\/\/potensilift.com\/pt\/wp-json\/wp\/v2\/product"}],"about":[{"href":"https:\/\/potensilift.com\/pt\/wp-json\/wp\/v2\/types\/product"}],"replies":[{"embeddable":true,"href":"https:\/\/potensilift.com\/pt\/wp-json\/wp\/v2\/comments?post=2619"}],"wp:featuredmedia":[{"embeddable":true,"href":"https:\/\/potensilift.com\/pt\/wp-json\/wp\/v2\/media\/2623"}],"wp:attachment":[{"href":"https:\/\/potensilift.com\/pt\/wp-json\/wp\/v2\/media?parent=2619"}],"wp:term":[{"taxonomy":"product_brand","embeddable":true,"href":"https:\/\/potensilift.com\/pt\/wp-json\/wp\/v2\/product_brand?post=2619"},{"taxonomy":"product_cat","embeddable":true,"href":"https:\/\/potensilift.com\/pt\/wp-json\/wp\/v2\/product_cat?post=2619"},{"taxonomy":"product_tag","embeddable":true,"href":"https:\/\/potensilift.com\/pt\/wp-json\/wp\/v2\/product_tag?post=2619"}],"curies":[{"name":"wp","href":"https:\/\/api.w.org\/{rel}","templated":true}]}}