{"id":2220,"date":"2024-11-30T10:58:52","date_gmt":"2024-11-30T10:58:52","guid":{"rendered":"https:\/\/potensilift.com\/?page_id=2220"},"modified":"2024-12-18T09:54:32","modified_gmt":"2024-12-18T09:54:32","slug":"escalator-modernization","status":"publish","type":"page","link":"https:\/\/potensilift.com\/pt\/escalator-modernization\/","title":{"rendered":"Moderniza\u00e7\u00e3o de escadas rolantes"},"content":{"rendered":"<div data-elementor-type=\"wp-page\" data-elementor-id=\"2220\" class=\"elementor elementor-2220\" data-elementor-post-type=\"page\">\n\t\t\t\t\t\t<section class=\"elementor-section elementor-top-section elementor-element elementor-element-4b609af elementor-section-boxed elementor-section-height-default elementor-section-height-default\" data-id=\"4b609af\" data-element_type=\"section\" data-e-type=\"section\" data-settings=\"{&quot;background_background&quot;:&quot;classic&quot;,&quot;ekit_has_onepagescroll_dot&quot;:&quot;yes&quot;}\">\n\t\t\t\t\t\t\t<div class=\"elementor-background-overlay\"><\/div>\n\t\t\t\t\t\t\t<div class=\"elementor-container elementor-column-gap-default\">\n\t\t\t\t\t<div class=\"elementor-column elementor-col-100 elementor-top-column elementor-element elementor-element-191f3ac\" data-id=\"191f3ac\" data-element_type=\"column\" data-e-type=\"column\">\n\t\t\t<div class=\"elementor-widget-wrap elementor-element-populated\">\n\t\t\t\t\t\t<div class=\"elementor-element elementor-element-82f3fda elementor-widget elementor-widget-heading\" data-id=\"82f3fda\" data-element_type=\"widget\" data-e-type=\"widget\" data-settings=\"{&quot;ekit_we_effect_on&quot;:&quot;none&quot;}\" data-widget_type=\"heading.default\">\n\t\t\t\t<div class=\"elementor-widget-container\">\n\t\t\t\t\t<h1 class=\"elementor-heading-title elementor-size-default\">Moderniza\u00e7\u00e3o de escadas rolantes<\/h1>\t\t\t\t<\/div>\n\t\t\t\t<\/div>\n\t\t\t\t<div class=\"elementor-element elementor-element-11787b1 elementor-widget elementor-widget-woocommerce-breadcrumb\" data-id=\"11787b1\" data-element_type=\"widget\" data-e-type=\"widget\" data-settings=\"{&quot;ekit_we_effect_on&quot;:&quot;none&quot;}\" data-widget_type=\"woocommerce-breadcrumb.default\">\n\t\t\t\t<div class=\"elementor-widget-container\">\n\t\t\t\t\t<nav class=\"woocommerce-breadcrumb\" aria-label=\"Breadcrumb\" data-no-translation=\"\" data-trp-gettext=\"\">In\u00edcio<\/nav>\t\t\t\t<\/div>\n\t\t\t\t<\/div>\n\t\t\t\t\t<\/div>\n\t\t<\/div>\n\t\t\t\t\t<\/div>\n\t\t<\/section>\n\t\t<div class=\"elementor-element elementor-element-dc89260 e-flex e-con-boxed e-con e-parent\" data-id=\"dc89260\" data-element_type=\"container\" data-e-type=\"container\" data-settings=\"{&quot;background_background&quot;:&quot;classic&quot;,&quot;ekit_has_onepagescroll_dot&quot;:&quot;yes&quot;}\">\n\t\t\t\t\t<div class=\"e-con-inner\">\n\t\t\t\t<div class=\"elementor-element elementor-element-f70a6e3 elementor-widget elementor-widget-elementskit-heading\" data-id=\"f70a6e3\" data-element_type=\"widget\" data-e-type=\"widget\" data-settings=\"{&quot;ekit_we_effect_on&quot;:&quot;none&quot;}\" data-widget_type=\"elementskit-heading.default\">\n\t\t\t\t<div class=\"elementor-widget-container\">\n\t\t\t\t\t<div class=\"ekit-wid-con\" ><div class=\"ekit-heading elementskit-section-title-wraper text_center   ekit_heading_tablet-   ekit_heading_mobile-\"><h2 class=\"ekit-heading--title elementskit-section-title\">Porqu\u00ea escolher a POTENSI para  <span><span>Moderniza\u00e7\u00e3o de escadas rolantes<\/span><\/span>\uff1f<\/h2><div class=\"ekit_heading_separetor_wraper ekit_heading_elementskit-border-divider ekit-dotted\"><div class=\"elementskit-border-divider ekit-dotted\"><\/div><\/div><\/div><\/div>\t\t\t\t<\/div>\n\t\t\t\t<\/div>\n\t\t\t\t<div class=\"elementor-element elementor-element-b2a63be elementor-widget elementor-widget-text-editor\" data-id=\"b2a63be\" data-element_type=\"widget\" data-e-type=\"widget\" data-settings=\"{&quot;ekit_we_effect_on&quot;:&quot;none&quot;}\" data-widget_type=\"text-editor.default\">\n\t\t\t\t<div class=\"elementor-widget-container\">\n\t\t\t\t\t\t\t\t\t<p>A sua escada rolante est\u00e1 constantemente a avariar, causando longas esperas ou levantando problemas de seguran\u00e7a? Est\u00e1 na altura de se modernizar com a POTENSI. Experimente uma melhoria significativa no desempenho, seguran\u00e7a e efici\u00eancia.<\/p>\t\t\t\t\t\t\t\t<\/div>\n\t\t\t\t<\/div>\n\t\t\t\t\t<\/div>\n\t\t\t\t<\/div>\n\t\t<div class=\"elementor-element elementor-element-e5151f2 e-flex e-con-boxed e-con e-parent\" data-id=\"e5151f2\" data-element_type=\"container\" data-e-type=\"container\" data-settings=\"{&quot;background_background&quot;:&quot;classic&quot;,&quot;ekit_has_onepagescroll_dot&quot;:&quot;yes&quot;}\">\n\t\t\t\t\t<div class=\"e-con-inner\">\n\t\t<div class=\"elementor-element elementor-element-9e64240 e-con-full e-flex e-con e-child\" data-id=\"9e64240\" data-element_type=\"container\" data-e-type=\"container\" data-settings=\"{&quot;ekit_has_onepagescroll_dot&quot;:&quot;yes&quot;}\">\n\t\t\t\t<div class=\"elementor-element elementor-element-0fe35fa ekit-equal-height-disable elementor-widget elementor-widget-elementskit-icon-box\" data-id=\"0fe35fa\" data-element_type=\"widget\" data-e-type=\"widget\" data-settings=\"{&quot;ekit_we_effect_on&quot;:&quot;none&quot;}\" data-widget_type=\"elementskit-icon-box.default\">\n\t\t\t\t<div class=\"elementor-widget-container\">\n\t\t\t\t\t<div class=\"ekit-wid-con\" >        <!-- link opening -->\n                <!-- end link opening -->\n\n        <div class=\"elementskit-infobox text-left text-left icon-lef-right-aligin elementor-animation- media\">\n                    <div class=\"elementskit-box-header elementor-animation-\">\n                <div class=\"elementskit-info-box-icon  text-center\">\n                    <i aria-hidden=\"true\" class=\"elementkit-infobox-icon icon icon-star\"><\/i>\n                <\/div>\n          <\/div>\n                        <div class=\"box-body\">\n                            <h3 class=\"elementskit-info-box-title\">\n                    Desempenho superior                <\/h3>\n                        \t\t  \t<p>O nosso processo de moderniza\u00e7\u00e3o d\u00e1 uma nova vida \u00e0 sua escada rolante. Diga adeus \u00e0s longas esperas e \u00e0s avarias frequentes. Actualizamos componentes cruciais para uma viagem suave e fi\u00e1vel.<\/p>\n                                <\/div>\n        \n        \n                <\/div>\n        <\/div>\t\t\t\t<\/div>\n\t\t\t\t<\/div>\n\t\t\t\t<div class=\"elementor-element elementor-element-e94fba2 ekit-equal-height-disable elementor-widget elementor-widget-elementskit-icon-box\" data-id=\"e94fba2\" data-element_type=\"widget\" data-e-type=\"widget\" data-settings=\"{&quot;ekit_we_effect_on&quot;:&quot;none&quot;}\" data-widget_type=\"elementskit-icon-box.default\">\n\t\t\t\t<div class=\"elementor-widget-container\">\n\t\t\t\t\t<div class=\"ekit-wid-con\" >        <!-- link opening -->\n                <!-- end link opening -->\n\n        <div class=\"elementskit-infobox text- text-left icon-lef-right-aligin elementor-animation- media\">\n                    <div class=\"elementskit-box-header elementor-animation-\">\n                <div class=\"elementskit-info-box-icon  text-center\">\n                    <i aria-hidden=\"true\" class=\"elementkit-infobox-icon icon icon-pencil_art\"><\/i>\n                <\/div>\n          <\/div>\n                        <div class=\"box-body\">\n                            <h3 class=\"elementskit-info-box-title\">\n                    Designs com estilo                <\/h3>\n                        \t\t  \t<p>As nossas moderniza\u00e7\u00f5es de design transformam a sua escada rolante num elemento arquitet\u00f3nico. Combinamos na perfei\u00e7\u00e3o com o design interior do seu edif\u00edcio, melhorando a sua est\u00e9tica.<\/p>\n                                <\/div>\n        \n        \n                <\/div>\n        <\/div>\t\t\t\t<\/div>\n\t\t\t\t<\/div>\n\t\t\t\t<div class=\"elementor-element elementor-element-8ccf50b ekit-equal-height-disable elementor-widget elementor-widget-elementskit-icon-box\" data-id=\"8ccf50b\" data-element_type=\"widget\" data-e-type=\"widget\" data-settings=\"{&quot;ekit_we_effect_on&quot;:&quot;none&quot;}\" data-widget_type=\"elementskit-icon-box.default\">\n\t\t\t\t<div class=\"elementor-widget-container\">\n\t\t\t\t\t<div class=\"ekit-wid-con\" >        <!-- link opening -->\n                <!-- end link opening -->\n\n        <div class=\"elementskit-infobox text- text-left icon-lef-right-aligin elementor-animation- media\">\n                    <div class=\"elementskit-box-header elementor-animation-\">\n                <div class=\"elementskit-info-box-icon  text-center\">\n                    <i aria-hidden=\"true\" class=\"elementkit-infobox-icon icon icon-customer-support\"><\/i>\n                <\/div>\n          <\/div>\n                        <div class=\"box-body\">\n                            <h3 class=\"elementskit-info-box-title\">\n                    Pe\u00e7as de qualidade                <\/h3>\n                        \t\t  \t<p>As nossas pe\u00e7as incluem: <a style=\"color: #000000;text-decoration: underline\" href=\"https:\/\/potensilift.com\/pt\/categoria-produto\/escalator-parts\/escalator-handrail-belt\/\">Cinto de corrim\u00e3o de escada rolante<\/a>, <a style=\"color: #000000;text-decoration: underline\" href=\"https:\/\/potensilift.com\/pt\/categoria-produto\/escalator-parts\/escalator-step-and-pallet\/\">Degrau de escada rolante ou palete<\/a>, <a style=\"color: #000000;text-decoration: underline\" href=\"https:\/\/potensilift.com\/pt\/categoria-produto\/escalator-parts\/escalator-step-chain\/\">Corrente para degraus de escada rolante<\/a>, <a style=\"color: #000000;text-decoration: underline\" href=\"https:\/\/potensilift.com\/pt\/categoria-produto\/escalator-parts\/escalator-comb-plate\/\">Placa de pente de escada rolante<\/a>, <a style=\"color: #000000;text-decoration: underline\" href=\"https:\/\/potensilift.com\/pt\/categoria-produto\/escalator-parts\/escalator-step-frame\/\">Estrutura do degrau da escada rolante<\/a>, <a style=\"color: #000000;text-decoration: underline\" href=\"https:\/\/potensilift.com\/pt\/categoria-produto\/escalator-parts\/escalator-handrail-entrance\/\">Escada rolante Corrim\u00e3o Entrada<\/a>, <a style=\"color: #000000;text-decoration: underline\" href=\"https:\/\/potensilift.com\/pt\/categoria-produto\/escalator-parts\/escalator-step-roller\/\">Escadas rolantes de degraus<\/a>, Outras pe\u00e7as de escada rolante.<\/p>\n                                <\/div>\n        \n        \n                <\/div>\n        <\/div>\t\t\t\t<\/div>\n\t\t\t\t<\/div>\n\t\t\t\t<\/div>\n\t\t<div class=\"elementor-element elementor-element-3bc6e28 e-con-full e-flex e-con e-child\" data-id=\"3bc6e28\" data-element_type=\"container\" data-e-type=\"container\" data-settings=\"{&quot;ekit_has_onepagescroll_dot&quot;:&quot;yes&quot;}\">\n\t\t\t\t<div class=\"elementor-element elementor-element-cef5988 ekit-equal-height-disable elementor-widget elementor-widget-elementskit-icon-box\" data-id=\"cef5988\" data-element_type=\"widget\" data-e-type=\"widget\" data-settings=\"{&quot;ekit_we_effect_on&quot;:&quot;none&quot;}\" data-widget_type=\"elementskit-icon-box.default\">\n\t\t\t\t<div class=\"elementor-widget-container\">\n\t\t\t\t\t<div class=\"ekit-wid-con\" >        <!-- link opening -->\n                <!-- end link opening -->\n\n        <div class=\"elementskit-infobox text- text-left icon-lef-right-aligin elementor-animation- media\">\n                    <div class=\"elementskit-box-header elementor-animation-\">\n                <div class=\"elementskit-info-box-icon  text-center\">\n                    <i aria-hidden=\"true\" class=\"elementkit-infobox-icon icon icon-safety\"><\/i>\n                <\/div>\n          <\/div>\n                        <div class=\"box-body\">\n                            <h3 class=\"elementskit-info-box-title\">\n                    Actualiza\u00e7\u00f5es de seguran\u00e7a                <\/h3>\n                        \t\t  \t<p>A POTENSI d\u00e1 prioridade \u00e0 sua seguran\u00e7a. Actualizamos a sua escada rolante de acordo com os mais recentes c\u00f3digos e normas de seguran\u00e7a. As nossas actualiza\u00e7\u00f5es de seguran\u00e7a abrangentes e os nossos pacotes de moderniza\u00e7\u00e3o modular garantem uma viagem segura e confort\u00e1vel.<\/p>\n                                <\/div>\n        \n        \n                <\/div>\n        <\/div>\t\t\t\t<\/div>\n\t\t\t\t<\/div>\n\t\t\t\t<div class=\"elementor-element elementor-element-25c8180 ekit-equal-height-disable elementor-widget elementor-widget-elementskit-icon-box\" data-id=\"25c8180\" data-element_type=\"widget\" data-e-type=\"widget\" data-settings=\"{&quot;ekit_we_effect_on&quot;:&quot;none&quot;}\" data-widget_type=\"elementskit-icon-box.default\">\n\t\t\t\t<div class=\"elementor-widget-container\">\n\t\t\t\t\t<div class=\"ekit-wid-con\" >        <!-- link opening -->\n                <!-- end link opening -->\n\n        <div class=\"elementskit-infobox text- text-left icon-lef-right-aligin elementor-animation- media\">\n                    <div class=\"elementskit-box-header elementor-animation-\">\n                <div class=\"elementskit-info-box-icon  text-center\">\n                    <i aria-hidden=\"true\" class=\"elementkit-infobox-icon icon icon-planting\"><\/i>\n                <\/div>\n          <\/div>\n                        <div class=\"box-body\">\n                            <h3 class=\"elementskit-info-box-title\">\n                    Ecoefici\u00eancia                <\/h3>\n                        \t\t  \t<p>As nossas solu\u00e7\u00f5es eco-eficientes incluem um sistema de acionamento altamente eficiente em termos energ\u00e9ticos e compacto, bem como modos operacionais inteligentes. Beneficie da ilumina\u00e7\u00e3o LED energeticamente eficiente, que \u00e9 80% mais eficiente do que a ilumina\u00e7\u00e3o tradicional e dura dez vezes mais.<\/p>\n                                <\/div>\n        \n        \n                <\/div>\n        <\/div>\t\t\t\t<\/div>\n\t\t\t\t<\/div>\n\t\t\t\t<\/div>\n\t\t\t\t\t<\/div>\n\t\t\t\t<\/div>\n\t\t\t\t<\/div>","protected":false},"excerpt":{"rendered":"<p>Escalator Modernization Why Choose POTENSI for Escalator Modernization\uff1f Is your escalator constantly breaking down, causing long waits, or raising safety concerns? It&#8217;s time to modernize with POTENSI. Experience a significant improvement in performance, safety, and efficiency. Superior Performance Our modernization process breathes new life into your escalator. Say goodbye to long waits and frequent breakdowns. [&hellip;]<\/p>\n","protected":false},"author":1,"featured_media":0,"parent":0,"menu_order":0,"comment_status":"closed","ping_status":"closed","template":"elementor_header_footer","meta":{"_seopress_robots_primary_cat":"","_seopress_titles_title":"Escalator Modernization | POTENSI Escalator Parts Manufacturer","_seopress_titles_desc":"Revitalize your escalators with our modernization services. Improve comfort, safety, and efficiency with POTENSI's expert solutions.","_seopress_robots_index":"","footnotes":""},"class_list":["post-2220","page","type-page","status-publish","hentry"],"_links":{"self":[{"href":"https:\/\/potensilift.com\/pt\/wp-json\/wp\/v2\/pages\/2220"}],"collection":[{"href":"https:\/\/potensilift.com\/pt\/wp-json\/wp\/v2\/pages"}],"about":[{"href":"https:\/\/potensilift.com\/pt\/wp-json\/wp\/v2\/types\/page"}],"author":[{"embeddable":true,"href":"https:\/\/potensilift.com\/pt\/wp-json\/wp\/v2\/users\/1"}],"replies":[{"embeddable":true,"href":"https:\/\/potensilift.com\/pt\/wp-json\/wp\/v2\/comments?post=2220"}],"version-history":[{"count":20,"href":"https:\/\/potensilift.com\/pt\/wp-json\/wp\/v2\/pages\/2220\/revisions"}],"predecessor-version":[{"id":3359,"href":"https:\/\/potensilift.com\/pt\/wp-json\/wp\/v2\/pages\/2220\/revisions\/3359"}],"wp:attachment":[{"href":"https:\/\/potensilift.com\/pt\/wp-json\/wp\/v2\/media?parent=2220"}],"curies":[{"name":"wp","href":"https:\/\/api.w.org\/{rel}","templated":true}]}}