{"id":7488,"date":"2026-04-14T10:06:52","date_gmt":"2026-04-14T10:06:52","guid":{"rendered":"https:\/\/potensilift.com\/?post_type=product&#038;p=7488"},"modified":"2026-04-14T10:30:12","modified_gmt":"2026-04-14T10:30:12","slug":"sodimas-elevator-eccentric-wheel-33so020p00001","status":"publish","type":"product","link":"https:\/\/potensilift.com\/es\/producto\/sodimas-elevator-eccentric-wheel-33so020p00001\/","title":{"rendered":"Elevator Eccentric Wheel 33SO020P00001 For Sodimas"},"content":{"rendered":"<p>Sodimas eccentric roller (model 33SO020P00001) is a precision adjustment component for elevator guide shoe systems. It has an outer diameter of 98 mm, an inner diameter of 30 mm, and a thickness of 28 mm. During elevator installation and maintenance, this component is used to calibrate the clearance between the car guide rails and the guide shoes through rotational adjustment, eliminating lateral sway and maintaining the stability of the car&#8217;s running trajectory.<\/p>\n<p><img fetchpriority=\"high\" decoding=\"async\" class=\"alignnone wp-image-7493 size-large\" src=\"https:\/\/potensilift.com\/wp-content\/uploads\/2026\/04\/Sodimas-eccentric-roller-size-1024x315.png\" alt=\"elevator eccentric wheel 33so020p00001 for sodimas\" width=\"800\" height=\"246\" srcset=\"https:\/\/potensilift.com\/wp-content\/uploads\/2026\/04\/Sodimas-eccentric-roller-size-1024x315.png 1024w, https:\/\/potensilift.com\/wp-content\/uploads\/2026\/04\/Sodimas-eccentric-roller-size-300x92.png 300w, https:\/\/potensilift.com\/wp-content\/uploads\/2026\/04\/Sodimas-eccentric-roller-size-768x236.png 768w, https:\/\/potensilift.com\/wp-content\/uploads\/2026\/04\/Sodimas-eccentric-roller-size-18x6.png 18w, https:\/\/potensilift.com\/wp-content\/uploads\/2026\/04\/Sodimas-eccentric-roller-size-600x184.png 600w, https:\/\/potensilift.com\/wp-content\/uploads\/2026\/04\/Sodimas-eccentric-roller-size.png 1028w\" sizes=\"(max-width: 800px) 100vw, 800px\" \/><\/p>\n<h2>Sodimas Eccentric Wheel 33SO020P00001 Parameters<\/h2>\n<table style=\"height: 202px;\" width=\"711\">\n<tbody>\n<tr>\n<td width=\"213\">Marca<\/td>\n<td width=\"213\">For Sodimas<\/td>\n<\/tr>\n<tr>\n<td width=\"213\">Productos<\/td>\n<td width=\"213\">Elevator Eccentric Wheel 33SO020P00001<\/td>\n<\/tr>\n<tr>\n<td width=\"213\">Modelo<\/td>\n<td width=\"213\">33SO020P00001<\/td>\n<\/tr>\n<tr>\n<td width=\"213\">Lugar de origen<\/td>\n<td width=\"213\">Original<\/td>\n<\/tr>\n<\/tbody>\n<\/table>\n<h2>\u00bfPor qu\u00e9 elegir Potensi?<\/h2>\n<p>Potensi provides high-quality Sodimas Elevator Eccentric Wheel 33SO020P00001, engineered to deliver exceptional reliability and performance for modern elevator systems. As a trusted supplier of Elevator eccentric wheels, we offer a wide range of products, including specialized options like Sodimas eccentric roller, ensuring compatibility with top global brands such as \u00a0<a href=\"https:\/\/potensilift.com\/es\/categoria-producto\/brands-parts\/for-mitsubishi\/\"><u>Mitsubishi<\/u><\/a>, <a href=\"https:\/\/potensilift.com\/es\/categoria-producto\/brands-parts\/for-otis\/\"><u>Otis<\/u><\/a>, <a href=\"https:\/\/potensilift.com\/es\/categoria-producto\/brands-parts\/for-tke-thyssenkrupp\/\"><u>Thyssen<\/u><\/a>, <a href=\"https:\/\/potensilift.com\/es\/categoria-producto\/brands-parts\/for-hyundai\/\"><u>Hyundai<\/u><\/a>y <a href=\"https:\/\/potensilift.com\/es\/categoria-producto\/brands-parts\/others-brands-parts\/\"><u>otros<\/u><\/a>. Con amplias existencias y precios competitivos, Potensi est\u00e1 preparado para satisfacer sus necesidades. <a href=\"https:\/\/potensilift.com\/es\/contact\/\"><u>CONTACTO Esther<\/u><\/a>\u00a0Potensi espera poder ayudarle a mejorar sus sistemas de ascensores.<\/p>","protected":false},"excerpt":{"rendered":"<p>Besides the 33SO020P00001 \u00d898 \/ 30 \/ 28, Potensi also offers other Sodimas Eccentric Wheels. These models include the 33DI022P00003 \u00d8 123 x 26 x 20 mm, \u00d8 78 x 30 x 20 mm, \u00d8 148 x 38 x 20 mm.<\/p>","protected":false},"featured_media":7489,"comment_status":"closed","ping_status":"closed","template":"","meta":{"_seopress_robots_primary_cat":"none","_seopress_titles_title":"Sodimas eccentric roller | Sodimas Parts Supplier in China","_seopress_titles_desc":"Get affordable Sodimas eccentric roller and Elevator roller, Contact us for more details.","_seopress_robots_index":""},"product_brand":[],"product_cat":[109,150],"product_tag":[],"class_list":{"0":"post-7488","1":"product","2":"type-product","3":"status-publish","4":"has-post-thumbnail","6":"product_cat-others-elevator-parts","7":"product_cat-others-brands-parts","9":"first","10":"instock","11":"shipping-taxable","12":"purchasable","13":"product-type-simple"},"_links":{"self":[{"href":"https:\/\/potensilift.com\/es\/wp-json\/wp\/v2\/product\/7488"}],"collection":[{"href":"https:\/\/potensilift.com\/es\/wp-json\/wp\/v2\/product"}],"about":[{"href":"https:\/\/potensilift.com\/es\/wp-json\/wp\/v2\/types\/product"}],"replies":[{"embeddable":true,"href":"https:\/\/potensilift.com\/es\/wp-json\/wp\/v2\/comments?post=7488"}],"wp:featuredmedia":[{"embeddable":true,"href":"https:\/\/potensilift.com\/es\/wp-json\/wp\/v2\/media\/7489"}],"wp:attachment":[{"href":"https:\/\/potensilift.com\/es\/wp-json\/wp\/v2\/media?parent=7488"}],"wp:term":[{"taxonomy":"product_brand","embeddable":true,"href":"https:\/\/potensilift.com\/es\/wp-json\/wp\/v2\/product_brand?post=7488"},{"taxonomy":"product_cat","embeddable":true,"href":"https:\/\/potensilift.com\/es\/wp-json\/wp\/v2\/product_cat?post=7488"},{"taxonomy":"product_tag","embeddable":true,"href":"https:\/\/potensilift.com\/es\/wp-json\/wp\/v2\/product_tag?post=7488"}],"curies":[{"name":"wp","href":"https:\/\/api.w.org\/{rel}","templated":true}]}}