{"id":7398,"date":"2026-02-24T07:49:07","date_gmt":"2026-02-24T07:49:07","guid":{"rendered":"https:\/\/potensilift.com\/?post_type=product&#038;p=7398"},"modified":"2026-02-24T08:54:43","modified_gmt":"2026-02-24T08:54:43","slug":"kone-mx18-elevator-pad-uaed","status":"publish","type":"product","link":"https:\/\/potensilift.com\/es\/producto\/kone-mx18-elevator-pad-uaed\/","title":{"rendered":"Almohadilla para KONE MX18"},"content":{"rendered":"<p>Las almohadillas amortiguadoras de vibraciones KONE MX18 son componentes amortiguadores de vibraciones dise\u00f1ados espec\u00edficamente para las unidades principales de los elevadores KONE MX18. Se utilizan principalmente para absorber las vibraciones mec\u00e1nicas y el ruido generado durante el funcionamiento del ascensor. Poseen un excelente rendimiento de aislamiento de vibraciones y resistencia a la intemperie, extendiendo efectivamente la vida \u00fatil de la unidad principal y mejorando la comodidad de los pasajeros.<\/p>\n<h2>KONE MX18 Elevator Pad uaed Par\u00e1metros<\/h2>\n<table style=\"height: 202px;\" width=\"711\">\n<tbody>\n<tr>\n<td width=\"213\">Marca<\/td>\n<td width=\"213\">Para KONE<\/td>\n<\/tr>\n<tr>\n<td width=\"213\">Productos<\/td>\n<td width=\"213\">Ascensor Pad uaed<\/td>\n<\/tr>\n<tr>\n<td width=\"213\">Aplicable<\/td>\n<td width=\"213\">M\u00e1quina de tracci\u00f3n MX18<\/td>\n<\/tr>\n<tr>\n<td width=\"213\">Lugar de origen<\/td>\n<td width=\"213\">Original<\/td>\n<\/tr>\n<\/tbody>\n<\/table>\n<h2>\u00bfPor qu\u00e9 elegir Potensi?<\/h2>\n<p>Potensi ofrece KONE Elevator Pad uaed de alta calidad para correas anchas MX18, dise\u00f1adas para ofrecer una fiabilidad y un rendimiento excepcionales para los sistemas de ascensores modernos. Como proveedor de confianza de Elevator Pad uaed, ofrecemos una amplia gama de productos, incluyendo opciones especializadas como KONE Elevator Pad uaed, garantizando la compatibilidad con las principales marcas mundiales, tales como \u00a0<a href=\"https:\/\/potensilift.com\/es\/categoria-producto\/marcas-piezas\/for-mitsubishi\/\"><u>Mitsubishi<\/u><\/a>, <a href=\"https:\/\/potensilift.com\/es\/categoria-producto\/marcas-piezas\/para-otis\/\"><u>Otis<\/u><\/a>, <a href=\"https:\/\/potensilift.com\/es\/categoria-producto\/marcas-piezas\/para-tke-thyssenkrupp\/\"><u>Thyssen<\/u><\/a>, <a href=\"https:\/\/potensilift.com\/es\/categoria-producto\/marcas-piezas\/for-hyundai\/\"><u>Hyundai<\/u><\/a>y <a href=\"https:\/\/potensilift.com\/es\/categoria-producto\/marcas-piezas\/otras-marcas-piezas\/\"><u>otros<\/u><\/a>. Con amplias existencias y precios competitivos, Potensi est\u00e1 preparado para satisfacer sus necesidades. <a href=\"https:\/\/potensilift.com\/es\/contact\/\"><u>CONTACTO Esther<\/u><\/a>\u00a0Potensi espera poder ayudarle a mejorar sus sistemas de ascensores.<\/p>","protected":false},"excerpt":{"rendered":"<p>Adem\u00e1s del Pad uaed para MX18, Potensi tambi\u00e9n ofrece pads para otros modelos de m\u00e1quinas de tracci\u00f3n KONE. Estos modelos incluyen KONE MX06, KONE MX10, KONE MX14, KONE MX20, KONE MX11, KONE MX30, KONE MX40, etc.<\/p>","protected":false},"featured_media":7399,"comment_status":"closed","ping_status":"closed","template":"","meta":{"_seopress_robots_primary_cat":"none","_seopress_titles_title":"KONE Elevator Pad uaed for MX18 | KONE Parts Supplier in China","_seopress_titles_desc":"Get affordable KONE Elevator Pad uaed and Elevator Pad uaed for elevators. Contact us for more details.","_seopress_robots_index":""},"product_brand":[],"product_cat":[128,109],"product_tag":[],"class_list":{"0":"post-7398","1":"product","2":"type-product","3":"status-publish","4":"has-post-thumbnail","6":"product_cat-for-kone","7":"product_cat-others-elevator-parts","9":"first","10":"instock","11":"shipping-taxable","12":"purchasable","13":"product-type-simple"},"_links":{"self":[{"href":"https:\/\/potensilift.com\/es\/wp-json\/wp\/v2\/product\/7398"}],"collection":[{"href":"https:\/\/potensilift.com\/es\/wp-json\/wp\/v2\/product"}],"about":[{"href":"https:\/\/potensilift.com\/es\/wp-json\/wp\/v2\/types\/product"}],"replies":[{"embeddable":true,"href":"https:\/\/potensilift.com\/es\/wp-json\/wp\/v2\/comments?post=7398"}],"wp:featuredmedia":[{"embeddable":true,"href":"https:\/\/potensilift.com\/es\/wp-json\/wp\/v2\/media\/7399"}],"wp:attachment":[{"href":"https:\/\/potensilift.com\/es\/wp-json\/wp\/v2\/media?parent=7398"}],"wp:term":[{"taxonomy":"product_brand","embeddable":true,"href":"https:\/\/potensilift.com\/es\/wp-json\/wp\/v2\/product_brand?post=7398"},{"taxonomy":"product_cat","embeddable":true,"href":"https:\/\/potensilift.com\/es\/wp-json\/wp\/v2\/product_cat?post=7398"},{"taxonomy":"product_tag","embeddable":true,"href":"https:\/\/potensilift.com\/es\/wp-json\/wp\/v2\/product_tag?post=7398"}],"curies":[{"name":"wp","href":"https:\/\/api.w.org\/{rel}","templated":true}]}}