{"id":7375,"date":"2026-02-02T09:48:04","date_gmt":"2026-02-02T09:48:04","guid":{"rendered":"https:\/\/potensilift.com\/?post_type=product&#038;p=7375"},"modified":"2026-03-20T07:33:45","modified_gmt":"2026-03-20T07:33:45","slug":"mitsubishi-elevator-intercom-zdh01-021-gg","status":"publish","type":"product","link":"https:\/\/potensilift.com\/es\/producto\/mitsubishi-elevator-intercom-zdh01-021-gg\/","title":{"rendered":"Intercomunicador de ascensor ZDH01-021-GG para Mitsubishi"},"content":{"rendered":"<p>El intercomunicador para sala de m\u00e1quinas de ascensores Mitsubishi ZDH01-021-GG es un dispositivo de comunicaci\u00f3n profesional dise\u00f1ado espec\u00edficamente para sistemas de ascensores en edificios de gran altura. La funci\u00f3n principal del intercomunicador ZDH01-021-GG es proporcionar a los pasajeros una comunicaci\u00f3n en tiempo real con el personal de la sala de m\u00e1quinas durante las aver\u00edas del ascensor u otras emergencias, mejorando as\u00ed eficazmente la capacidad de respuesta ante emergencias dentro del edificio y garantizando la seguridad de los pasajeros atrapados. Tambi\u00e9n puede utilizarse para el mantenimiento rutinario y la comunicaci\u00f3n. Gracias a la avanzada tecnolog\u00eda de procesamiento de se\u00f1ales digitales y al dise\u00f1o de circuitos antiinterferencias, ofrece protecci\u00f3n IP55, lo que garantiza un funcionamiento estable en entornos electromagn\u00e9ticos complejos y condiciones adversas, y es perfectamente compatible con los sistemas de ascensores Mitsubishi.<\/p>\n<p>Adem\u00e1s del ZDH01-021-GG, Potensi tambi\u00e9n ofrece otros intercomunicadores Mitsubishi. Estos modelos incluyen el ZDH01-007, ZDH01-008, ZDH01-020-GG, ZDH01-022-GG, ZDH01-023-GG, ZDH01-024, ZDH01-027-GG, ZDH01-028-GG, ZDH01-029-G, GZ6B02-35, Z6B02-50, Z6B02-53, Z6B02-54, Z6B02-55, Z6B02-60, Z6B02-63, Z6B02-66, Z6B02-67, Z6B02-68, Z6B02-84, Z6B02-86, ME-01M6, Z6B02-33.<\/p>\n<h2>Par\u00e1metros del intercomunicador para ascensores Mitsubishi ZDH01-021-GG<\/h2>\n<table style=\"height: 202px;\" width=\"711\">\n<tbody>\n<tr>\n<td width=\"213\">Marca<\/td>\n<td width=\"213\">Para Mitsubishi<\/td>\n<\/tr>\n<tr>\n<td width=\"213\">Productos<\/td>\n<td width=\"213\">Interfono de ascensor ZDH01-021-GG<\/td>\n<\/tr>\n<tr>\n<td width=\"213\">Modelo<\/td>\n<td width=\"213\">ZDH01-021-GG<\/td>\n<\/tr>\n<tr>\n<td width=\"213\">Lugar de origen<\/td>\n<td width=\"213\">Original<\/td>\n<\/tr>\n<\/tbody>\n<\/table>\n<h2>\u00bfPor qu\u00e9 elegir Potensi?<\/h2>\n<p>Potensi ofrece alta calidad Mitsubishi Ascensor intercomunicador ZDH01-021-GG, dise\u00f1ado para ofrecer una fiabilidad excepcional y el rendimiento de los sistemas de ascensores modernos. Como proveedor de confianza de Intercomunicador para ascensores, ofrecemos una amplia gama de productos, incluyendo opciones especializadas como Intercomunicador para ascensores Mitsubishi, garantizando la compatibilidad con las principales marcas mundiales como \u00a0<a href=\"https:\/\/potensilift.com\/es\/categoria-producto\/marcas-piezas\/for-mitsubishi\/\"><u>Mitsubishi<\/u><\/a>, <a href=\"https:\/\/potensilift.com\/es\/categoria-producto\/marcas-piezas\/para-otis\/\"><u>Otis<\/u><\/a>, <a href=\"https:\/\/potensilift.com\/es\/categoria-producto\/marcas-piezas\/para-tke-thyssenkrupp\/\"><u>Thyssen<\/u><\/a>, <a href=\"https:\/\/potensilift.com\/es\/categoria-producto\/marcas-piezas\/for-hyundai\/\"><u>Hyundai<\/u><\/a>y <a href=\"https:\/\/potensilift.com\/es\/categoria-producto\/marcas-piezas\/otras-marcas-piezas\/\"><u>otros<\/u><\/a>. Con amplias existencias y precios competitivos, Potensi est\u00e1 preparado para satisfacer sus necesidades. <a href=\"https:\/\/potensilift.com\/es\/contact\/\"><u>CONTACTO Esther<\/u><\/a>\u00a0Potensi espera poder ayudarle a mejorar sus sistemas de ascensores.<\/p>","protected":false},"excerpt":{"rendered":"<p>Besides the ZDH01-021-GG, Potensi also offers other Mitsubishi intercoms. These models include the ZDH01-007, ZDH01-008, ZDH01-020-GG, <a href=\"https:\/\/potensilift.com\/es\/producto\/mitsubishi-elevator-speaker-zdh01-022-gg\/\">ZDH01-022-GG<\/a>, ZDH01-023-GG, ZDH01-024, ZDH01-027-GG, ZDH01-028-GG, ZDH01-029-G, GZ6B02-35, Z6B02-50, Z6B02-53, Z6B02-54, Z6B02-55, Z6B02-60, Z6B02-63, Z6B02-66, Z6B02-67, Z6B02-68, Z6B02-84, Z6B02-86, ME-01M6, Z6B02-33.<\/p>","protected":false},"featured_media":7377,"comment_status":"closed","ping_status":"closed","template":"","meta":{"_seopress_robots_primary_cat":"none","_seopress_titles_title":"Mitsubishi Elevator Intercom ZDH01-021-GG | Mitsubishi Parts Supplier in China","_seopress_titles_desc":"Get affordable Mitsubishi Elevator Intercom and Elevator Intercom for elevators. Contact us for more details.","_seopress_robots_index":""},"product_brand":[],"product_cat":[130,109],"product_tag":[],"class_list":{"0":"post-7375","1":"product","2":"type-product","3":"status-publish","4":"has-post-thumbnail","6":"product_cat-for-mitsubishi","7":"product_cat-others-elevator-parts","9":"first","10":"instock","11":"shipping-taxable","12":"purchasable","13":"product-type-simple"},"_links":{"self":[{"href":"https:\/\/potensilift.com\/es\/wp-json\/wp\/v2\/product\/7375"}],"collection":[{"href":"https:\/\/potensilift.com\/es\/wp-json\/wp\/v2\/product"}],"about":[{"href":"https:\/\/potensilift.com\/es\/wp-json\/wp\/v2\/types\/product"}],"replies":[{"embeddable":true,"href":"https:\/\/potensilift.com\/es\/wp-json\/wp\/v2\/comments?post=7375"}],"wp:featuredmedia":[{"embeddable":true,"href":"https:\/\/potensilift.com\/es\/wp-json\/wp\/v2\/media\/7377"}],"wp:attachment":[{"href":"https:\/\/potensilift.com\/es\/wp-json\/wp\/v2\/media?parent=7375"}],"wp:term":[{"taxonomy":"product_brand","embeddable":true,"href":"https:\/\/potensilift.com\/es\/wp-json\/wp\/v2\/product_brand?post=7375"},{"taxonomy":"product_cat","embeddable":true,"href":"https:\/\/potensilift.com\/es\/wp-json\/wp\/v2\/product_cat?post=7375"},{"taxonomy":"product_tag","embeddable":true,"href":"https:\/\/potensilift.com\/es\/wp-json\/wp\/v2\/product_tag?post=7375"}],"curies":[{"name":"wp","href":"https:\/\/api.w.org\/{rel}","templated":true}]}}