{"id":7368,"date":"2026-01-30T11:38:48","date_gmt":"2026-01-30T11:38:48","guid":{"rendered":"https:\/\/potensilift.com\/?post_type=product&#038;p=7368"},"modified":"2026-02-06T06:42:03","modified_gmt":"2026-02-06T06:42:03","slug":"arkel-elevator-service-tool","status":"publish","type":"product","link":"https:\/\/potensilift.com\/es\/producto\/arkel-elevator-service-tool\/","title":{"rendered":"Herramienta de servicio para ascensores Arkel"},"content":{"rendered":"<p>La herramienta de servicio ARKEL es un terminal port\u00e1til de depuraci\u00f3n y mantenimiento dise\u00f1ado espec\u00edficamente para los sistemas de control de ascensores ARCODE de ARKEL. Equipado con una pantalla TFT de 330\u00d7240, proporciona una visualizaci\u00f3n clara y detallada, lo que permite ver f\u00e1cilmente los par\u00e1metros y detalles del sistema en cualquier entorno de iluminaci\u00f3n. Al conectarse a la red CANbus del ascensor, permite el acceso directo y el control del sistema desde cualquier ubicaci\u00f3n, incluida la caja del elevador, la sala de m\u00e1quinas o la parte superior de la cabina, lo que aumenta enormemente la flexibilidad de la depuraci\u00f3n y el mantenimiento.<\/p>\n<p>Admite la copia de seguridad r\u00e1pida y la carga de los par\u00e1metros del sistema a trav\u00e9s de la tarjeta SD, lo que permite una r\u00e1pida implementaci\u00f3n y clonaci\u00f3n entre proyectos, ahorrando un tiempo de configuraci\u00f3n considerable. El dispositivo ofrece tres modos de acceso diferentes: visitante, personal de mantenimiento y personal de instalaci\u00f3n, lo que permite gestionar eficazmente los permisos de funcionamiento y garantizar la seguridad del sistema. Cuenta con potentes funciones de detecci\u00f3n de errores y un fiable sistema de actualizaci\u00f3n con un solo clic, que localiza r\u00e1pidamente los problemas y mantiene el sistema actualizado.<\/p>\n<p>Adem\u00e1s de la herramienta de servicio, Potensi tambi\u00e9n ofrece otras placas de circuito impreso Arkel. Estos modelos incluyen el KM-10S, <a href=\"https:\/\/potensilift.com\/es\/producto\/arkel-elevator-control-board-arl-300\/\">ARL-300<\/a>, <a href=\"https:\/\/potensilift.com\/es\/producto\/arkel-elevator-control-board-arl-500\/\">ARL-500<\/a>ARL-200S, ARL-100, ARL-700, AKUS SD, KM-10S, KM-20, ApRe, HSR y SP-16.<\/p>\n<h2>Placa de control Arkel ARL-300 Par\u00e1metros<\/h2>\n<table style=\"height: 202px;\" width=\"711\">\n<tbody>\n<tr>\n<td width=\"213\">Marca<\/td>\n<td width=\"213\">Para Arkel<\/td>\n<\/tr>\n<tr>\n<td width=\"213\">Productos<\/td>\n<td width=\"213\">Herramienta de servicio para ascensores<\/td>\n<\/tr>\n<tr>\n<td width=\"213\">Modelo<\/td>\n<td width=\"213\">Herramienta de servicio<\/td>\n<\/tr>\n<tr>\n<td width=\"213\">Lugar de origen<\/td>\n<td width=\"213\">Original<\/td>\n<\/tr>\n<\/tbody>\n<\/table>\n<h2>\u00bfPor qu\u00e9 elegir Potensi?<\/h2>\n<p>Potensi ofrece herramientas de servicio para ascensores Arkel de alta calidad, dise\u00f1adas para ofrecer una fiabilidad y un rendimiento excepcionales para los sistemas de ascensores modernos. Como proveedor de confianza de herramientas de servicio para ascensores, ofrecemos una amplia gama de productos, incluidas opciones especializadas como las herramientas de servicio Arkel, que garantizan la compatibilidad con las principales marcas mundiales, como \u00a0<a href=\"https:\/\/potensilift.com\/es\/categoria-producto\/marcas-piezas\/for-mitsubishi\/\"><u>Mitsubishi<\/u><\/a>, <a href=\"https:\/\/potensilift.com\/es\/categoria-producto\/marcas-piezas\/para-otis\/\"><u>Otis<\/u><\/a>, <a href=\"https:\/\/potensilift.com\/es\/categoria-producto\/marcas-piezas\/para-tke-thyssenkrupp\/\"><u>Thyssen<\/u><\/a>, <a href=\"https:\/\/potensilift.com\/es\/categoria-producto\/marcas-piezas\/for-hyundai\/\"><u>Hyundai<\/u><\/a>y <a href=\"https:\/\/potensilift.com\/es\/categoria-producto\/marcas-piezas\/otras-marcas-piezas\/\"><u>otros<\/u><\/a>. Con amplias existencias y precios competitivos, Potensi est\u00e1 preparado para satisfacer sus necesidades. <a href=\"https:\/\/potensilift.com\/es\/contact\/\"><u>CONTACTO Esther<\/u><\/a>\u00a0Potensi espera poder ayudarle a mejorar sus sistemas de ascensores.<\/p>","protected":false},"excerpt":{"rendered":"<p>Adem\u00e1s de la herramienta de servicio, Potensi tambi\u00e9n ofrece otras placas de circuito impreso Arkel. Estos modelos incluyen el KM-10S, ARL-300, ARL-500, ARL-200S, ARL-100, ARL-700, AKUS SD, KM-10S, KM-20, ApRe, HSR y SP-16.<\/p>","protected":false},"featured_media":7369,"comment_status":"closed","ping_status":"closed","template":"","meta":{"_seopress_robots_primary_cat":"none","_seopress_titles_title":"Arkel Service Tool | Elevator Parts Supplier in China","_seopress_titles_desc":"Get affordable Arkel Service Tool and Elevator Service Tool for elevators. Contact us for more details.","_seopress_robots_index":""},"product_brand":[],"product_cat":[109,150],"product_tag":[],"class_list":{"0":"post-7368","1":"product","2":"type-product","3":"status-publish","4":"has-post-thumbnail","6":"product_cat-others-elevator-parts","7":"product_cat-others-brands-parts","9":"first","10":"instock","11":"shipping-taxable","12":"purchasable","13":"product-type-simple"},"_links":{"self":[{"href":"https:\/\/potensilift.com\/es\/wp-json\/wp\/v2\/product\/7368"}],"collection":[{"href":"https:\/\/potensilift.com\/es\/wp-json\/wp\/v2\/product"}],"about":[{"href":"https:\/\/potensilift.com\/es\/wp-json\/wp\/v2\/types\/product"}],"replies":[{"embeddable":true,"href":"https:\/\/potensilift.com\/es\/wp-json\/wp\/v2\/comments?post=7368"}],"wp:featuredmedia":[{"embeddable":true,"href":"https:\/\/potensilift.com\/es\/wp-json\/wp\/v2\/media\/7369"}],"wp:attachment":[{"href":"https:\/\/potensilift.com\/es\/wp-json\/wp\/v2\/media?parent=7368"}],"wp:term":[{"taxonomy":"product_brand","embeddable":true,"href":"https:\/\/potensilift.com\/es\/wp-json\/wp\/v2\/product_brand?post=7368"},{"taxonomy":"product_cat","embeddable":true,"href":"https:\/\/potensilift.com\/es\/wp-json\/wp\/v2\/product_cat?post=7368"},{"taxonomy":"product_tag","embeddable":true,"href":"https:\/\/potensilift.com\/es\/wp-json\/wp\/v2\/product_tag?post=7368"}],"curies":[{"name":"wp","href":"https:\/\/api.w.org\/{rel}","templated":true}]}}