{"id":7354,"date":"2026-01-30T02:42:15","date_gmt":"2026-01-30T02:42:15","guid":{"rendered":"https:\/\/potensilift.com\/?post_type=product&#038;p=7354"},"modified":"2026-01-30T11:32:25","modified_gmt":"2026-01-30T11:32:25","slug":"arkel-elevator-control-board-arl-300","status":"publish","type":"product","link":"https:\/\/potensilift.com\/es\/producto\/arkel-elevator-control-board-arl-300\/","title":{"rendered":"Tarjeta de control de ascensor ARL-300 para Arkel"},"content":{"rendered":"<p>ARL-300 es un cuadro de control de ascensores adecuado para ascensores hidr\u00e1ulicos o de cable con un m\u00e1ximo de 24 plantas. Es compatible con m\u00faltiples m\u00e9todos de accionamiento, puede gestionar hasta 4 ascensores trabajando en colaboraci\u00f3n (control de grupo), tiene una velocidad m\u00e1xima de 1,6 m\/s y cumple las normas de seguridad EN 81. La principal ventaja de este sistema es que los usuarios pueden configurar directamente los par\u00e1metros, ver el estado y los c\u00f3digos de aver\u00eda a trav\u00e9s de la pantalla LCD de la tarjeta de control. Tambi\u00e9n cuenta con numerosas funciones de seguridad y depuraci\u00f3n, como los servicios de bomberos, el autoaprendizaje del hueco, el control de puertas y los men\u00fas multiling\u00fces.<\/p>\n<p>Adem\u00e1s de la ARL-300, Potensi tambi\u00e9n ofrece otras placas de circuito impreso Arkel. Estos modelos incluyen el KM-10S, <a href=\"https:\/\/potensilift.com\/es\/producto\/arkel-elevator-control-board-arl-500\/\">ARL-500<\/a>ARL-200S, ARL-100, ARL-700, AKUS SD, KM-10S, KM-20, ApRe, HSR y SP-16.<\/p>\n<h2>Placa de control Arkel ARL-300 Par\u00e1metros<\/h2>\n<table style=\"height: 202px;\" width=\"711\">\n<tbody>\n<tr>\n<td width=\"213\">Marca<\/td>\n<td width=\"213\">Para Arkel<\/td>\n<\/tr>\n<tr>\n<td width=\"213\">Productos<\/td>\n<td width=\"213\">Placa de control del ascensor ARL-300<\/td>\n<\/tr>\n<tr>\n<td width=\"213\">Modelo<\/td>\n<td width=\"213\">ARL-300<\/td>\n<\/tr>\n<tr>\n<td width=\"213\">Lugar de origen<\/td>\n<td width=\"213\">Original<\/td>\n<\/tr>\n<\/tbody>\n<\/table>\n<h2>\u00bfPor qu\u00e9 elegir Potensi?<\/h2>\n<p>Potensi proporciona alta calidad Arkel Ascensor Control Board ARL-300, dise\u00f1ado para ofrecer una fiabilidad excepcional y el rendimiento de los sistemas de ascensores modernos. Como un proveedor confiable de PCB del elevador, ofrecemos una amplia gama de productos, incluyendo opciones especializadas como Arkel PCB, asegurando la compatibilidad con las mejores marcas mundiales como \u00a0<a href=\"https:\/\/potensilift.com\/es\/categoria-producto\/marcas-piezas\/for-mitsubishi\/\"><u>Mitsubishi<\/u><\/a>, <a href=\"https:\/\/potensilift.com\/es\/categoria-producto\/marcas-piezas\/para-otis\/\"><u>Otis<\/u><\/a>, <a href=\"https:\/\/potensilift.com\/es\/categoria-producto\/marcas-piezas\/para-tke-thyssenkrupp\/\"><u>Thyssen<\/u><\/a>, <a href=\"https:\/\/potensilift.com\/es\/categoria-producto\/marcas-piezas\/for-hyundai\/\"><u>Hyundai<\/u><\/a>y <a href=\"https:\/\/potensilift.com\/es\/categoria-producto\/marcas-piezas\/otras-marcas-piezas\/\"><u>otros<\/u><\/a>. Con amplias existencias y precios competitivos, Potensi est\u00e1 preparado para satisfacer sus necesidades. <a href=\"https:\/\/potensilift.com\/es\/contact\/\"><u>CONTACTO Esther<\/u><\/a>\u00a0Potensi espera poder ayudarle a mejorar sus sistemas de ascensores.<\/p>","protected":false},"excerpt":{"rendered":"<p>Adem\u00e1s de la ARL-300, Potensi tambi\u00e9n ofrece otras placas de circuito impreso Arkel. Estos modelos incluyen el KM-10S, ARL-500, ARL-200S, ARL-100, ARL-700, AKUS SD, KM-10S, KM-20, ApRe, HSR y SP-16.<\/p>","protected":false},"featured_media":7355,"comment_status":"closed","ping_status":"closed","template":"","meta":{"_seopress_robots_primary_cat":"none","_seopress_titles_title":"Arkel Control Board ARL-300 | Elevator Parts Supplier in China","_seopress_titles_desc":"Get affordable Arkel Control Board ARL-300 and Elevator PCB for elevators. Contact us for more details.","_seopress_robots_index":""},"product_brand":[],"product_cat":[161,150],"product_tag":[],"class_list":{"0":"post-7354","1":"product","2":"type-product","3":"status-publish","4":"has-post-thumbnail","6":"product_cat-elevator-pcb","7":"product_cat-others-brands-parts","9":"first","10":"instock","11":"shipping-taxable","12":"purchasable","13":"product-type-simple"},"_links":{"self":[{"href":"https:\/\/potensilift.com\/es\/wp-json\/wp\/v2\/product\/7354"}],"collection":[{"href":"https:\/\/potensilift.com\/es\/wp-json\/wp\/v2\/product"}],"about":[{"href":"https:\/\/potensilift.com\/es\/wp-json\/wp\/v2\/types\/product"}],"replies":[{"embeddable":true,"href":"https:\/\/potensilift.com\/es\/wp-json\/wp\/v2\/comments?post=7354"}],"wp:featuredmedia":[{"embeddable":true,"href":"https:\/\/potensilift.com\/es\/wp-json\/wp\/v2\/media\/7355"}],"wp:attachment":[{"href":"https:\/\/potensilift.com\/es\/wp-json\/wp\/v2\/media?parent=7354"}],"wp:term":[{"taxonomy":"product_brand","embeddable":true,"href":"https:\/\/potensilift.com\/es\/wp-json\/wp\/v2\/product_brand?post=7354"},{"taxonomy":"product_cat","embeddable":true,"href":"https:\/\/potensilift.com\/es\/wp-json\/wp\/v2\/product_cat?post=7354"},{"taxonomy":"product_tag","embeddable":true,"href":"https:\/\/potensilift.com\/es\/wp-json\/wp\/v2\/product_tag?post=7354"}],"curies":[{"name":"wp","href":"https:\/\/api.w.org\/{rel}","templated":true}]}}