{"id":7318,"date":"2026-01-13T06:32:05","date_gmt":"2026-01-13T06:32:05","guid":{"rendered":"https:\/\/potensilift.com\/?post_type=product&#038;p=7318"},"modified":"2026-01-13T07:10:09","modified_gmt":"2026-01-13T07:10:09","slug":"tke-pcb-imc-cmc4","status":"publish","type":"product","link":"https:\/\/potensilift.com\/es\/producto\/tke-pcb-imc-cmc4\/","title":{"rendered":"Ascensor PCB IMC CMC4+ Para TKE"},"content":{"rendered":"<p>Adem\u00e1s de IMC CMC4+, Potensi tambi\u00e9n ofrece otras placas de circuito impreso TKE. Estos modelos incluyen <a href=\"https:\/\/potensilift.com\/es\/producto\/elevator-pcb-cn_1a-for-thyssenkrupp\/\">CN_1A<\/a>, <a href=\"https:\/\/potensilift.com\/es\/producto\/tke-elevator-pcb-743997000\/\">743997000\/743997001<\/a>UCM2 CMC4+ 2665.67MOD (222222), UCP-CMC4, CCU20-1A, BECN-05A, MHCN-1B, BCAT-3A, BCHB, DMCU-1A, DMCU-3F, HCU-34C, UCP-CMC4, etc. Tambi\u00e9n podemos suministrar otras piezas de ascensores TKE. Todas son nuevas y genuinas. Nuestros precios tambi\u00e9n son muy competitivos. Si tiene m\u00e1s preguntas sobre las piezas TKE, podemos ayudarle.<\/p>\n<h2>TKE PCB IMC CMC4+ Par\u00e1metros<\/h2>\n<table style=\"height: 202px;\" width=\"711\">\n<tbody>\n<tr>\n<td width=\"213\">Marca<\/td>\n<td width=\"213\">Para TKE<\/td>\n<\/tr>\n<tr>\n<td width=\"213\">Productos<\/td>\n<td width=\"213\">Ascensor PCB IMC CMC4+<\/td>\n<\/tr>\n<tr>\n<td width=\"213\">Modelo<\/td>\n<td width=\"213\">IMC CMC4+<\/td>\n<\/tr>\n<tr>\n<td width=\"213\">Lugar de origen<\/td>\n<td width=\"213\">Original<\/td>\n<\/tr>\n<\/tbody>\n<\/table>\n<h2>\u00bfPor qu\u00e9 elegir Potensi?<\/h2>\n<p>Potensi proporciona alta calidad TKE Ascensor PCB IMC CMC4 +, dise\u00f1ado para ofrecer una fiabilidad excepcional y el rendimiento de los sistemas de ascensores modernos. Como proveedor de confianza de PCB ascensor, ofrecemos una amplia gama de productos, incluyendo opciones especializadas como TKE PCB, asegurando la compatibilidad con las mejores marcas mundiales como \u00a0<a href=\"https:\/\/potensilift.com\/es\/categoria-producto\/marcas-piezas\/for-mitsubishi\/\"><u>Mitsubishi<\/u><\/a>, <a href=\"https:\/\/potensilift.com\/es\/categoria-producto\/marcas-piezas\/para-otis\/\"><u>Otis<\/u><\/a>, <a href=\"https:\/\/potensilift.com\/es\/categoria-producto\/marcas-piezas\/para-tke-thyssenkrupp\/\"><u>Thyssen<\/u><\/a>, <a href=\"https:\/\/potensilift.com\/es\/categoria-producto\/marcas-piezas\/for-hyundai\/\"><u>Hyundai<\/u><\/a>y <a href=\"https:\/\/potensilift.com\/es\/categoria-producto\/marcas-piezas\/otras-marcas-piezas\/\"><u>otros<\/u><\/a>. Con amplias existencias y precios competitivos, Potensi est\u00e1 preparado para satisfacer sus necesidades. <a href=\"https:\/\/potensilift.com\/es\/contact\/\"><u>CONTACTO Esther<\/u><\/a>\u00a0Potensi espera poder ayudarle a mejorar sus sistemas de ascensores.<\/p>","protected":false},"excerpt":{"rendered":"<p>Adem\u00e1s de la IMC CMC4+, Potensi tambi\u00e9n ofrece otras placas de circuito impreso TKE. Estos modelos incluyen 743997000\/743997001, CN_1A, UCM2 CMC4+ 2665.67MOD (222222), UCP-CMC4, CCU20-1A, BECN-05A, MHCN-1B, BCAT-3A, BCHB, DMCU-1A, DMCU-3F, HCU-34C, UCP-CMC4 y CMBK.<\/p>","protected":false},"featured_media":7319,"comment_status":"closed","ping_status":"closed","template":"","meta":{"_seopress_robots_primary_cat":"none","_seopress_titles_title":"TKE PCB IMC CMC4+ | Elevator Parts Supplier in China","_seopress_titles_desc":"Get affordable TKE Elevator PCB IMC CMC4+ and Elevator PCB for elevators. Contact us for more details.","_seopress_robots_index":""},"product_brand":[],"product_cat":[161,129],"product_tag":[],"class_list":{"0":"post-7318","1":"product","2":"type-product","3":"status-publish","4":"has-post-thumbnail","6":"product_cat-elevator-pcb","7":"product_cat-for-tke-thyssenkrupp","9":"first","10":"instock","11":"shipping-taxable","12":"purchasable","13":"product-type-simple"},"_links":{"self":[{"href":"https:\/\/potensilift.com\/es\/wp-json\/wp\/v2\/product\/7318"}],"collection":[{"href":"https:\/\/potensilift.com\/es\/wp-json\/wp\/v2\/product"}],"about":[{"href":"https:\/\/potensilift.com\/es\/wp-json\/wp\/v2\/types\/product"}],"replies":[{"embeddable":true,"href":"https:\/\/potensilift.com\/es\/wp-json\/wp\/v2\/comments?post=7318"}],"wp:featuredmedia":[{"embeddable":true,"href":"https:\/\/potensilift.com\/es\/wp-json\/wp\/v2\/media\/7319"}],"wp:attachment":[{"href":"https:\/\/potensilift.com\/es\/wp-json\/wp\/v2\/media?parent=7318"}],"wp:term":[{"taxonomy":"product_brand","embeddable":true,"href":"https:\/\/potensilift.com\/es\/wp-json\/wp\/v2\/product_brand?post=7318"},{"taxonomy":"product_cat","embeddable":true,"href":"https:\/\/potensilift.com\/es\/wp-json\/wp\/v2\/product_cat?post=7318"},{"taxonomy":"product_tag","embeddable":true,"href":"https:\/\/potensilift.com\/es\/wp-json\/wp\/v2\/product_tag?post=7318"}],"curies":[{"name":"wp","href":"https:\/\/api.w.org\/{rel}","templated":true}]}}