{"id":7232,"date":"2025-11-24T02:38:46","date_gmt":"2025-11-24T02:38:46","guid":{"rendered":"https:\/\/potensilift.com\/?post_type=product&#038;p=7232"},"modified":"2025-11-26T08:54:37","modified_gmt":"2025-11-26T08:54:37","slug":"elevator-pcb-board-mac-puarsa-3vfmac-dsp","status":"publish","type":"product","link":"https:\/\/potensilift.com\/es\/producto\/elevator-pcb-board-mac-puarsa-3vfmac-dsp\/","title":{"rendered":"Placa PCB Ascensor Mac Puarsa 3VFMAC-DSP"},"content":{"rendered":"<p><strong>Mac Puarsa 3VFMAC-DSP<\/strong> es una tarjeta de inversor de elevador de alto rendimiento (PCB de elevador) dise\u00f1ada como el sustituto de nueva generaci\u00f3n de los antiguos variadores 3VF. Utiliza un procesador DSP de 32 bits con tiempos de instrucci\u00f3n de 6 ns para un control vectorial ultrarr\u00e1pido que permite una regulaci\u00f3n precisa del par y la velocidad. La placa admite motores as\u00edncronos (inducci\u00f3n) y s\u00edncronos (im\u00e1n permanente), y viene programada de f\u00e1brica para el control vectorial directo (parametrizaci\u00f3n directa de las constantes el\u00e9ctricas del motor) con el fin de optimizar el rendimiento.<br \/>\nLa arquitectura DSP y el vector espacial PWM permiten frecuencias de conmutaci\u00f3n m\u00e1s altas (hasta 20 kHz), reduciendo el ruido del motor para que pueda utilizarse en ascensores sin sala de m\u00e1quinas (MRL) con funcionamiento silencioso.<br \/>\nLa tarjeta proporciona una nivelaci\u00f3n extremadamente precisa: mediante un control de movimiento exacto, la cabina puede detenerse sin sobrepasar las puertas de aterrizaje, incluso sin un codificador de posici\u00f3n adicional (la nivelaci\u00f3n se realiza por tiempo o mediante un c\u00e1lculo de realimentaci\u00f3n virtual). El controlador puede incluso estimar la carga de la cabina para evitar el \"retroceso\" en la parada y acelerar el despacho directo a planta (eliminando la necesidad de interruptores de pesaje de carga independientes). Gracias a su control DSP, el accionamiento mantiene el rendimiento nominal independientemente de las fluctuaciones de la tensi\u00f3n de alimentaci\u00f3n (potencia adaptable a la tensi\u00f3n).<\/p>\n<p>Puede sustituir o funcionar junto con una amplia gama de m\u00f3dulos de control de ascensores Mac Puarsa, incluidos los variadores de las series F y DSP (por ejemplo, F3VF, F5\/F5-DSP, F10, 3VF-DSP, DSP-UK, DSP-PM), as\u00ed como los variadores de la familia 3VF\/3VFMAC (3VFMAC-DCP-6P, 3VF-NXP, 3VF9621-1BG10, etc.). Tambi\u00e9n se adapta a las distintas placas 3VFMAC1\/3VF1 (por ejemplo, 3VFMAC1-10\/20, 3VFMAC1-10\/400, 3VFMAC1-15\/400, 3VFMAC1-5, 3VFMAC1-A132D, 3VFMAC1-DSP, 3VFMAC1-DSP-1\/2, 3VFMAC1A-10\/400, 3VFMAC1A-15\/400).<\/p>\n<h2>Par\u00e1metros del producto<\/h2>\n<table style=\"height: 202px;\" width=\"711\">\n<tbody>\n<tr>\n<td width=\"213\">Marca<\/td>\n<td width=\"213\">Para Mac Puarsa<\/td>\n<\/tr>\n<tr>\n<td width=\"213\">Productos<\/td>\n<td width=\"213\">Ascensor PCB 3VFMAC-DSP<\/td>\n<\/tr>\n<tr>\n<td width=\"213\">Modelo<\/td>\n<td width=\"213\">3VFMAC-DSP<\/td>\n<\/tr>\n<tr>\n<td width=\"213\">Lugar de origen<\/td>\n<td width=\"213\">Original<\/td>\n<\/tr>\n<\/tbody>\n<\/table>\n<h2>Por qu\u00e9 nosotros<\/h2>\n<p>Potensi proporciona alta calidad Mac Puarsa 3VFMAC-DSP, dise\u00f1ado para ofrecer una fiabilidad excepcional y el rendimiento de los sistemas de ascensores modernos. Como un proveedor confiable de Placa PCB del elevador, ofrecemos una amplia gama de productos, incluyendo opciones especializadas como Mac Puarsa Elevator PCB Board, asegurando la compatibilidad con las principales marcas mundiales como \u00a0<a href=\"https:\/\/potensilift.com\/es\/categoria-producto\/marcas-piezas\/for-mitsubishi\/\"><u>Mitsubishi<\/u><\/a>, <a href=\"https:\/\/potensilift.com\/es\/categoria-producto\/marcas-piezas\/para-otis\/\"><u>Otis<\/u><\/a>, <a href=\"https:\/\/potensilift.com\/es\/categoria-producto\/marcas-piezas\/para-tke-thyssenkrupp\/\"><u>Thyssen<\/u><\/a>, <a href=\"https:\/\/potensilift.com\/es\/categoria-producto\/marcas-piezas\/for-hyundai\/\"><u>Hyundai<\/u><\/a>y <a href=\"https:\/\/potensilift.com\/es\/categoria-producto\/marcas-piezas\/otras-marcas-piezas\/\"><u>otros<\/u><\/a>. Con amplias existencias y precios competitivos, Potensi est\u00e1 preparado para satisfacer sus necesidades. <a href=\"https:\/\/potensilift.com\/es\/contact\/\"><u>CONTACTO Esther<\/u><\/a>\u00a0Potensi espera poder ayudarle a mejorar sus sistemas de ascensores.<\/p>","protected":false},"excerpt":{"rendered":"<p><strong data-start=\"174\" data-end=\"208\">Mac Puarsa 3VFMAC-DSP<\/strong>\u00a0es una genuina tarjeta de accionamiento del convertidor de frecuencia utilizada en los sistemas de accionamiento de ascensores Mac Puarsa. Como proveedor profesional de piezas de ascensores y escaleras mec\u00e1nicas, <strong data-start=\"354\" data-end=\"365\">POTENSI<\/strong> suministra tarjetas de accionamiento 3VFMAC originales a estrenar y tambi\u00e9n ofrece una gama completa de productos de control y accionamiento de ascensores Mac Puarsa, entre los que se incluyen <strong>3VFMAC-DCP-6P, 3VF-NXP, 3VF9621-1BG10, 3VFMAC1-10\/20, 3VFMAC1-10\/400, 3VFMAC1-15\/400, 3VFMAC1-5, 3VFMAC1-A132D, 3VFMAC1-DSP, 3VFMAC1-DSP-1, 3VFMAC1-DSP-2, 3VFMAC1A-10\/400, 3VFMAC1A-15\/400<\/strong>\u00a0y otras tarjetas de control Mac Puarsa relacionadas.<\/p>","protected":false},"featured_media":7233,"comment_status":"open","ping_status":"closed","template":"","meta":{"_seopress_robots_primary_cat":"none","_seopress_titles_title":"Mac Puarsa control boards | Affordable Elevator Parts","_seopress_titles_desc":"Get affordable Mac Puarsa control boards and Elevator PCB Board for elevators. Quality parts with great value for money.","_seopress_robots_index":""},"product_brand":[],"product_cat":[161,150],"product_tag":[],"class_list":{"0":"post-7232","1":"product","2":"type-product","3":"status-publish","4":"has-post-thumbnail","6":"product_cat-elevator-pcb","7":"product_cat-others-brands-parts","9":"first","10":"instock","11":"shipping-taxable","12":"purchasable","13":"product-type-simple"},"_links":{"self":[{"href":"https:\/\/potensilift.com\/es\/wp-json\/wp\/v2\/product\/7232"}],"collection":[{"href":"https:\/\/potensilift.com\/es\/wp-json\/wp\/v2\/product"}],"about":[{"href":"https:\/\/potensilift.com\/es\/wp-json\/wp\/v2\/types\/product"}],"replies":[{"embeddable":true,"href":"https:\/\/potensilift.com\/es\/wp-json\/wp\/v2\/comments?post=7232"}],"wp:featuredmedia":[{"embeddable":true,"href":"https:\/\/potensilift.com\/es\/wp-json\/wp\/v2\/media\/7233"}],"wp:attachment":[{"href":"https:\/\/potensilift.com\/es\/wp-json\/wp\/v2\/media?parent=7232"}],"wp:term":[{"taxonomy":"product_brand","embeddable":true,"href":"https:\/\/potensilift.com\/es\/wp-json\/wp\/v2\/product_brand?post=7232"},{"taxonomy":"product_cat","embeddable":true,"href":"https:\/\/potensilift.com\/es\/wp-json\/wp\/v2\/product_cat?post=7232"},{"taxonomy":"product_tag","embeddable":true,"href":"https:\/\/potensilift.com\/es\/wp-json\/wp\/v2\/product_tag?post=7232"}],"curies":[{"name":"wp","href":"https:\/\/api.w.org\/{rel}","templated":true}]}}