{"id":7163,"date":"2025-10-28T10:02:04","date_gmt":"2025-10-28T10:02:04","guid":{"rendered":"https:\/\/potensilift.com\/?post_type=product&#038;p=7163"},"modified":"2025-10-28T10:20:51","modified_gmt":"2025-10-28T10:20:51","slug":"elevator-pcb-t-encoder-2665-31-mod44444-x843-for-thyssenkrupp","status":"publish","type":"product","link":"https:\/\/potensilift.com\/es\/producto\/elevator-pcb-t-encoder-2665-31-mod44444-x843-for-thyssenkrupp\/","title":{"rendered":"Ascensor PCB T-Encoder 2665.31 MOD(44444) X843 para Thyssenkrupp"},"content":{"rendered":"<p>Elevator PCB T-Encoder 2665.31 MOD(44444) X843 para ThyssenKrupp es una placa de circuito de codificador esencial utilizada en el sistema de control de ascensores TKE. Su funci\u00f3n principal es transmitir datos precisos de velocidad y posici\u00f3n desde la cabina del ascensor al controlador principal, garantizando una nivelaci\u00f3n precisa, una aceleraci\u00f3n suave y una parada segura durante cada viaje.<\/p>\n<p>Esta placa de circuito impreso del ascensor TKE trabaja directamente con la tarjeta de control principal (UCM\/CPU) y el variador de frecuencia (VFD), formando parte de la red de retroalimentaci\u00f3n de bucle cerrado que mantiene el equilibrio de la cabina y el confort de marcha. Fabricadas seg\u00fan las normas EN60950-1, todas las placas de circuito impreso de ascensores Thyssenkrupp que suministramos est\u00e1n totalmente probadas y garantizadas para un rendimiento a largo plazo.<\/p>\n<p>Como proveedor profesional de piezas para ascensores, suministramos la gama completa de placas de circuito impreso CMC y CMC4 de Thyssenkrupp, incluidas:<br \/>\nPlaca UCM \/ CPU, Placa UBA, Placa UBF, Placa de comunicaci\u00f3n UCC, Placa UCO, Placa de control de grupo UCG y Placas URB \/ UTS.<br \/>\nTodos los productos son placas de circuito impreso para ascensores TKE nuevas y originales, disponibles para pedido inmediato y entrega en todo el mundo.<\/p>\n<p>Nuestro amplio inventario permite una entrega r\u00e1pida para mantenimiento, modernizaci\u00f3n o sustituci\u00f3n completa del sistema. Tanto si busca un \u00fanico PCB de ascensor T-Encoder 2665.31 MOD(44444) X843, como un juego completo de PCB TKE, le garantizamos que todos los productos son componentes originales Thyssenkrupp completamente nuevos, que cumplen las especificaciones exactas para ascensores de pasajeros, de carga o panor\u00e1micos.<\/p>\n<h2>Par\u00e1metros del producto<\/h2>\n<table style=\"height: 202px;\" width=\"711\">\n<tbody>\n<tr>\n<td width=\"213\">Marca<\/td>\n<td width=\"213\">Para Thyssenkrupp<\/td>\n<\/tr>\n<tr>\n<td width=\"213\">Productos<\/td>\n<td width=\"213\">Ascensor PCB T-Encoder 2665.31 MOD (44444) X843<\/td>\n<\/tr>\n<tr>\n<td width=\"213\">Modelo<\/td>\n<td width=\"213\">Codificador T 2665.31 MOD (44444) X843<\/td>\n<\/tr>\n<tr>\n<td width=\"213\">Lugar de origen<\/td>\n<td width=\"213\">Original<\/td>\n<\/tr>\n<\/tbody>\n<\/table>\n<h2>Por qu\u00e9 nosotros<\/h2>\n<p>Potensi proporciona alta calidad Thyssenkrupp Ascensor PCB T-Encoder 2665.31 MOD (44444) X843, dise\u00f1ado para ofrecer una fiabilidad excepcional y el rendimiento de los sistemas de ascensores modernos. Como proveedor de confianza de la placa PCB del elevador, ofrecemos una amplia gama de productos, incluyendo opciones especializadas como Thyssenkrupp Elevator PCB Board, asegurando la compatibilidad con las mejores marcas mundiales como \u00a0<a href=\"https:\/\/potensilift.com\/es\/categoria-producto\/marcas-piezas\/for-mitsubishi\/\"><u>Mitsubishi<\/u><\/a>, <a href=\"https:\/\/potensilift.com\/es\/categoria-producto\/marcas-piezas\/para-otis\/\"><u>Otis<\/u><\/a>, <a href=\"https:\/\/potensilift.com\/es\/categoria-producto\/marcas-piezas\/para-tke-thyssenkrupp\/\"><u>Thyssen<\/u><\/a>, <a href=\"https:\/\/potensilift.com\/es\/categoria-producto\/marcas-piezas\/for-hyundai\/\"><u>Hyundai<\/u><\/a>y <a href=\"https:\/\/potensilift.com\/es\/categoria-producto\/marcas-piezas\/otras-marcas-piezas\/\"><u>otros<\/u><\/a>. Con amplias existencias y precios competitivos, Potensi est\u00e1 preparado para satisfacer sus necesidades. <a href=\"https:\/\/potensilift.com\/es\/contact\/\"><u>CONTACTO Esther<\/u><\/a>\u00a0Potensi espera poder ayudarle a mejorar sus sistemas de ascensores.<\/p>","protected":false},"excerpt":{"rendered":"<p>Thyssenkrupp Elevator PCB T-Encoder 2665.31 MOD(44444) X843 es una placa de circuito impreso original para ascensores TKE dise\u00f1ada para la detecci\u00f3n precisa de la posici\u00f3n y la realimentaci\u00f3n de la se\u00f1al de control. Instalada en los sistemas CMC y CMC4 de Thyssenkrupp, esta placa de circuito impreso para ascensores de alta calidad garantiza un funcionamiento sin problemas y una nivelaci\u00f3n precisa. Tambi\u00e9n suministramos una gama completa de placas de circuito impreso de ascensores TKE, incluidas las placas UCM, UCO, UCC, UCG y UBA, todas ellas 100% originales y completamente nuevas.<\/p>","protected":false},"featured_media":7164,"comment_status":"open","ping_status":"closed","template":"","meta":{"_seopress_robots_primary_cat":"none","_seopress_titles_title":"Thyssenkrupp Elevator PCB Board | Affordable Elevator Parts","_seopress_titles_desc":"Get affordable Thyssenkrupp Elevator PCB Board and Elevator PCB Board for elevators. Quality parts with great value for money.","_seopress_robots_index":""},"product_brand":[],"product_cat":[161,129],"product_tag":[],"class_list":{"0":"post-7163","1":"product","2":"type-product","3":"status-publish","4":"has-post-thumbnail","6":"product_cat-elevator-pcb","7":"product_cat-for-tke-thyssenkrupp","9":"first","10":"instock","11":"shipping-taxable","12":"purchasable","13":"product-type-simple"},"_links":{"self":[{"href":"https:\/\/potensilift.com\/es\/wp-json\/wp\/v2\/product\/7163"}],"collection":[{"href":"https:\/\/potensilift.com\/es\/wp-json\/wp\/v2\/product"}],"about":[{"href":"https:\/\/potensilift.com\/es\/wp-json\/wp\/v2\/types\/product"}],"replies":[{"embeddable":true,"href":"https:\/\/potensilift.com\/es\/wp-json\/wp\/v2\/comments?post=7163"}],"wp:featuredmedia":[{"embeddable":true,"href":"https:\/\/potensilift.com\/es\/wp-json\/wp\/v2\/media\/7164"}],"wp:attachment":[{"href":"https:\/\/potensilift.com\/es\/wp-json\/wp\/v2\/media?parent=7163"}],"wp:term":[{"taxonomy":"product_brand","embeddable":true,"href":"https:\/\/potensilift.com\/es\/wp-json\/wp\/v2\/product_brand?post=7163"},{"taxonomy":"product_cat","embeddable":true,"href":"https:\/\/potensilift.com\/es\/wp-json\/wp\/v2\/product_cat?post=7163"},{"taxonomy":"product_tag","embeddable":true,"href":"https:\/\/potensilift.com\/es\/wp-json\/wp\/v2\/product_tag?post=7163"}],"curies":[{"name":"wp","href":"https:\/\/api.w.org\/{rel}","templated":true}]}}