{"id":6943,"date":"2025-07-08T08:46:34","date_gmt":"2025-07-08T08:46:34","guid":{"rendered":"https:\/\/potensilift.com\/?post_type=product&#038;p=6943"},"modified":"2025-07-08T08:52:16","modified_gmt":"2025-07-08T08:52:16","slug":"escalator-handrail-slider-55x120mm-for-saney","status":"publish","type":"product","link":"https:\/\/potensilift.com\/es\/producto\/escalator-handrail-slider-55x120mm-for-saney\/","title":{"rendered":"Deslizador de pasamanos de escalera mec\u00e1nica 55x120mm para Saney"},"content":{"rendered":"<p>Mejore la comodidad y la seguridad del usuario con el POTENSI <strong>Deslizador de pasamanos de escalera mec\u00e1nica 55x120mm para Saney<\/strong>. Esta prima <strong>Deslizador de pasamanos de escalera mec\u00e1nica para Saney<\/strong> est\u00e1 dise\u00f1ado para integrarse f\u00e1cilmente y funcionar sin problemas. Tanto si desea mejorar <strong>Deslizador de pasamanos de escalera mec\u00e1nica<\/strong>\u00a0o centr\u00e1ndose en componentes precisos, POTENSI garantiza una soluci\u00f3n fiable y duradera para cada instalaci\u00f3n de escaleras mec\u00e1nicas.<\/p>\n<h2>Par\u00e1metros del producto<\/h2>\n<table>\n<tbody>\n<tr>\n<td width=\"355\">Marca<\/td>\n<td width=\"355\">Para Saney<\/td>\n<\/tr>\n<tr>\n<td width=\"355\">Productos<\/td>\n<td width=\"355\">Deslizador de pasamanos de escalera 55x120mm<\/td>\n<\/tr>\n<tr>\n<td width=\"355\">Modelo<\/td>\n<td width=\"355\">55x120 mm<\/td>\n<\/tr>\n<tr>\n<td width=\"355\">Lugar de origen<\/td>\n<td width=\"355\">China<\/td>\n<\/tr>\n<\/tbody>\n<\/table>\n<h2>Por qu\u00e9 nosotros<\/h2>\n<p>Potensi proporciona el resbalador 55x120m m del pasamano de la escalera mec\u00e1nica de alta calidad para Saney, dirigido para entregar confiabilidad y funcionamiento excepcionales para los sistemas modernos del elevador. Como proveedor de confianza de Escalera pasamanos deslizante, ofrecemos una amplia gama de productos, incluyendo opciones especializadas como Escalera pasamanos deslizante para Saney, asegurando la compatibilidad con las principales marcas mundiales, tales como \u00a0<a href=\"https:\/\/potensilift.com\/es\/categoria-producto\/marcas-piezas\/for-mitsubishi\/\"><u>Mitsubishi<\/u><\/a>, <a href=\"https:\/\/potensilift.com\/es\/categoria-producto\/marcas-piezas\/para-otis\/\"><u>Otis<\/u><\/a>, <a href=\"https:\/\/potensilift.com\/es\/categoria-producto\/marcas-piezas\/para-tke-thyssenkrupp\/\"><u>Thyssen<\/u><\/a>, <a href=\"https:\/\/potensilift.com\/es\/categoria-producto\/marcas-piezas\/for-hyundai\/\"><u>Hyundai<\/u><\/a>y <a href=\"https:\/\/potensilift.com\/es\/categoria-producto\/marcas-piezas\/otras-marcas-piezas\/\"><u>otros<\/u><\/a>. Con amplias existencias y precios competitivos, Potensi est\u00e1 preparado para satisfacer sus necesidades. <a href=\"https:\/\/potensilift.com\/es\/contact\/\"><u>CONTACTO Esther<\/u><\/a>\u00a0Potensi espera poder ayudarle a mejorar sus sistemas de ascensores.<\/p>","protected":false},"excerpt":{"rendered":"<p>El deslizador de pasamanos de escaleras mec\u00e1nicas POTENSI para Saney ofrece un rendimiento y una durabilidad excepcionales, dise\u00f1ado para un funcionamiento suave y fiable de las escaleras mec\u00e1nicas. Ideal para deslizador de pasamanos de escaleras mec\u00e1nicas.<\/p>","protected":false},"featured_media":6944,"comment_status":"open","ping_status":"closed","template":"","meta":{"_seopress_robots_primary_cat":"none","_seopress_titles_title":"Stylish Escalator handrail slider for Modern Escalators - POTENSI","_seopress_titles_desc":"Enhance your escalator design with the Escalator handrail slider 55x120mm for Saney, perfect for creating a stylish and contemporary look.","_seopress_robots_index":""},"product_brand":[],"product_cat":[126,150],"product_tag":[],"class_list":{"0":"post-6943","1":"product","2":"type-product","3":"status-publish","4":"has-post-thumbnail","6":"product_cat-others-escalator-parts","7":"product_cat-others-brands-parts","9":"first","10":"instock","11":"shipping-taxable","12":"purchasable","13":"product-type-simple"},"_links":{"self":[{"href":"https:\/\/potensilift.com\/es\/wp-json\/wp\/v2\/product\/6943"}],"collection":[{"href":"https:\/\/potensilift.com\/es\/wp-json\/wp\/v2\/product"}],"about":[{"href":"https:\/\/potensilift.com\/es\/wp-json\/wp\/v2\/types\/product"}],"replies":[{"embeddable":true,"href":"https:\/\/potensilift.com\/es\/wp-json\/wp\/v2\/comments?post=6943"}],"wp:featuredmedia":[{"embeddable":true,"href":"https:\/\/potensilift.com\/es\/wp-json\/wp\/v2\/media\/6944"}],"wp:attachment":[{"href":"https:\/\/potensilift.com\/es\/wp-json\/wp\/v2\/media?parent=6943"}],"wp:term":[{"taxonomy":"product_brand","embeddable":true,"href":"https:\/\/potensilift.com\/es\/wp-json\/wp\/v2\/product_brand?post=6943"},{"taxonomy":"product_cat","embeddable":true,"href":"https:\/\/potensilift.com\/es\/wp-json\/wp\/v2\/product_cat?post=6943"},{"taxonomy":"product_tag","embeddable":true,"href":"https:\/\/potensilift.com\/es\/wp-json\/wp\/v2\/product_tag?post=6943"}],"curies":[{"name":"wp","href":"https:\/\/api.w.org\/{rel}","templated":true}]}}