{"id":6923,"date":"2025-07-08T07:06:27","date_gmt":"2025-07-08T07:06:27","guid":{"rendered":"https:\/\/potensilift.com\/?post_type=product&#038;p=6923"},"modified":"2025-07-08T07:49:26","modified_gmt":"2025-07-08T07:49:26","slug":"escalator-right-handrail-entry-assembly-pn8001630000-for-tke-velino","status":"publish","type":"product","link":"https:\/\/potensilift.com\/es\/producto\/escalator-right-handrail-entry-assembly-pn8001630000-for-tke-velino\/","title":{"rendered":"Escalator right handrail entry assembly PN8001630000 for TKE velino"},"content":{"rendered":"<p>Mejore la comodidad y la seguridad del usuario con el POTENSI <strong>Escalator handrail entry assembly<\/strong>. Esta prima <strong>Escalator right handrail entry assembly PN8001630000 for TKE velino<\/strong> est\u00e1 dise\u00f1ado para integrarse f\u00e1cilmente y funcionar sin problemas. Tanto si desea mejorar <strong>Escalator right handrail entry assembly for TKE velino<\/strong>\u00a0o centr\u00e1ndose en componentes precisos, POTENSI garantiza una soluci\u00f3n fiable y duradera para cada instalaci\u00f3n de escaleras mec\u00e1nicas.<\/p>\n<h2>Par\u00e1metros del producto<\/h2>\n<table>\n<tbody>\n<tr>\n<td width=\"355\">Marca<\/td>\n<td width=\"355\">For TKE velino<\/td>\n<\/tr>\n<tr>\n<td width=\"355\">Productos<\/td>\n<td width=\"355\">Escalator right handrail entry assembly PN8001630000<\/td>\n<\/tr>\n<tr>\n<td width=\"355\">Modelo<\/td>\n<td width=\"355\">PN8001630000<\/td>\n<\/tr>\n<tr>\n<td width=\"355\">Lugar de origen<\/td>\n<td width=\"355\">China<\/td>\n<\/tr>\n<\/tbody>\n<\/table>\n<h2>Por qu\u00e9 nosotros<\/h2>\n<p>Potensi provides high-quality Escalator right handrail entry assembly PN8001630000 for TKE velino, engineered to deliver exceptional reliability and performance for modern elevator systems. As a trusted supplier of Escalator handrail entry assembly, we offer a wide range of products, including specialized options like Escalator handrail entry assembly for TKE velino, ensuring compatibility with top global brands such as \u00a0<a href=\"https:\/\/potensilift.com\/es\/categoria-producto\/marcas-piezas\/for-mitsubishi\/\"><u>Mitsubishi<\/u><\/a>, <a href=\"https:\/\/potensilift.com\/es\/categoria-producto\/marcas-piezas\/para-otis\/\"><u>Otis<\/u><\/a>, <a href=\"https:\/\/potensilift.com\/es\/categoria-producto\/marcas-piezas\/para-tke-thyssenkrupp\/\"><u>Thyssen<\/u><\/a>, <a href=\"https:\/\/potensilift.com\/es\/categoria-producto\/marcas-piezas\/for-hyundai\/\"><u>Hyundai<\/u><\/a>y <a href=\"https:\/\/potensilift.com\/es\/categoria-producto\/marcas-piezas\/otras-marcas-piezas\/\"><u>otros<\/u><\/a>. Con amplias existencias y precios competitivos, Potensi est\u00e1 preparado para satisfacer sus necesidades. <a href=\"https:\/\/potensilift.com\/es\/contact\/\"><u>CONTACTO Esther<\/u><\/a>\u00a0Potensi espera poder ayudarle a mejorar sus sistemas de ascensores.<\/p>","protected":false},"excerpt":{"rendered":"<p>POTENSI Escalator right handrail entry assembly PN8001630000 for TKE velino offers outstanding performance and durability, engineered for smooth and reliable escalator operation. Ideal for Escalator handrail entry assembly.<\/p>","protected":false},"featured_media":6925,"comment_status":"open","ping_status":"closed","template":"","meta":{"_seopress_robots_primary_cat":"none","_seopress_titles_title":"Stylish Escalator handrail entry assembly for Modern Escalators - POTENSI","_seopress_titles_desc":"Enhance your escalator design with the Escalator handrail entry assembly for TKE, perfect for creating a stylish and contemporary look.","_seopress_robots_index":""},"product_brand":[],"product_cat":[129,126],"product_tag":[],"class_list":{"0":"post-6923","1":"product","2":"type-product","3":"status-publish","4":"has-post-thumbnail","6":"product_cat-for-tke-thyssenkrupp","7":"product_cat-others-escalator-parts","9":"first","10":"instock","11":"shipping-taxable","12":"purchasable","13":"product-type-simple"},"_links":{"self":[{"href":"https:\/\/potensilift.com\/es\/wp-json\/wp\/v2\/product\/6923"}],"collection":[{"href":"https:\/\/potensilift.com\/es\/wp-json\/wp\/v2\/product"}],"about":[{"href":"https:\/\/potensilift.com\/es\/wp-json\/wp\/v2\/types\/product"}],"replies":[{"embeddable":true,"href":"https:\/\/potensilift.com\/es\/wp-json\/wp\/v2\/comments?post=6923"}],"wp:featuredmedia":[{"embeddable":true,"href":"https:\/\/potensilift.com\/es\/wp-json\/wp\/v2\/media\/6925"}],"wp:attachment":[{"href":"https:\/\/potensilift.com\/es\/wp-json\/wp\/v2\/media?parent=6923"}],"wp:term":[{"taxonomy":"product_brand","embeddable":true,"href":"https:\/\/potensilift.com\/es\/wp-json\/wp\/v2\/product_brand?post=6923"},{"taxonomy":"product_cat","embeddable":true,"href":"https:\/\/potensilift.com\/es\/wp-json\/wp\/v2\/product_cat?post=6923"},{"taxonomy":"product_tag","embeddable":true,"href":"https:\/\/potensilift.com\/es\/wp-json\/wp\/v2\/product_tag?post=6923"}],"curies":[{"name":"wp","href":"https:\/\/api.w.org\/{rel}","templated":true}]}}