{"id":6884,"date":"2025-07-08T05:51:17","date_gmt":"2025-07-08T05:51:17","guid":{"rendered":"https:\/\/potensilift.com\/?post_type=product&#038;p=6884"},"modified":"2025-07-08T05:56:48","modified_gmt":"2025-07-08T05:56:48","slug":"elevator-encoder-ern-1331-061-1024-id1169566-05-for-heidenhain","status":"publish","type":"product","link":"https:\/\/potensilift.com\/es\/producto\/elevator-encoder-ern-1331-061-1024-id1169566-05-for-heidenhain\/","title":{"rendered":"Codificador de ascensor ERN 1331.061-1024 ID1169566-05 para Heidenhain"},"content":{"rendered":"<p>POTENSI <strong>Codificador de ascensor ERN 1331.061-1024 ID1169566-05 para Heidenhain<\/strong> es la clave para mantener una experiencia de ascensor fluida y estable. Dise\u00f1ada con precisi\u00f3n y fabricada con materiales de alta calidad, esta soluci\u00f3n se integra perfectamente en su sistema, garantizando un rendimiento a largo plazo. Tanto si est\u00e1 actualizando <strong>Codificador del ascensor<\/strong> o buscando mejoras espec\u00edficas como <strong>Codificador de ascensor Heidenhain<\/strong>POTENSI ofrece soluciones fiables y f\u00e1ciles de instalar. Aumente la estabilidad con confianza hoy mismo.<\/p>\n<h2>Par\u00e1metros del producto<\/h2>\n<table style=\"height: 243px;\" width=\"879\">\n<tbody>\n<tr>\n<td width=\"284\">Marca<\/td>\n<td width=\"284\">Para Heidenhain<\/td>\n<\/tr>\n<tr>\n<td width=\"284\">Productos<\/td>\n<td width=\"284\">Codificador de ascensor ERN 1331.061-1024 ID1169566-05<\/td>\n<\/tr>\n<tr>\n<td width=\"284\">Modelo<\/td>\n<td width=\"284\">ERN 1331.061-1024 ID1169566-05<\/td>\n<\/tr>\n<tr>\n<td width=\"284\">Lugar de origen<\/td>\n<td width=\"284\">China<\/td>\n<\/tr>\n<\/tbody>\n<\/table>\n<h2>Por qu\u00e9 nosotros<\/h2>\n<p>Potensi proporciona Encoder para ascensores ERN 1331.061-1024 ID1169566-05 de alta calidad para Heidenhain, dise\u00f1ado para ofrecer una fiabilidad y un rendimiento excepcionales para los sistemas de ascensores modernos. Como proveedor de confianza de Codificador de ascensor, ofrecemos una amplia gama de productos, incluyendo opciones especializadas como Codificador de ascensor Heidenhain, garantizando la compatibilidad con las principales marcas mundiales, tales como \u00a0<a href=\"https:\/\/potensilift.com\/es\/categoria-producto\/marcas-piezas\/for-mitsubishi\/\"><u>Mitsubishi<\/u><\/a>, <a href=\"https:\/\/potensilift.com\/es\/categoria-producto\/marcas-piezas\/para-otis\/\"><u>Otis<\/u><\/a>, <a href=\"https:\/\/potensilift.com\/es\/categoria-producto\/marcas-piezas\/para-tke-thyssenkrupp\/\"><u>Thyssen<\/u><\/a>, <a href=\"https:\/\/potensilift.com\/es\/categoria-producto\/marcas-piezas\/for-hyundai\/\"><u>Hyundai<\/u><\/a>y <a href=\"https:\/\/potensilift.com\/es\/categoria-producto\/marcas-piezas\/otras-marcas-piezas\/\"><u>otros<\/u><\/a>. Con amplias existencias y precios competitivos, Potensi est\u00e1 preparado para satisfacer sus necesidades. <a href=\"https:\/\/potensilift.com\/es\/contact\/\"><u>CONTACTO Esther<\/u><\/a>\u00a0Potensi espera poder ayudarle a mejorar sus sistemas de ascensores.<\/p>","protected":false},"excerpt":{"rendered":"<p>Garantice un funcionamiento suave y seguro con el enc\u00f3der de ascensor POTENSI, dise\u00f1ado para una compatibilidad precisa con su sistema. Nuestro codificador de ascensor ERN 1331.061-1024 ID1169566-05 para Heidenhain ofrece un rendimiento fiable.<\/p>","protected":false},"featured_media":6886,"comment_status":"open","ping_status":"closed","template":"","meta":{"_seopress_robots_primary_cat":"none","_seopress_titles_title":"Elevator Encoder | Elevator Encoder ERN 1331.061-1024 ID1169566-05 for Heidenhain | Elevator Solutions - POTENSI","_seopress_titles_desc":"Explore our wide range of Elevator Encoder and Elevator Encoder ERN 1331.061-1024 ID1169566-05 for Heidenhain for elevators. Ideal for maintenance and upgrades.","_seopress_robots_index":""},"product_brand":[],"product_cat":[170,150],"product_tag":[],"class_list":{"0":"post-6884","1":"product","2":"type-product","3":"status-publish","4":"has-post-thumbnail","6":"product_cat-elevator-encoder","7":"product_cat-others-brands-parts","9":"first","10":"instock","11":"shipping-taxable","12":"purchasable","13":"product-type-simple"},"_links":{"self":[{"href":"https:\/\/potensilift.com\/es\/wp-json\/wp\/v2\/product\/6884"}],"collection":[{"href":"https:\/\/potensilift.com\/es\/wp-json\/wp\/v2\/product"}],"about":[{"href":"https:\/\/potensilift.com\/es\/wp-json\/wp\/v2\/types\/product"}],"replies":[{"embeddable":true,"href":"https:\/\/potensilift.com\/es\/wp-json\/wp\/v2\/comments?post=6884"}],"wp:featuredmedia":[{"embeddable":true,"href":"https:\/\/potensilift.com\/es\/wp-json\/wp\/v2\/media\/6886"}],"wp:attachment":[{"href":"https:\/\/potensilift.com\/es\/wp-json\/wp\/v2\/media?parent=6884"}],"wp:term":[{"taxonomy":"product_brand","embeddable":true,"href":"https:\/\/potensilift.com\/es\/wp-json\/wp\/v2\/product_brand?post=6884"},{"taxonomy":"product_cat","embeddable":true,"href":"https:\/\/potensilift.com\/es\/wp-json\/wp\/v2\/product_cat?post=6884"},{"taxonomy":"product_tag","embeddable":true,"href":"https:\/\/potensilift.com\/es\/wp-json\/wp\/v2\/product_tag?post=6884"}],"curies":[{"name":"wp","href":"https:\/\/api.w.org\/{rel}","templated":true}]}}