{"id":6798,"date":"2025-07-07T09:50:36","date_gmt":"2025-07-07T09:50:36","guid":{"rendered":"https:\/\/potensilift.com\/?post_type=product&#038;p=6798"},"modified":"2025-07-07T09:59:13","modified_gmt":"2025-07-07T09:59:13","slug":"elevator-encoder-eqn-1325-a-m-0512-i-1vss-08v-k7-for-rexroth","status":"publish","type":"product","link":"https:\/\/potensilift.com\/es\/producto\/elevator-encoder-eqn-1325-a-m-0512-i-1vss-08v-k7-for-rexroth\/","title":{"rendered":"Codificador de ascensor EQN 1325-A-M-0512-I-1VSS-08V-K7 para REXROTH"},"content":{"rendered":"<p>POTENSI <strong>Codificador de ascensor EQN 1325-A-M-0512-I-1VSS-08V-K7 (R911320263) para REXROTH\u00a0<\/strong>es la clave para mantener una experiencia de ascensor fluida y estable. Dise\u00f1ada con precisi\u00f3n y fabricada con materiales de alta calidad, esta soluci\u00f3n se integra perfectamente en su sistema, garantizando un rendimiento a largo plazo. Tanto si est\u00e1 actualizando <strong>codificador elevador<\/strong> o buscando mejoras espec\u00edficas como <strong>codificador elevador para REXROTH<\/strong>POTENSI ofrece soluciones fiables y f\u00e1ciles de instalar. Aumente la estabilidad con confianza hoy mismo.<\/p>\n<h2>Par\u00e1metros del producto<\/h2>\n<table style=\"height: 230px;\" width=\"708\">\n<tbody>\n<tr>\n<td width=\"213\">Marca<\/td>\n<td width=\"213\">Para REXROTH<\/td>\n<\/tr>\n<tr>\n<td width=\"213\">Productos<\/td>\n<td width=\"213\">Codificador de ascensor EQN 1325-A-M-0512-I-1VSS-08V-K7<\/td>\n<\/tr>\n<tr>\n<td width=\"213\">Modelo<\/td>\n<td width=\"213\">EQN 1325\u2011A\u2011M\u20110512\u2011I\u20111VSS\u201108V\u2011K7<\/td>\n<\/tr>\n<tr>\n<td width=\"213\">Lugar de origen<\/td>\n<td width=\"213\">China<\/td>\n<\/tr>\n<\/tbody>\n<\/table>\n<h2>Por qu\u00e9 nosotros<\/h2>\n<p>Potensi proporciona enc\u00f3der para ascensor EQN 1325-A-M-0512-I-1VSS-08V-K7 de alta calidad para REXROTH, dise\u00f1ado para ofrecer una fiabilidad y un rendimiento excepcionales para los sistemas de ascensores modernos. Como proveedor de confianza de codificador de ascensor, ofrecemos una amplia gama de productos, incluyendo opciones especializadas como codificador de ascensor para REXROTH, garantizando la compatibilidad con las principales marcas mundiales, tales como \u00a0<a href=\"https:\/\/potensilift.com\/es\/categoria-producto\/marcas-piezas\/for-mitsubishi\/\"><u>Mitsubishi<\/u><\/a>, <a href=\"https:\/\/potensilift.com\/es\/categoria-producto\/marcas-piezas\/para-otis\/\"><u>Otis<\/u><\/a>, <a href=\"https:\/\/potensilift.com\/es\/categoria-producto\/marcas-piezas\/para-tke-thyssenkrupp\/\"><u>Thyssen<\/u><\/a>, <a href=\"https:\/\/potensilift.com\/es\/categoria-producto\/marcas-piezas\/for-hyundai\/\"><u>Hyundai<\/u><\/a>y <a href=\"https:\/\/potensilift.com\/es\/categoria-producto\/marcas-piezas\/otras-marcas-piezas\/\"><u>otros<\/u><\/a>. Con amplias existencias y precios competitivos, Potensi est\u00e1 preparado para satisfacer sus necesidades. <a href=\"https:\/\/potensilift.com\/es\/contact\/\"><u>CONTACTO Esther<\/u><\/a>\u00a0Potensi espera poder ayudarle a mejorar sus sistemas de ascensores.<\/p>","protected":false},"excerpt":{"rendered":"<p>Para obtener el m\u00e1ximo rendimiento, elija el enc\u00f3der de ascensor POTENSI, dise\u00f1ado para cumplir las normas industriales m\u00e1s exigentes. Perfecto para componentes cr\u00edticos para la seguridad, como el enc\u00f3der de ascensor EQN 1325-A-M-0512-I-1VSS-08V-K7 para REXROTH.<\/p>","protected":false},"featured_media":6801,"comment_status":"open","ping_status":"closed","template":"","meta":{"_seopress_robots_primary_cat":"none","_seopress_titles_title":"Elevator encoder EQN 1325\u2011A\u2011M\u20110512\u2011I\u20111VSS\u201108V\u2011K7 for REXROTH | Elevator Parts with Discounts","_seopress_titles_desc":"Shop elevator encoder and get discounts on elevator encoder EQN 1325\u2011A\u2011M\u20110512\u2011I\u20111VSS\u201108V\u2011K7 for REXROTH. Ideal for large-scale elevator projects.","_seopress_robots_index":""},"product_brand":[],"product_cat":[170,150],"product_tag":[],"class_list":{"0":"post-6798","1":"product","2":"type-product","3":"status-publish","4":"has-post-thumbnail","6":"product_cat-elevator-encoder","7":"product_cat-others-brands-parts","9":"first","10":"instock","11":"shipping-taxable","12":"purchasable","13":"product-type-simple"},"_links":{"self":[{"href":"https:\/\/potensilift.com\/es\/wp-json\/wp\/v2\/product\/6798"}],"collection":[{"href":"https:\/\/potensilift.com\/es\/wp-json\/wp\/v2\/product"}],"about":[{"href":"https:\/\/potensilift.com\/es\/wp-json\/wp\/v2\/types\/product"}],"replies":[{"embeddable":true,"href":"https:\/\/potensilift.com\/es\/wp-json\/wp\/v2\/comments?post=6798"}],"wp:featuredmedia":[{"embeddable":true,"href":"https:\/\/potensilift.com\/es\/wp-json\/wp\/v2\/media\/6801"}],"wp:attachment":[{"href":"https:\/\/potensilift.com\/es\/wp-json\/wp\/v2\/media?parent=6798"}],"wp:term":[{"taxonomy":"product_brand","embeddable":true,"href":"https:\/\/potensilift.com\/es\/wp-json\/wp\/v2\/product_brand?post=6798"},{"taxonomy":"product_cat","embeddable":true,"href":"https:\/\/potensilift.com\/es\/wp-json\/wp\/v2\/product_cat?post=6798"},{"taxonomy":"product_tag","embeddable":true,"href":"https:\/\/potensilift.com\/es\/wp-json\/wp\/v2\/product_tag?post=6798"}],"curies":[{"name":"wp","href":"https:\/\/api.w.org\/{rel}","templated":true}]}}