{"id":6750,"date":"2025-06-13T10:03:31","date_gmt":"2025-06-13T10:03:31","guid":{"rendered":"https:\/\/potensilift.com\/?post_type=product&#038;p=6750"},"modified":"2025-06-13T10:06:20","modified_gmt":"2025-06-13T10:06:20","slug":"elevator-contactor-lc1dt40md-4-pol-ac1-40a-220vdc-for-schneider","status":"publish","type":"product","link":"https:\/\/potensilift.com\/es\/producto\/elevator-contactor-lc1dt40md-4-pol-ac1-40a-220vdc-for-schneider\/","title":{"rendered":"Contactor de ascensor LC1DT40MD 4 POL. AC1 40A 220VDC para Schneider"},"content":{"rendered":"<p>POTENSI <strong>Schneider contactor de ascensor LC1DT40MD 4 POL. AC1 40A 220VDC<\/strong> es la clave para mantener una experiencia de ascensor fluida y estable. Dise\u00f1ada con precisi\u00f3n y fabricada con materiales de alta calidad, esta soluci\u00f3n se integra perfectamente en su sistema, garantizando fiabilidad y rendimiento a largo plazo. Tanto si est\u00e1 actualizando <strong>contactor del ascensor<\/strong> o buscando mejoras espec\u00edficas como <strong>Contactor de ascensor Schneider<\/strong>POTENSI ofrece soluciones fiables y f\u00e1ciles de instalar. Aumente la estabilidad con confianza hoy mismo.<\/p>\n<h2>Par\u00e1metros del producto<\/h2>\n<table style=\"height: 220px;\" width=\"741\">\n<tbody>\n<tr>\n<td width=\"213\">Marca<\/td>\n<td width=\"213\">Para Schneider<\/td>\n<\/tr>\n<tr>\n<td width=\"213\">Productos<\/td>\n<td width=\"213\">Contactor de ascensor LC1DT40MD 4 POL. AC1 40A 220VDC<\/td>\n<\/tr>\n<tr>\n<td width=\"213\">Modelo<\/td>\n<td width=\"213\">LC1DT40MD 4 POL. AC1 40A 220VDC<\/td>\n<\/tr>\n<tr>\n<td width=\"213\">Lugar de origen<\/td>\n<td width=\"213\">China<\/td>\n<\/tr>\n<\/tbody>\n<\/table>\n<h2>Por qu\u00e9 nosotros<\/h2>\n<p>Potensi ofrece contactores para ascensores Schneider LC1DT40MD 4 POL. AC1 40A 220VDC, dise\u00f1ado para ofrecer una fiabilidad y un rendimiento excepcionales para los sistemas de ascensores modernos. Como proveedor de confianza de contactores para ascensores, ofrecemos una amplia gama de productos, incluyendo opciones especializadas como el contactor para ascensores Schneider, garantizando la compatibilidad con las principales marcas mundiales como \u00a0<a href=\"https:\/\/potensilift.com\/es\/categoria-producto\/marcas-piezas\/for-mitsubishi\/\"><u>Mitsubishi<\/u><\/a>, <a href=\"https:\/\/potensilift.com\/es\/categoria-producto\/marcas-piezas\/para-otis\/\"><u>Otis<\/u><\/a>, <a href=\"https:\/\/potensilift.com\/es\/categoria-producto\/marcas-piezas\/para-tke-thyssenkrupp\/\"><u>Thyssen<\/u><\/a>, <a href=\"https:\/\/potensilift.com\/es\/categoria-producto\/marcas-piezas\/for-hyundai\/\"><u>Hyundai<\/u><\/a>y <a href=\"https:\/\/potensilift.com\/es\/categoria-producto\/marcas-piezas\/otras-marcas-piezas\/\"><u>otros<\/u><\/a>. Con amplias existencias y precios competitivos, Potensi est\u00e1 preparado para satisfacer sus necesidades. <a href=\"https:\/\/potensilift.com\/es\/contact\/\"><u>CONTACTO Esther<\/u><\/a>\u00a0Potensi espera poder ayudarle a mejorar sus sistemas de ascensores.<\/p>","protected":false},"excerpt":{"rendered":"<p>El contactor de ascensor POTENSI proporciona fiabilidad y precisi\u00f3n duraderas, lo que lo convierte en una soluci\u00f3n ideal para el funcionamiento sin problemas de los ascensores. Perfecto para aplicaciones como Contactor de ascensor Schneider LC1DT40MD 4 POL. AC1 40A 220VDC.<\/p>","protected":false},"featured_media":6753,"comment_status":"open","ping_status":"closed","template":"","meta":{"_seopress_robots_primary_cat":"none","_seopress_titles_title":"Schneider elevator contactor LC1DT40MD 4 POL. AC1 40A 220VDC | Elevator Solutions","_seopress_titles_desc":"Explore our wide range of elevator contactor and Schneider elevator contactor LC1DT40MD 4 POL. AC1 40A 220VDC for elevators. Ideal for maintenance and upgrades.","_seopress_robots_index":""},"product_brand":[],"product_cat":[109,150],"product_tag":[],"class_list":{"0":"post-6750","1":"product","2":"type-product","3":"status-publish","4":"has-post-thumbnail","6":"product_cat-others-elevator-parts","7":"product_cat-others-brands-parts","9":"first","10":"instock","11":"shipping-taxable","12":"purchasable","13":"product-type-simple"},"_links":{"self":[{"href":"https:\/\/potensilift.com\/es\/wp-json\/wp\/v2\/product\/6750"}],"collection":[{"href":"https:\/\/potensilift.com\/es\/wp-json\/wp\/v2\/product"}],"about":[{"href":"https:\/\/potensilift.com\/es\/wp-json\/wp\/v2\/types\/product"}],"replies":[{"embeddable":true,"href":"https:\/\/potensilift.com\/es\/wp-json\/wp\/v2\/comments?post=6750"}],"wp:featuredmedia":[{"embeddable":true,"href":"https:\/\/potensilift.com\/es\/wp-json\/wp\/v2\/media\/6753"}],"wp:attachment":[{"href":"https:\/\/potensilift.com\/es\/wp-json\/wp\/v2\/media?parent=6750"}],"wp:term":[{"taxonomy":"product_brand","embeddable":true,"href":"https:\/\/potensilift.com\/es\/wp-json\/wp\/v2\/product_brand?post=6750"},{"taxonomy":"product_cat","embeddable":true,"href":"https:\/\/potensilift.com\/es\/wp-json\/wp\/v2\/product_cat?post=6750"},{"taxonomy":"product_tag","embeddable":true,"href":"https:\/\/potensilift.com\/es\/wp-json\/wp\/v2\/product_tag?post=6750"}],"curies":[{"name":"wp","href":"https:\/\/api.w.org\/{rel}","templated":true}]}}