{"id":6687,"date":"2025-06-11T08:03:05","date_gmt":"2025-06-11T08:03:05","guid":{"rendered":"https:\/\/potensilift.com\/?post_type=product&#038;p=6687"},"modified":"2025-06-11T08:08:40","modified_gmt":"2025-06-11T08:08:40","slug":"codificador-c50-h-1024-zcu-410-l2-para-lika","status":"publish","type":"product","link":"https:\/\/potensilift.com\/es\/producto\/codificador-c50-h-1024-zcu-410-l2-para-lika\/","title":{"rendered":"Encoder C50-H-1024 ZCU 410 L2 para Lika"},"content":{"rendered":"<p>POTENSI <strong>Encoder C50-H-1024 ZCU 410 L2 Para Lika<\/strong>\u00a0redefine la seguridad en las operaciones del ascensor. Fabricado con materiales de calidad superior y una artesan\u00eda meticulosa, se integra a la perfecci\u00f3n con su <strong>Codificador de ascensor para Lika<\/strong>\u00a0para garantizar la fiabilidad a largo plazo. En general <strong>Codificador del ascensor<\/strong> actualizadas para aplicaciones de seguridad espec\u00edficas, las soluciones POTENSI se construyen para cumplir y superar las normas m\u00e1s estrictas.<\/p>\n<h2>Par\u00e1metros del producto<\/h2>\n<table style=\"height: 254px;\" width=\"761\">\n<tbody>\n<tr>\n<td width=\"213\">Marca<\/td>\n<td width=\"213\">Para Lika<\/td>\n<\/tr>\n<tr>\n<td width=\"213\">Productos<\/td>\n<td width=\"213\">Codificador C50-H-1024 ZCU 410 L2<\/td>\n<\/tr>\n<tr>\n<td width=\"213\">Modelo<\/td>\n<td width=\"213\">C50-H-1024 ZCU 410 L2<\/td>\n<\/tr>\n<tr>\n<td width=\"213\">Lugar de origen<\/td>\n<td width=\"213\">China<\/td>\n<\/tr>\n<\/tbody>\n<\/table>\n<h2>Por qu\u00e9 nosotros<\/h2>\n<p>Potensi suministra enc\u00f3der C50-H-1024 ZCU 410 L2 para Lika de alta calidad, dise\u00f1ado para ofrecer una fiabilidad y un rendimiento excepcionales para los sistemas de ascensores modernos. Como proveedor de confianza de Codificador de ascensor, ofrecemos una amplia gama de productos, incluyendo opciones especializadas como Codificador de ascensor para Lika, garantizando la compatibilidad con las principales marcas mundiales, tales como \u00a0<a href=\"https:\/\/potensilift.com\/es\/categoria-producto\/marcas-piezas\/for-mitsubishi\/\"><u>Mitsubishi<\/u><\/a>, <a href=\"https:\/\/potensilift.com\/es\/categoria-producto\/marcas-piezas\/para-otis\/\"><u>Otis<\/u><\/a>, <a href=\"https:\/\/potensilift.com\/es\/categoria-producto\/marcas-piezas\/para-tke-thyssenkrupp\/\"><u>Thyssen<\/u><\/a>, <a href=\"https:\/\/potensilift.com\/es\/categoria-producto\/marcas-piezas\/for-hyundai\/\"><u>Hyundai<\/u><\/a>y <a href=\"https:\/\/potensilift.com\/es\/categoria-producto\/marcas-piezas\/otras-marcas-piezas\/\"><u>otros<\/u><\/a>. Con amplias existencias y precios competitivos, Potensi est\u00e1 preparado para satisfacer sus necesidades. <a href=\"https:\/\/potensilift.com\/es\/contact\/\"><u>Contacto Esther<\/u><\/a>\u00a0Potensi espera poder ayudarle a mejorar sus sistemas de ascensores.<\/p>","protected":false},"excerpt":{"rendered":"<p>Para obtener el m\u00e1ximo rendimiento, elija el enc\u00f3der de ascensor POTENSI, dise\u00f1ado para cumplir las normas m\u00e1s exigentes del sector. Perfecto para componentes cr\u00edticos para la seguridad, como el enc\u00f3der C50-H-1024 ZCU 410 L2 para Lika.<\/p>","protected":false},"featured_media":6688,"comment_status":"open","ping_status":"closed","template":"","meta":{"_seopress_robots_primary_cat":"none","_seopress_titles_title":"Encoder C50-H-1024 ZCU 410 L2 For Lika | Elevator Solutions","_seopress_titles_desc":"Explore our wide range of Encoder C50-H-1024 ZCU 410 L2 For Lika for elevators. Ideal for maintenance and upgrades.","_seopress_robots_index":""},"product_brand":[],"product_cat":[170,150],"product_tag":[],"class_list":{"0":"post-6687","1":"product","2":"type-product","3":"status-publish","4":"has-post-thumbnail","6":"product_cat-elevator-encoder","7":"product_cat-others-brands-parts","9":"first","10":"instock","11":"shipping-taxable","12":"purchasable","13":"product-type-simple"},"_links":{"self":[{"href":"https:\/\/potensilift.com\/es\/wp-json\/wp\/v2\/product\/6687"}],"collection":[{"href":"https:\/\/potensilift.com\/es\/wp-json\/wp\/v2\/product"}],"about":[{"href":"https:\/\/potensilift.com\/es\/wp-json\/wp\/v2\/types\/product"}],"replies":[{"embeddable":true,"href":"https:\/\/potensilift.com\/es\/wp-json\/wp\/v2\/comments?post=6687"}],"wp:featuredmedia":[{"embeddable":true,"href":"https:\/\/potensilift.com\/es\/wp-json\/wp\/v2\/media\/6688"}],"wp:attachment":[{"href":"https:\/\/potensilift.com\/es\/wp-json\/wp\/v2\/media?parent=6687"}],"wp:term":[{"taxonomy":"product_brand","embeddable":true,"href":"https:\/\/potensilift.com\/es\/wp-json\/wp\/v2\/product_brand?post=6687"},{"taxonomy":"product_cat","embeddable":true,"href":"https:\/\/potensilift.com\/es\/wp-json\/wp\/v2\/product_cat?post=6687"},{"taxonomy":"product_tag","embeddable":true,"href":"https:\/\/potensilift.com\/es\/wp-json\/wp\/v2\/product_tag?post=6687"}],"curies":[{"name":"wp","href":"https:\/\/api.w.org\/{rel}","templated":true}]}}