{"id":6267,"date":"2025-05-26T01:34:39","date_gmt":"2025-05-26T01:34:39","guid":{"rendered":"https:\/\/potensilift.com\/?post_type=product&#038;p=6267"},"modified":"2025-05-26T01:41:18","modified_gmt":"2025-05-26T01:41:18","slug":"elevator-car-fan-aea00b282f-for-sigma","status":"publish","type":"product","link":"https:\/\/potensilift.com\/es\/producto\/elevator-car-fan-aea00b282f-for-sigma\/","title":{"rendered":"Ventilador de cabina de ascensor AEA00B282*F para Sigma"},"content":{"rendered":"<p>POTENSI <strong>Ventilador de cabina de ascensor AEA00B282*F para Sigma<\/strong> es la clave para mantener una experiencia de ascensor fluida y estable. Dise\u00f1ada con precisi\u00f3n y fabricada con materiales de alta calidad, esta soluci\u00f3n se integra perfectamente en su sistema, garantizando un rendimiento a largo plazo. Tanto si est\u00e1 actualizando <strong>Ventilador de ascensor<\/strong> o buscando mejoras espec\u00edficas como <strong>Ventilador de cabina de ascensor para Sigma<\/strong>POTENSI ofrece soluciones fiables y f\u00e1ciles de instalar. Aumente la estabilidad con confianza hoy mismo.<\/p>\n<h2>Par\u00e1metros del producto<\/h2>\n<table>\n<tbody>\n<tr>\n<td width=\"284\">Marca<\/td>\n<td width=\"284\">Para Sigma<\/td>\n<\/tr>\n<tr>\n<td width=\"284\">Productos<\/td>\n<td width=\"284\">Ventilador de cabina de ascensor AEA00B282*F<\/td>\n<\/tr>\n<tr>\n<td width=\"284\">Modelo<\/td>\n<td width=\"284\">AEA00B282*F<\/td>\n<\/tr>\n<tr>\n<td width=\"284\">Lugar de origen<\/td>\n<td width=\"284\">Original<\/td>\n<\/tr>\n<\/tbody>\n<\/table>\n<h2>Por qu\u00e9 nosotros<\/h2>\n<p>Potensi proporciona alta calidad Elevator car fan AEA00B282*F para Sigma, dise\u00f1ado para ofrecer una fiabilidad excepcional y el rendimiento de los sistemas de ascensores modernos. Como proveedor de confianza de Elevator Fan, ofrecemos una amplia gama de productos, incluyendo opciones especializadas como Elevator car fan for Sigma, garantizando la compatibilidad con las principales marcas mundiales, tales como \u00a0<a href=\"https:\/\/potensilift.com\/es\/categoria-producto\/marcas-piezas\/for-mitsubishi\/\"><u>Mitsubishi<\/u><\/a>, <a href=\"https:\/\/potensilift.com\/es\/categoria-producto\/marcas-piezas\/para-otis\/\"><u>Otis<\/u><\/a>, <a href=\"https:\/\/potensilift.com\/es\/categoria-producto\/marcas-piezas\/para-tke-thyssenkrupp\/\"><u>Thyssen<\/u><\/a>, <a href=\"https:\/\/potensilift.com\/es\/categoria-producto\/marcas-piezas\/for-hyundai\/\"><u>Hyundai<\/u><\/a>y <a href=\"https:\/\/potensilift.com\/es\/categoria-producto\/marcas-piezas\/otras-marcas-piezas\/\"><u>otros<\/u><\/a>. Con amplias existencias y precios competitivos, Potensi est\u00e1 preparado para satisfacer sus necesidades. <a href=\"https:\/\/potensilift.com\/es\/contact\/\"><u>CONTACTO Esther<\/u><\/a>\u00a0Potensi espera poder ayudarle a mejorar sus sistemas de ascensores.<\/p>","protected":false},"excerpt":{"rendered":"<p>Para obtener el m\u00e1ximo rendimiento, elija el ventilador de ascensor POTENSI, dise\u00f1ado para cumplir las normas industriales m\u00e1s exigentes. Perfecto para componentes cr\u00edticos para la seguridad, como el ventilador de cabina de ascensor AEA00B282*F para Sigma.<\/p>","protected":false},"featured_media":6271,"comment_status":"open","ping_status":"closed","template":"","meta":{"_seopress_robots_primary_cat":"none","_seopress_titles_title":"Elevator Fan | Elevator car fan AEA00B282*F for Sigma | Elevator Solutions","_seopress_titles_desc":"Explore our wide range of Elevator Fan and Elevator car fan AEA00B282*F for Sigma. Ideal for maintenance and upgrades.","_seopress_robots_index":""},"product_brand":[],"product_cat":[91,135],"product_tag":[],"class_list":{"0":"post-6267","1":"product","2":"type-product","3":"status-publish","4":"has-post-thumbnail","6":"product_cat-elevator-fans-and-ac","7":"product_cat-for-lg-sigma","9":"first","10":"instock","11":"shipping-taxable","12":"purchasable","13":"product-type-simple"},"_links":{"self":[{"href":"https:\/\/potensilift.com\/es\/wp-json\/wp\/v2\/product\/6267"}],"collection":[{"href":"https:\/\/potensilift.com\/es\/wp-json\/wp\/v2\/product"}],"about":[{"href":"https:\/\/potensilift.com\/es\/wp-json\/wp\/v2\/types\/product"}],"replies":[{"embeddable":true,"href":"https:\/\/potensilift.com\/es\/wp-json\/wp\/v2\/comments?post=6267"}],"wp:featuredmedia":[{"embeddable":true,"href":"https:\/\/potensilift.com\/es\/wp-json\/wp\/v2\/media\/6271"}],"wp:attachment":[{"href":"https:\/\/potensilift.com\/es\/wp-json\/wp\/v2\/media?parent=6267"}],"wp:term":[{"taxonomy":"product_brand","embeddable":true,"href":"https:\/\/potensilift.com\/es\/wp-json\/wp\/v2\/product_brand?post=6267"},{"taxonomy":"product_cat","embeddable":true,"href":"https:\/\/potensilift.com\/es\/wp-json\/wp\/v2\/product_cat?post=6267"},{"taxonomy":"product_tag","embeddable":true,"href":"https:\/\/potensilift.com\/es\/wp-json\/wp\/v2\/product_tag?post=6267"}],"curies":[{"name":"wp","href":"https:\/\/api.w.org\/{rel}","templated":true}]}}