{"id":6251,"date":"2025-05-25T15:17:22","date_gmt":"2025-05-25T15:17:22","guid":{"rendered":"https:\/\/potensilift.com\/?post_type=product&#038;p=6251"},"modified":"2025-05-25T15:21:52","modified_gmt":"2025-05-25T15:21:52","slug":"elevator-test-tool-genius20-kmht-v3-for-kleemann","status":"publish","type":"product","link":"https:\/\/potensilift.com\/es\/producto\/elevator-test-tool-genius20-kmht-v3-for-kleemann\/","title":{"rendered":"Herramienta de prueba de ascensores Genius20 KMHT-V3 para Kleemann"},"content":{"rendered":"<p>POTENSI avanzado <strong>Elevator test tool for Kleemann<\/strong>\u00a0est\u00e1 dise\u00f1ado para optimizar el rendimiento del ascensor. Construido con tecnolog\u00eda de vanguardia y una construcci\u00f3n robusta, este <strong>Elevator test tool Genius20 KMHT-V3 with 1.5m cable for Kleemann<\/strong> garantiza una compatibilidad perfecta y la m\u00e1xima eficacia operativa. Desde la mejora de la gesti\u00f3n global del sistema hasta el perfeccionamiento de <strong>herramienta de prueba de ascensores<\/strong>Las soluciones POTENSI son duraderas, f\u00e1ciles de usar y est\u00e1n pensadas para el futuro.<\/p>\n<h2>Par\u00e1metros del producto<\/h2>\n<table style=\"height: 234px;\" width=\"680\">\n<tbody>\n<tr>\n<td width=\"213\">Marca<\/td>\n<td width=\"213\">For Kleemann<\/td>\n<\/tr>\n<tr>\n<td width=\"213\">Productos<\/td>\n<td width=\"213\">Elevator test tool Genius20 KMHT-V3<\/td>\n<\/tr>\n<tr>\n<td width=\"213\">Modelo<\/td>\n<td width=\"213\">KMHT-V3<\/td>\n<\/tr>\n<tr>\n<td width=\"213\">Lugar de origen<\/td>\n<td width=\"213\">Original<\/td>\n<\/tr>\n<\/tbody>\n<\/table>\n<h2>Por qu\u00e9 nosotros<\/h2>\n<p>Potensi provides high-quality Elevator test tool Genius20 KMHT-V3 with 1.5m cable for Kleemann, engineered to deliver exceptional reliability and performance for modern elevator systems. As a trusted supplier of elevator test tool, we offer a wide range of products, including specialized options like Elevator test tool for Kleemann, ensuring compatibility with top global brands such as \u00a0<a href=\"https:\/\/potensilift.com\/es\/categoria-producto\/marcas-piezas\/for-mitsubishi\/\"><u>Mitsubishi<\/u><\/a>, <a href=\"https:\/\/potensilift.com\/es\/categoria-producto\/marcas-piezas\/para-otis\/\"><u>Otis<\/u><\/a>, <a href=\"https:\/\/potensilift.com\/es\/categoria-producto\/marcas-piezas\/para-tke-thyssenkrupp\/\"><u>Thyssen<\/u><\/a>, <a href=\"https:\/\/potensilift.com\/es\/categoria-producto\/marcas-piezas\/for-hyundai\/\"><u>Hyundai<\/u><\/a>y <a href=\"https:\/\/potensilift.com\/es\/categoria-producto\/marcas-piezas\/otras-marcas-piezas\/\"><u>otros<\/u><\/a>. Con amplias existencias y precios competitivos, Potensi est\u00e1 preparado para satisfacer sus necesidades. <a href=\"https:\/\/potensilift.com\/es\/contact\/\"><u>CONTACTO Esther<\/u><\/a>\u00a0Potensi espera poder ayudarle a mejorar sus sistemas de ascensores.<\/p>","protected":false},"excerpt":{"rendered":"<p>Upgrade your elevator system with POTENSI Elevator test tool for Kleemann, engineered for seamless integration and exceptional performance. Our elevator test tool ensures long-term efficiency.<\/p>","protected":false},"featured_media":6252,"comment_status":"open","ping_status":"closed","template":"","meta":{"_seopress_robots_primary_cat":"none","_seopress_titles_title":"Elevator test tool Genius20 KMHT-V3 with 1.5m cable for Kleemann | Quality Elevator Parts","_seopress_titles_desc":"Explore a range of elevator test tool with high-quality Elevator test tool for Kleemann. Perfect for maintaining peak elevator performance.","_seopress_robots_index":""},"product_brand":[],"product_cat":[109,150],"product_tag":[],"class_list":{"0":"post-6251","1":"product","2":"type-product","3":"status-publish","4":"has-post-thumbnail","6":"product_cat-others-elevator-parts","7":"product_cat-others-brands-parts","9":"first","10":"instock","11":"shipping-taxable","12":"purchasable","13":"product-type-simple"},"_links":{"self":[{"href":"https:\/\/potensilift.com\/es\/wp-json\/wp\/v2\/product\/6251"}],"collection":[{"href":"https:\/\/potensilift.com\/es\/wp-json\/wp\/v2\/product"}],"about":[{"href":"https:\/\/potensilift.com\/es\/wp-json\/wp\/v2\/types\/product"}],"replies":[{"embeddable":true,"href":"https:\/\/potensilift.com\/es\/wp-json\/wp\/v2\/comments?post=6251"}],"wp:featuredmedia":[{"embeddable":true,"href":"https:\/\/potensilift.com\/es\/wp-json\/wp\/v2\/media\/6252"}],"wp:attachment":[{"href":"https:\/\/potensilift.com\/es\/wp-json\/wp\/v2\/media?parent=6251"}],"wp:term":[{"taxonomy":"product_brand","embeddable":true,"href":"https:\/\/potensilift.com\/es\/wp-json\/wp\/v2\/product_brand?post=6251"},{"taxonomy":"product_cat","embeddable":true,"href":"https:\/\/potensilift.com\/es\/wp-json\/wp\/v2\/product_cat?post=6251"},{"taxonomy":"product_tag","embeddable":true,"href":"https:\/\/potensilift.com\/es\/wp-json\/wp\/v2\/product_tag?post=6251"}],"curies":[{"name":"wp","href":"https:\/\/api.w.org\/{rel}","templated":true}]}}