{"id":6142,"date":"2025-04-24T02:16:11","date_gmt":"2025-04-24T02:16:11","guid":{"rendered":"https:\/\/potensilift.com\/?post_type=product&#038;p=6142"},"modified":"2025-04-24T02:37:26","modified_gmt":"2025-04-24T02:37:26","slug":"elevator-lop-kds300-button-for-kone-32mm-red-light","status":"publish","type":"product","link":"https:\/\/potensilift.com\/es\/producto\/elevator-lop-kds300-button-for-kone-32mm-red-light\/","title":{"rendered":"Elevador LOP KDS300 bot\u00f3n para Kone 32mm luz roja"},"content":{"rendered":"<p>\u00bfLe interesar\u00eda mejorar las prestaciones de la puerta de su ascensor? POTENSI <strong>Bot\u00f3n de ascensor para Kone<\/strong>\u00a0combina componentes duraderos e ingenier\u00eda innovadora para garantizar un funcionamiento suave y preciso. Tanto si necesita una <strong>Bot\u00f3n del ascensor<\/strong> para uso general o un <strong>Elevador LOP KDS300 bot\u00f3n para Kone 32mm luz roja (arriba\/abajo)<\/strong>\u00a0para sistemas especializados, POTENSI ofrece el equilibrio perfecto entre seguridad y fiabilidad.<\/p>\n<h2>Par\u00e1metros del producto<\/h2>\n<table style=\"height: 210px;\" width=\"677\">\n<tbody>\n<tr>\n<td width=\"213\">Marca<\/td>\n<td width=\"213\">Para Kone<\/td>\n<\/tr>\n<tr>\n<td width=\"213\">Productos<\/td>\n<td width=\"213\">Elevador LOP KDS300 bot\u00f3n 32mm luz roja (arriba\/abajo)<\/td>\n<\/tr>\n<tr>\n<td width=\"213\">Modelo<\/td>\n<td width=\"213\">KDS300<\/td>\n<\/tr>\n<tr>\n<td width=\"213\">Lugar de origen<\/td>\n<td width=\"213\">China<\/td>\n<\/tr>\n<\/tbody>\n<\/table>\n<h2>Por qu\u00e9 nosotros<\/h2>\n<p>Potensi proporciona alta calidad Ascensor bot\u00f3n LOP KDS300 para Kone 32mm luz roja (arriba \/ abajo), dise\u00f1ado para ofrecer una fiabilidad excepcional y el rendimiento de los sistemas de ascensores modernos. Como proveedor de confianza de Bot\u00f3n Ascensor, ofrecemos una amplia gama de productos, incluyendo opciones especializadas como Bot\u00f3n Ascensor Para Kone, asegurando la compatibilidad con las mejores marcas mundiales, tales como. \u00a0<a href=\"https:\/\/potensilift.com\/es\/categoria-producto\/marcas-piezas\/for-mitsubishi\/\"><u>Mitsubishi<\/u><\/a>, <a href=\"https:\/\/potensilift.com\/es\/categoria-producto\/marcas-piezas\/para-otis\/\"><u>Otis<\/u><\/a>, <a href=\"https:\/\/potensilift.com\/es\/categoria-producto\/marcas-piezas\/para-tke-thyssenkrupp\/\"><u>Thyssen<\/u><\/a>, <a href=\"https:\/\/potensilift.com\/es\/categoria-producto\/marcas-piezas\/for-hyundai\/\"><u>Hyundai<\/u><\/a>y <a href=\"https:\/\/potensilift.com\/es\/categoria-producto\/marcas-piezas\/otras-marcas-piezas\/\"><u>otros<\/u><\/a>. Con amplias existencias y precios competitivos, Potensi est\u00e1 preparado para satisfacer sus necesidades. <a href=\"https:\/\/potensilift.com\/es\/contact\/\"><u>CONTACTO Esther<\/u><\/a>\u00a0Potensi espera poder ayudarle a mejorar sus sistemas de ascensores.<\/p>","protected":false},"excerpt":{"rendered":"<p>Por favor, aseg\u00farese de que el Bot\u00f3n Elevador POTENSI funciona sin problemas y de forma segura y est\u00e1 dise\u00f1ado para una compatibilidad precisa con su sistema. Nuestro bot\u00f3n Elevador LOP KDS300 para Kone 32mm luz roja (arriba \/ abajo) ofrece un rendimiento fiable.<\/p>","protected":false},"featured_media":6143,"comment_status":"open","ping_status":"closed","template":"","meta":{"_seopress_robots_primary_cat":"none","_seopress_titles_title":"Elevator Button | Elevator Solutions - POTENSI","_seopress_titles_desc":"Explore our wide range of Elevator Button and Elevator LOP KDS300 button for Kone 32mm red light (up\/down). Ideal for maintenance and upgrades.","_seopress_robots_index":""},"product_brand":[],"product_cat":[162,128],"product_tag":[],"class_list":{"0":"post-6142","1":"product","2":"type-product","3":"status-publish","4":"has-post-thumbnail","6":"product_cat-elevator-cop-lop-buttons","7":"product_cat-for-kone","9":"first","10":"instock","11":"shipping-taxable","12":"purchasable","13":"product-type-simple"},"_links":{"self":[{"href":"https:\/\/potensilift.com\/es\/wp-json\/wp\/v2\/product\/6142"}],"collection":[{"href":"https:\/\/potensilift.com\/es\/wp-json\/wp\/v2\/product"}],"about":[{"href":"https:\/\/potensilift.com\/es\/wp-json\/wp\/v2\/types\/product"}],"replies":[{"embeddable":true,"href":"https:\/\/potensilift.com\/es\/wp-json\/wp\/v2\/comments?post=6142"}],"wp:featuredmedia":[{"embeddable":true,"href":"https:\/\/potensilift.com\/es\/wp-json\/wp\/v2\/media\/6143"}],"wp:attachment":[{"href":"https:\/\/potensilift.com\/es\/wp-json\/wp\/v2\/media?parent=6142"}],"wp:term":[{"taxonomy":"product_brand","embeddable":true,"href":"https:\/\/potensilift.com\/es\/wp-json\/wp\/v2\/product_brand?post=6142"},{"taxonomy":"product_cat","embeddable":true,"href":"https:\/\/potensilift.com\/es\/wp-json\/wp\/v2\/product_cat?post=6142"},{"taxonomy":"product_tag","embeddable":true,"href":"https:\/\/potensilift.com\/es\/wp-json\/wp\/v2\/product_tag?post=6142"}],"curies":[{"name":"wp","href":"https:\/\/api.w.org\/{rel}","templated":true}]}}