{"id":5878,"date":"2025-04-10T09:18:27","date_gmt":"2025-04-10T09:18:27","guid":{"rendered":"https:\/\/potensilift.com\/?post_type=product&#038;p=5878"},"modified":"2025-04-10T09:26:17","modified_gmt":"2025-04-10T09:26:17","slug":"elevator-door-wheel-s8-k8-for-thyssen","status":"publish","type":"product","link":"https:\/\/potensilift.com\/es\/producto\/elevator-door-wheel-s8-k8-for-thyssen\/","title":{"rendered":"Rueda de puerta de ascensor S8\/K8 para Thyssen"},"content":{"rendered":"<p>POTENSI <strong>Rueda de puerta de ascensor S8\/K8 (A: 70mm, B:17mm, C: 10mm, D: 61,5mm, E: 11mm) para Thyssen<\/strong> es la clave para mantener una experiencia de ascensor fluida y estable. Dise\u00f1ada con precisi\u00f3n y fabricada con materiales de alta calidad, esta soluci\u00f3n se integra perfectamente en su sistema, garantizando un rendimiento a largo plazo. Tanto si actualiza el <strong>Rueda de la puerta del ascensor<\/strong>\u00a0<strong>para Thyssen<\/strong>\u00a0o buscando mejoras espec\u00edficas como el <strong>Rueda de la puerta del ascensor<\/strong>POTENSI ofrece soluciones fiables y f\u00e1ciles de instalar. Aumente la estabilidad con confianza hoy mismo.<\/p>\n<h2>Par\u00e1metros del producto<\/h2>\n<table style=\"height: 184px;\" width=\"702\">\n<tbody>\n<tr>\n<td width=\"213\">Marca<\/td>\n<td width=\"213\">Para Thyssen<\/td>\n<\/tr>\n<tr>\n<td width=\"213\">Productos<\/td>\n<td width=\"213\">Rueda de la puerta del ascensor S8\/K8<\/td>\n<\/tr>\n<tr>\n<td width=\"213\">Modelo<\/td>\n<td width=\"213\">S8\/K8<\/td>\n<\/tr>\n<tr>\n<td width=\"213\">Lugar de origen<\/td>\n<td width=\"213\">Alemania<\/td>\n<\/tr>\n<\/tbody>\n<\/table>\n<h2>Por qu\u00e9 nosotros<\/h2>\n<p>Potensi ofrece ruedas para puertas de ascensores S8\/K8 (A: 70 mm, B: 17 mm, C: 10 mm, D: 61,5 mm, E: 11 mm) de alta calidad para Thyssen, dise\u00f1adas para ofrecer una fiabilidad y un rendimiento excepcionales para los sistemas de ascensores modernos. Como proveedor de confianza de Rueda de puerta de ascensor, ofrecemos una amplia gama de productos, incluyendo opciones especializadas como Rueda de puerta de ascensor para Thyssen, garantizando la compatibilidad con las principales marcas mundiales, tales como \u00a0<a href=\"https:\/\/potensilift.com\/es\/categoria-producto\/marcas-piezas\/for-mitsubishi\/\"><u>Mitsubishi<\/u><\/a>, <a href=\"https:\/\/potensilift.com\/es\/categoria-producto\/marcas-piezas\/para-otis\/\"><u>Otis<\/u><\/a>, <a href=\"https:\/\/potensilift.com\/es\/categoria-producto\/marcas-piezas\/para-tke-thyssenkrupp\/\"><u>Thyssen<\/u><\/a>, <a href=\"https:\/\/potensilift.com\/es\/categoria-producto\/marcas-piezas\/for-hyundai\/\"><u>Hyundai<\/u><\/a>y <a href=\"https:\/\/potensilift.com\/es\/categoria-producto\/marcas-piezas\/otras-marcas-piezas\/\"><u>otros<\/u><\/a>. Con amplias existencias y precios competitivos, Potensi est\u00e1 preparado para satisfacer sus necesidades. <a href=\"https:\/\/potensilift.com\/es\/contact\/\"><u>CONTACTO Esther<\/u><\/a>\u00a0Potensi espera poder ayudarle a mejorar sus sistemas de ascensores.<\/p>","protected":false},"excerpt":{"rendered":"<p>La rueda de puerta de ascensor POTENSI proporciona fiabilidad y precisi\u00f3n duraderas, lo que la convierte en la soluci\u00f3n ideal para un funcionamiento suave del ascensor. Perfecta para aplicaciones como Rueda de puerta de ascensor S8\/K8 (A: 70 mm, B:17 mm, C: 10 mm, D: 61,5 mm, E: 11 mm) para Thyssen.<\/p>","protected":false},"featured_media":5879,"comment_status":"open","ping_status":"closed","template":"","meta":{"_seopress_robots_primary_cat":"none","_seopress_titles_title":"Elevator door wheel | Elevator Components - POTENSI","_seopress_titles_desc":"Find the best Elevator door wheel S8\/K8 for Thyssen  for your elevator needs. Elevator door wheel, options available for specific applications.","_seopress_robots_index":""},"product_brand":[],"product_cat":[129,109],"product_tag":[],"class_list":{"0":"post-5878","1":"product","2":"type-product","3":"status-publish","4":"has-post-thumbnail","6":"product_cat-for-tke-thyssenkrupp","7":"product_cat-others-elevator-parts","9":"first","10":"instock","11":"shipping-taxable","12":"purchasable","13":"product-type-simple"},"_links":{"self":[{"href":"https:\/\/potensilift.com\/es\/wp-json\/wp\/v2\/product\/5878"}],"collection":[{"href":"https:\/\/potensilift.com\/es\/wp-json\/wp\/v2\/product"}],"about":[{"href":"https:\/\/potensilift.com\/es\/wp-json\/wp\/v2\/types\/product"}],"replies":[{"embeddable":true,"href":"https:\/\/potensilift.com\/es\/wp-json\/wp\/v2\/comments?post=5878"}],"wp:featuredmedia":[{"embeddable":true,"href":"https:\/\/potensilift.com\/es\/wp-json\/wp\/v2\/media\/5879"}],"wp:attachment":[{"href":"https:\/\/potensilift.com\/es\/wp-json\/wp\/v2\/media?parent=5878"}],"wp:term":[{"taxonomy":"product_brand","embeddable":true,"href":"https:\/\/potensilift.com\/es\/wp-json\/wp\/v2\/product_brand?post=5878"},{"taxonomy":"product_cat","embeddable":true,"href":"https:\/\/potensilift.com\/es\/wp-json\/wp\/v2\/product_cat?post=5878"},{"taxonomy":"product_tag","embeddable":true,"href":"https:\/\/potensilift.com\/es\/wp-json\/wp\/v2\/product_tag?post=5878"}],"curies":[{"name":"wp","href":"https:\/\/api.w.org\/{rel}","templated":true}]}}