{"id":5866,"date":"2025-04-10T08:49:07","date_gmt":"2025-04-10T08:49:07","guid":{"rendered":"https:\/\/potensilift.com\/?post_type=product&#038;p=5866"},"modified":"2025-04-10T09:00:52","modified_gmt":"2025-04-10T09:00:52","slug":"escalator-button-switch-i88-suiz-w-10a-500v-ac-km258453-manual-for-kone","status":"publish","type":"product","link":"https:\/\/potensilift.com\/es\/producto\/escalator-button-switch-i88-suiz-w-10a-500v-ac-km258453-manual-for-kone\/","title":{"rendered":"Interruptor de bot\u00f3n de escalera mec\u00e1nica I88-SUIZ W 10A\/ 500V AC KM258453 Manual para Kone"},"content":{"rendered":"<p>POTENSI elegante y duradero <strong>Interruptor de bot\u00f3n de escalera mec\u00e1nica para Kone<\/strong>\u00a0combina un dise\u00f1o moderno con unas prestaciones de seguridad inigualables. Ideal para actualizar <strong>Escalera mec\u00e1nica Bot\u00f3n interruptor<\/strong>\u00a0o introduciendo componentes especializados como <strong>Interruptor de bot\u00f3n de escalera mec\u00e1nica I88-SUIZ W 10A\/ 500V AC KM258453 Manual para Kone<\/strong>, Esta soluci\u00f3n es tan funcional como visualmente atractiva. Mejore el estilo y la seguridad con POTENSI hoy mismo.<\/p>\n<h2>Par\u00e1metros del producto<\/h2>\n<table style=\"height: 245px;\" width=\"726\">\n<tbody>\n<tr>\n<td width=\"213\">Marca<\/td>\n<td width=\"213\">Para Kone<\/td>\n<\/tr>\n<tr>\n<td width=\"213\">Productos<\/td>\n<td width=\"213\">Escalera mec\u00e1nica Interruptor de bot\u00f3n I88-SUIZ W 10A\/ 500V AC KM258453 Manual<\/td>\n<\/tr>\n<tr>\n<td width=\"213\">Modelo<\/td>\n<td width=\"213\">KM258453<\/td>\n<\/tr>\n<tr>\n<td width=\"213\">Lugar de origen<\/td>\n<td width=\"213\">China<\/td>\n<\/tr>\n<\/tbody>\n<\/table>\n<h2>Por qu\u00e9 nosotros<\/h2>\n<p>Potensi proporciona alta calidad Interruptor de bot\u00f3n de escalera mec\u00e1nica I88-SUIZ W 10A\/ 500V AC KM258453 Manual para Kone , dise\u00f1ado para ofrecer una fiabilidad y un rendimiento excepcionales para los sistemas de ascensores modernos. Como proveedor de confianza de Interruptor de bot\u00f3n para escaleras mec\u00e1nicas, ofrecemos una amplia gama de productos, incluyendo opciones especializadas como Interruptor de bot\u00f3n para escaleras mec\u00e1nicas para Kone , garantizando la compatibilidad con las mejores marcas mundiales tales como \u00a0<a href=\"https:\/\/potensilift.com\/es\/categoria-producto\/marcas-piezas\/for-mitsubishi\/\"><u>Mitsubishi<\/u><\/a>, <a href=\"https:\/\/potensilift.com\/es\/categoria-producto\/marcas-piezas\/para-otis\/\"><u>Otis<\/u><\/a>, <a href=\"https:\/\/potensilift.com\/es\/categoria-producto\/marcas-piezas\/para-tke-thyssenkrupp\/\"><u>Thyssen<\/u><\/a>, <a href=\"https:\/\/potensilift.com\/es\/categoria-producto\/marcas-piezas\/for-hyundai\/\"><u>Hyundai<\/u><\/a>y <a href=\"https:\/\/potensilift.com\/es\/categoria-producto\/marcas-piezas\/otras-marcas-piezas\/\"><u>otros<\/u><\/a>. Con amplias existencias y precios competitivos, Potensi est\u00e1 preparado para satisfacer sus necesidades. <a href=\"https:\/\/potensilift.com\/es\/contact\/\"><u>Contacto Esther<\/u><\/a>\u00a0Potensi espera poder ayudarle a mejorar sus sistemas de ascensores.<\/p>","protected":false},"excerpt":{"rendered":"<p>Dise\u00f1ado para un uso a largo plazo, el interruptor de bot\u00f3n de escalera mec\u00e1nica POTENSI garantiza una calidad superior y un rendimiento constante. Nuestro Interruptor de bot\u00f3n de escalera mec\u00e1nica I88-SUIZ W 10A\/ 500V AC KM258453 Manual para Kone es ideal para una durabilidad duradera.<\/p>","protected":false},"featured_media":5867,"comment_status":"open","ping_status":"closed","template":"","meta":{"_seopress_robots_primary_cat":"none","_seopress_titles_title":"Escalator Button switch for Kone | High-Quality","_seopress_titles_desc":"Discover Escalator Button Switch for Kone, designed for durability and performance. Our premium parts ensure safety and reliability in every installation.","_seopress_robots_index":""},"product_brand":[],"product_cat":[128,126],"product_tag":[],"class_list":{"0":"post-5866","1":"product","2":"type-product","3":"status-publish","4":"has-post-thumbnail","6":"product_cat-for-kone","7":"product_cat-others-escalator-parts","9":"first","10":"instock","11":"shipping-taxable","12":"purchasable","13":"product-type-simple"},"_links":{"self":[{"href":"https:\/\/potensilift.com\/es\/wp-json\/wp\/v2\/product\/5866"}],"collection":[{"href":"https:\/\/potensilift.com\/es\/wp-json\/wp\/v2\/product"}],"about":[{"href":"https:\/\/potensilift.com\/es\/wp-json\/wp\/v2\/types\/product"}],"replies":[{"embeddable":true,"href":"https:\/\/potensilift.com\/es\/wp-json\/wp\/v2\/comments?post=5866"}],"wp:featuredmedia":[{"embeddable":true,"href":"https:\/\/potensilift.com\/es\/wp-json\/wp\/v2\/media\/5867"}],"wp:attachment":[{"href":"https:\/\/potensilift.com\/es\/wp-json\/wp\/v2\/media?parent=5866"}],"wp:term":[{"taxonomy":"product_brand","embeddable":true,"href":"https:\/\/potensilift.com\/es\/wp-json\/wp\/v2\/product_brand?post=5866"},{"taxonomy":"product_cat","embeddable":true,"href":"https:\/\/potensilift.com\/es\/wp-json\/wp\/v2\/product_cat?post=5866"},{"taxonomy":"product_tag","embeddable":true,"href":"https:\/\/potensilift.com\/es\/wp-json\/wp\/v2\/product_tag?post=5866"}],"curies":[{"name":"wp","href":"https:\/\/api.w.org\/{rel}","templated":true}]}}