{"id":5725,"date":"2025-03-28T06:45:43","date_gmt":"2025-03-28T06:45:43","guid":{"rendered":"https:\/\/potensilift.com\/?post_type=product&#038;p=5725"},"modified":"2025-03-29T11:36:30","modified_gmt":"2025-03-29T11:36:30","slug":"elevator-power-supply-03-g5-pws-fed-230-for-weco","status":"publish","type":"product","link":"https:\/\/potensilift.com\/es\/producto\/elevator-power-supply-03-g5-pws-fed-230-for-weco\/","title":{"rendered":"Fuente de alimentaci\u00f3n para ascensor 03.G5.PWS.FED.230 para WECO"},"content":{"rendered":"<p>POTENSI <strong>Fuente de alimentaci\u00f3n para ascensor 03.G5.PWS.FED.230 para WECO<\/strong> es la clave para mantener una experiencia de ascensor fluida y estable. Dise\u00f1ada con precisi\u00f3n y fabricada con materiales de alta calidad, esta soluci\u00f3n se integra perfectamente en su sistema, garantizando un rendimiento a largo plazo. Tanto si actualiza <strong>Alimentaci\u00f3n del ascensor<\/strong> o buscando mejoras espec\u00edficas como <strong>Fuente de alimentaci\u00f3n para ascensores WECO<\/strong>POTENSI ofrece soluciones fiables y f\u00e1ciles de instalar. Aumente la estabilidad con confianza hoy mismo.<\/p>\n<h2>Par\u00e1metros del producto<\/h2>\n<table style=\"height: 184px;\" width=\"702\">\n<tbody>\n<tr>\n<td width=\"213\">Marca<\/td>\n<td width=\"213\">Para WECO<\/td>\n<\/tr>\n<tr>\n<td width=\"213\">Productos<\/td>\n<td width=\"213\">Alimentaci\u00f3n ascensor 03.G5.PWS.FED.230<\/td>\n<\/tr>\n<tr>\n<td width=\"213\">Modelo<\/td>\n<td width=\"213\">03.G5.PWS.FED.230<\/td>\n<\/tr>\n<tr>\n<td width=\"213\">Lugar de origen<\/td>\n<td width=\"213\">China<\/td>\n<\/tr>\n<\/tbody>\n<\/table>\n<h2>Por qu\u00e9 nosotros<\/h2>\n<p>Potensi suministra fuentes de alimentaci\u00f3n para ascensores 03.G5.PWS.FED.230 de alta calidad para WECO, dise\u00f1adas para ofrecer una fiabilidad y un rendimiento excepcionales para los sistemas de ascensores modernos. Como proveedor de confianza de la fuente de alimentaci\u00f3n del elevador, ofrecemos una amplia gama de productos, incluyendo opciones especializadas como la fuente de alimentaci\u00f3n del elevador para WECO, asegurando compatibilidad con las marcas globales superiores tales como \u00a0<a href=\"https:\/\/potensilift.com\/es\/categoria-producto\/marcas-piezas\/for-mitsubishi\/\"><u>Mitsubishi<\/u><\/a>, <a href=\"https:\/\/potensilift.com\/es\/categoria-producto\/marcas-piezas\/para-otis\/\"><u>Otis<\/u><\/a>, <a href=\"https:\/\/potensilift.com\/es\/categoria-producto\/marcas-piezas\/para-tke-thyssenkrupp\/\"><u>Thyssen<\/u><\/a>, <a href=\"https:\/\/potensilift.com\/es\/categoria-producto\/marcas-piezas\/for-hyundai\/\"><u>Hyundai<\/u><\/a>y <a href=\"https:\/\/potensilift.com\/es\/categoria-producto\/marcas-piezas\/otras-marcas-piezas\/\"><u>otros<\/u><\/a>. Con amplias existencias y precios competitivos, Potensi est\u00e1 preparado para satisfacer sus necesidades. <a href=\"https:\/\/potensilift.com\/es\/contact\/\"><u>CONTACTO Esther<\/u><\/a>\u00a0Potensi espera poder ayudarle a mejorar sus sistemas de ascensores.<\/p>","protected":false},"excerpt":{"rendered":"<p>La fuente de alimentaci\u00f3n para ascensores POTENSI proporciona fiabilidad y precisi\u00f3n duraderas, lo que la convierte en la soluci\u00f3n ideal para un funcionamiento sin problemas de los ascensores. Perfecta para aplicaciones como Fuente de alimentaci\u00f3n para ascensores 03.G5.PWS.FED.230 para WECO.<\/p>","protected":false},"featured_media":5728,"comment_status":"open","ping_status":"closed","template":"","meta":{"_seopress_robots_primary_cat":"none","_seopress_titles_title":"Elevator power supply for WECO | Elevator Components - POTENSI","_seopress_titles_desc":"Find the best Elevator power supply 03.G5.PWS.FED.230 for your elevator needs. Elevator power supply for WECO, options available for specific applications.","_seopress_robots_index":""},"product_brand":[],"product_cat":[149,109],"product_tag":[],"class_list":{"0":"post-5725","1":"product","2":"type-product","3":"status-publish","4":"has-post-thumbnail","6":"product_cat-for-weco","7":"product_cat-others-elevator-parts","9":"first","10":"instock","11":"shipping-taxable","12":"purchasable","13":"product-type-simple"},"_links":{"self":[{"href":"https:\/\/potensilift.com\/es\/wp-json\/wp\/v2\/product\/5725"}],"collection":[{"href":"https:\/\/potensilift.com\/es\/wp-json\/wp\/v2\/product"}],"about":[{"href":"https:\/\/potensilift.com\/es\/wp-json\/wp\/v2\/types\/product"}],"replies":[{"embeddable":true,"href":"https:\/\/potensilift.com\/es\/wp-json\/wp\/v2\/comments?post=5725"}],"wp:featuredmedia":[{"embeddable":true,"href":"https:\/\/potensilift.com\/es\/wp-json\/wp\/v2\/media\/5728"}],"wp:attachment":[{"href":"https:\/\/potensilift.com\/es\/wp-json\/wp\/v2\/media?parent=5725"}],"wp:term":[{"taxonomy":"product_brand","embeddable":true,"href":"https:\/\/potensilift.com\/es\/wp-json\/wp\/v2\/product_brand?post=5725"},{"taxonomy":"product_cat","embeddable":true,"href":"https:\/\/potensilift.com\/es\/wp-json\/wp\/v2\/product_cat?post=5725"},{"taxonomy":"product_tag","embeddable":true,"href":"https:\/\/potensilift.com\/es\/wp-json\/wp\/v2\/product_tag?post=5725"}],"curies":[{"name":"wp","href":"https:\/\/api.w.org\/{rel}","templated":true}]}}