{"id":5720,"date":"2025-03-28T06:35:06","date_gmt":"2025-03-28T06:35:06","guid":{"rendered":"https:\/\/potensilift.com\/?post_type=product&#038;p=5720"},"modified":"2025-03-29T11:36:09","modified_gmt":"2025-03-29T11:36:09","slug":"permanent-magnet-synchronous-door-motor-125st-13-with-encoder-24v-for-thyssen","status":"publish","type":"product","link":"https:\/\/potensilift.com\/es\/producto\/permanent-magnet-synchronous-door-motor-125st-13-with-encoder-24v-for-thyssen\/","title":{"rendered":"Motor de puerta s\u00edncrono de imanes permanentes 125ST-13 con codificador 24v para Thyssen"},"content":{"rendered":"<p>\u00bfDesea mejorar el rendimiento de la puerta de su ascensor? POTENSI <strong>Motor de puerta de ascensor Thyssen<\/strong> combina componentes duraderos e ingenier\u00eda innovadora para garantizar un funcionamiento suave y preciso. Tanto si necesita una <strong>motor de la puerta del ascensor<\/strong> para uso general o un <strong>Thyssen Motor de puerta s\u00edncrono de im\u00e1n permanente 125ST-13 con encoder 24v<\/strong>\u00a0para sistemas especializados, POTENSI ofrece el equilibrio perfecto entre seguridad y fiabilidad.<\/p>\n<h2>Par\u00e1metros del producto<\/h2>\n<table style=\"height: 210px;\" width=\"677\">\n<tbody>\n<tr>\n<td width=\"213\">Marca<\/td>\n<td width=\"213\">Para Thyssen<\/td>\n<\/tr>\n<tr>\n<td width=\"213\">Productos<\/td>\n<td width=\"213\">Motor de puerta s\u00edncrono de imanes permanentes 125ST-13 con codificador 24v<\/td>\n<\/tr>\n<tr>\n<td width=\"213\">Modelo<\/td>\n<td width=\"213\">125ST-13<\/td>\n<\/tr>\n<tr>\n<td width=\"213\">Lugar de origen<\/td>\n<td width=\"213\">China<\/td>\n<\/tr>\n<\/tbody>\n<\/table>\n<h2>Por qu\u00e9 nosotros<\/h2>\n<p>Potensi ofrece motores para puertas de ascensores Thyssen 125ST-13 s\u00edncronos de imanes permanentes de alta calidad con codificador de 24 V, dise\u00f1ados para ofrecer una fiabilidad y un rendimiento excepcionales para los sistemas de ascensores modernos. Como proveedor de confianza de motores para puertas de ascensores, ofrecemos una amplia gama de productos, incluyendo opciones especializadas como el motor para puertas de ascensores Thyssen, garantizando la compatibilidad con las principales marcas mundiales, tales como \u00a0<a href=\"https:\/\/potensilift.com\/es\/categoria-producto\/marcas-piezas\/for-mitsubishi\/\"><u>Mitsubishi<\/u><\/a>, <a href=\"https:\/\/potensilift.com\/es\/categoria-producto\/marcas-piezas\/para-otis\/\"><u>Otis<\/u><\/a>, <a href=\"https:\/\/potensilift.com\/es\/categoria-producto\/marcas-piezas\/para-tke-thyssenkrupp\/\"><u>Thyssen<\/u><\/a>, <a href=\"https:\/\/potensilift.com\/es\/categoria-producto\/marcas-piezas\/for-hyundai\/\"><u>Hyundai<\/u><\/a>y <a href=\"https:\/\/potensilift.com\/es\/categoria-producto\/marcas-piezas\/otras-marcas-piezas\/\"><u>otros<\/u><\/a>. Con amplias existencias y precios competitivos, Potensi est\u00e1 preparado para satisfacer sus necesidades. <a href=\"https:\/\/potensilift.com\/es\/contact\/\"><u>CONTACTO Esther<\/u><\/a>\u00a0Potensi espera poder ayudarle a mejorar sus sistemas de ascensores.<\/p>","protected":false},"excerpt":{"rendered":"<p>Garantice un funcionamiento suave y seguro con el motor para puertas de ascensores POTENSI, dise\u00f1ado para una compatibilidad precisa con su sistema. Nuestro motor de puerta s\u00edncrono de im\u00e1n permanente Thyssen 125ST-13 con encoder 24v ofrece un rendimiento fiable.<\/p>","protected":false},"featured_media":5724,"comment_status":"open","ping_status":"closed","template":"","meta":{"_seopress_robots_primary_cat":"none","_seopress_titles_title":"Thyssen Elevator Door Motor | Elevator Solutions - POTENSI","_seopress_titles_desc":"Explore our wide range of elevator door motor and Thyssen Permanent magnet synchronous door motor 125ST-13 with encoder 24v for elevators. Ideal for maintenance and upgrades.","_seopress_robots_index":""},"product_brand":[],"product_cat":[168,129],"product_tag":[],"class_list":{"0":"post-5720","1":"product","2":"type-product","3":"status-publish","4":"has-post-thumbnail","6":"product_cat-elevator-door-motor","7":"product_cat-for-tke-thyssenkrupp","9":"first","10":"instock","11":"shipping-taxable","12":"purchasable","13":"product-type-simple"},"_links":{"self":[{"href":"https:\/\/potensilift.com\/es\/wp-json\/wp\/v2\/product\/5720"}],"collection":[{"href":"https:\/\/potensilift.com\/es\/wp-json\/wp\/v2\/product"}],"about":[{"href":"https:\/\/potensilift.com\/es\/wp-json\/wp\/v2\/types\/product"}],"replies":[{"embeddable":true,"href":"https:\/\/potensilift.com\/es\/wp-json\/wp\/v2\/comments?post=5720"}],"wp:featuredmedia":[{"embeddable":true,"href":"https:\/\/potensilift.com\/es\/wp-json\/wp\/v2\/media\/5724"}],"wp:attachment":[{"href":"https:\/\/potensilift.com\/es\/wp-json\/wp\/v2\/media?parent=5720"}],"wp:term":[{"taxonomy":"product_brand","embeddable":true,"href":"https:\/\/potensilift.com\/es\/wp-json\/wp\/v2\/product_brand?post=5720"},{"taxonomy":"product_cat","embeddable":true,"href":"https:\/\/potensilift.com\/es\/wp-json\/wp\/v2\/product_cat?post=5720"},{"taxonomy":"product_tag","embeddable":true,"href":"https:\/\/potensilift.com\/es\/wp-json\/wp\/v2\/product_tag?post=5720"}],"curies":[{"name":"wp","href":"https:\/\/api.w.org\/{rel}","templated":true}]}}