{"id":5685,"date":"2025-03-27T08:19:08","date_gmt":"2025-03-27T08:19:08","guid":{"rendered":"https:\/\/potensilift.com\/?post_type=product&#038;p=5685"},"modified":"2025-03-29T11:32:08","modified_gmt":"2025-03-29T11:32:08","slug":"elevator-contactor-3rt2016-2bb41-ac-3-4-kw-400v-24-vdc-for-siemens","status":"publish","type":"product","link":"https:\/\/potensilift.com\/es\/producto\/elevator-contactor-3rt2016-2bb41-ac-3-4-kw-400v-24-vdc-for-siemens\/","title":{"rendered":"Elevator contactor 3RT2016-2BB41\u201a AC-3\u201a 4 kW\/400V\u201a 24 VDC for SIEMENS"},"content":{"rendered":"<p>POTENSI <strong>SIEMENS elevator contactor 3RT2016-2BB41\u201a AC-3\u201a 4 kW\/400V\u201a 24 VDC <\/strong>es la clave para mantener una experiencia de ascensor fluida y estable. Dise\u00f1ada con precisi\u00f3n y fabricada con materiales de alta calidad, esta soluci\u00f3n se integra perfectamente en su sistema, garantizando un rendimiento a largo plazo. Tanto si est\u00e1 actualizando\u00a0<strong>contactor del ascensor<\/strong> o buscando mejoras espec\u00edficas como <strong>SIEMENS elevator contactor<\/strong>POTENSI ofrece soluciones fiables y f\u00e1ciles de instalar. Aumente la estabilidad con confianza hoy mismo.<\/p>\n<h2>Par\u00e1metros del producto<\/h2>\n<table style=\"height: 220px;\" width=\"741\">\n<tbody>\n<tr>\n<td width=\"213\">Marca<\/td>\n<td width=\"213\">Para SIEMENS<\/td>\n<\/tr>\n<tr>\n<td width=\"213\">Productos<\/td>\n<td width=\"213\">elevator contactor 3RT2016-2BB41\u201a AC-3\u201a 4 kW\/400V\u201a 24 VDC<\/td>\n<\/tr>\n<tr>\n<td width=\"213\">Modelo<\/td>\n<td width=\"213\">3RT2016-2BB41<\/td>\n<\/tr>\n<tr>\n<td width=\"213\">Lugar de origen<\/td>\n<td width=\"213\">China<\/td>\n<\/tr>\n<\/tbody>\n<\/table>\n<h2>Por qu\u00e9 nosotros<\/h2>\n<p>Potensi provides high-quality SIEMENS elevator contactor 3RT2016-2BB41\u201a AC-3\u201a 4 kW\/400V\u201a 24 VDC, engineered to deliver exceptional reliability and performance for modern elevator systems. As a trusted supplier of elevator contactor, we offer a wide range of products, including specialized options like SIEMENS elevator contactor, ensuring compatibility with top global brands such as \u00a0<a href=\"https:\/\/potensilift.com\/es\/categoria-producto\/marcas-piezas\/for-mitsubishi\/\"><u>Mitsubishi<\/u><\/a>, <a href=\"https:\/\/potensilift.com\/es\/categoria-producto\/marcas-piezas\/para-otis\/\"><u>Otis<\/u><\/a>, <a href=\"https:\/\/potensilift.com\/es\/categoria-producto\/marcas-piezas\/para-tke-thyssenkrupp\/\"><u>Thyssen<\/u><\/a>, <a href=\"https:\/\/potensilift.com\/es\/categoria-producto\/marcas-piezas\/for-hyundai\/\"><u>Hyundai<\/u><\/a>y <a href=\"https:\/\/potensilift.com\/es\/categoria-producto\/marcas-piezas\/otras-marcas-piezas\/\"><u>otros<\/u><\/a>. Con amplias existencias y precios competitivos, Potensi est\u00e1 preparado para satisfacer sus necesidades. <a href=\"https:\/\/potensilift.com\/es\/contact\/\"><u>CONTACTO Esther<\/u><\/a>\u00a0Potensi espera poder ayudarle a mejorar sus sistemas de ascensores.<\/p>","protected":false},"excerpt":{"rendered":"<p>POTENSI elevator contactor provides long-lasting reliability and precision, making it an ideal solution for smooth elevator operation. Perfect for applications such as SIEMENS elevator contactor 3RT2016-2BB41.<\/p>","protected":false},"featured_media":5689,"comment_status":"open","ping_status":"closed","template":"","meta":{"_seopress_robots_primary_cat":"none","_seopress_titles_title":"SIEMENS elevator contactor 3RT2016-2BB41 | Elevator Solutions","_seopress_titles_desc":"Explore our wide range of elevator contactor and SIEMENS elevator contactor 3RT2016-2BB41 for elevators. Ideal for maintenance and upgrades.","_seopress_robots_index":""},"product_brand":[],"product_cat":[109,150],"product_tag":[],"class_list":{"0":"post-5685","1":"product","2":"type-product","3":"status-publish","4":"has-post-thumbnail","6":"product_cat-others-elevator-parts","7":"product_cat-others-brands-parts","9":"first","10":"instock","11":"shipping-taxable","12":"purchasable","13":"product-type-simple"},"_links":{"self":[{"href":"https:\/\/potensilift.com\/es\/wp-json\/wp\/v2\/product\/5685"}],"collection":[{"href":"https:\/\/potensilift.com\/es\/wp-json\/wp\/v2\/product"}],"about":[{"href":"https:\/\/potensilift.com\/es\/wp-json\/wp\/v2\/types\/product"}],"replies":[{"embeddable":true,"href":"https:\/\/potensilift.com\/es\/wp-json\/wp\/v2\/comments?post=5685"}],"wp:featuredmedia":[{"embeddable":true,"href":"https:\/\/potensilift.com\/es\/wp-json\/wp\/v2\/media\/5689"}],"wp:attachment":[{"href":"https:\/\/potensilift.com\/es\/wp-json\/wp\/v2\/media?parent=5685"}],"wp:term":[{"taxonomy":"product_brand","embeddable":true,"href":"https:\/\/potensilift.com\/es\/wp-json\/wp\/v2\/product_brand?post=5685"},{"taxonomy":"product_cat","embeddable":true,"href":"https:\/\/potensilift.com\/es\/wp-json\/wp\/v2\/product_cat?post=5685"},{"taxonomy":"product_tag","embeddable":true,"href":"https:\/\/potensilift.com\/es\/wp-json\/wp\/v2\/product_tag?post=5685"}],"curies":[{"name":"wp","href":"https:\/\/api.w.org\/{rel}","templated":true}]}}