{"id":5546,"date":"2025-03-22T12:35:03","date_gmt":"2025-03-22T12:35:03","guid":{"rendered":"https:\/\/potensilift.com\/?post_type=product&#038;p=5546"},"modified":"2025-03-25T09:39:52","modified_gmt":"2025-03-25T09:39:52","slug":"elevator-power-board-aba26800xu5-for-otis","status":"publish","type":"product","link":"https:\/\/potensilift.com\/es\/producto\/elevator-power-board-aba26800xu5-for-otis\/","title":{"rendered":"Placa de potencia de ascensor ABA26800XU5 Para Otis"},"content":{"rendered":"<p>POTENSI avanzado <strong>Cuadro de potencia del ascensor Otis<\/strong>\u00a0est\u00e1 dise\u00f1ado para optimizar el rendimiento del ascensor. Construido con tecnolog\u00eda de vanguardia y una construcci\u00f3n robusta, este <strong>Placa de potencia Otis Elevator ABA26800XU5<\/strong>\u00a0garantiza una compatibilidad perfecta y la m\u00e1xima eficacia operativa. Desde la mejora de la gesti\u00f3n global del sistema hasta el perfeccionamiento de <strong>cuadro el\u00e9ctrico del ascensor<\/strong>Las soluciones POTENSI son duraderas, f\u00e1ciles de usar y est\u00e1n pensadas para el futuro.<\/p>\n<h2>Par\u00e1metros del producto<\/h2>\n<table style=\"height: 219px;\" width=\"693\">\n<tbody>\n<tr>\n<td width=\"213\">Marca<\/td>\n<td width=\"213\">Para Otis<\/td>\n<\/tr>\n<tr>\n<td width=\"213\">Productos<\/td>\n<td width=\"213\">Placa de potencia Otis Elevator ABA26800XU5<\/td>\n<\/tr>\n<tr>\n<td width=\"213\">Modelo<\/td>\n<td width=\"213\">ABA26800XU5<\/td>\n<\/tr>\n<tr>\n<td width=\"213\">Lugar de origen<\/td>\n<td width=\"213\">China<\/td>\n<\/tr>\n<\/tbody>\n<\/table>\n<h2>Por qu\u00e9 nosotros<\/h2>\n<p>Potensi ofrece la tarjeta de potencia ABA26800XU5 de Otis Elevator de alta calidad, dise\u00f1ada para ofrecer una fiabilidad y un rendimiento excepcionales para los sistemas de ascensores modernos. Como proveedor de confianza de placas de potencia para ascensores, ofrecemos una amplia gama de productos, incluyendo opciones especializadas como la placa de potencia para ascensores Otis, garantizando la compatibilidad con las principales marcas mundiales como \u00a0<a href=\"https:\/\/potensilift.com\/es\/categoria-producto\/marcas-piezas\/for-mitsubishi\/\"><u>Mitsubishi<\/u><\/a>, <a href=\"https:\/\/potensilift.com\/es\/categoria-producto\/marcas-piezas\/para-otis\/\"><u>Otis<\/u><\/a>, <a href=\"https:\/\/potensilift.com\/es\/categoria-producto\/marcas-piezas\/para-tke-thyssenkrupp\/\"><u>Thyssen<\/u><\/a>, <a href=\"https:\/\/potensilift.com\/es\/categoria-producto\/marcas-piezas\/for-hyundai\/\"><u>Hyundai<\/u><\/a>y <a href=\"https:\/\/potensilift.com\/es\/categoria-producto\/marcas-piezas\/otras-marcas-piezas\/\"><u>otros<\/u><\/a>. Con amplias existencias y precios competitivos, Potensi est\u00e1 preparado para satisfacer sus necesidades. <a href=\"https:\/\/potensilift.com\/es\/contact\/\"><u>CONTACTO Esther<\/u><\/a>\u00a0Potensi espera poder ayudarle a mejorar sus sistemas de ascensores.<\/p>","protected":false},"excerpt":{"rendered":"<p>Actualice su sistema de ascensores con la tarjeta de potencia para ascensores POTENSI Otis, dise\u00f1ada para una integraci\u00f3n perfecta y un rendimiento excepcional. Nuestro cuadro el\u00e9ctrico para ascensores garantiza una eficiencia a largo plazo.<\/p>","protected":false},"featured_media":5549,"comment_status":"open","ping_status":"closed","template":"","meta":{"_seopress_robots_primary_cat":"none","_seopress_titles_title":"Otis elevator power board | Quality Elevator Parts - POTENSI","_seopress_titles_desc":"Explore a range of elevator power board with high-quality Otis elevator power board. Perfect for maintaining peak elevator performance.","_seopress_robots_index":""},"product_brand":[],"product_cat":[161,127],"product_tag":[],"class_list":{"0":"post-5546","1":"product","2":"type-product","3":"status-publish","4":"has-post-thumbnail","6":"product_cat-elevator-pcb","7":"product_cat-for-otis","9":"first","10":"instock","11":"shipping-taxable","12":"purchasable","13":"product-type-simple"},"_links":{"self":[{"href":"https:\/\/potensilift.com\/es\/wp-json\/wp\/v2\/product\/5546"}],"collection":[{"href":"https:\/\/potensilift.com\/es\/wp-json\/wp\/v2\/product"}],"about":[{"href":"https:\/\/potensilift.com\/es\/wp-json\/wp\/v2\/types\/product"}],"replies":[{"embeddable":true,"href":"https:\/\/potensilift.com\/es\/wp-json\/wp\/v2\/comments?post=5546"}],"wp:featuredmedia":[{"embeddable":true,"href":"https:\/\/potensilift.com\/es\/wp-json\/wp\/v2\/media\/5549"}],"wp:attachment":[{"href":"https:\/\/potensilift.com\/es\/wp-json\/wp\/v2\/media?parent=5546"}],"wp:term":[{"taxonomy":"product_brand","embeddable":true,"href":"https:\/\/potensilift.com\/es\/wp-json\/wp\/v2\/product_brand?post=5546"},{"taxonomy":"product_cat","embeddable":true,"href":"https:\/\/potensilift.com\/es\/wp-json\/wp\/v2\/product_cat?post=5546"},{"taxonomy":"product_tag","embeddable":true,"href":"https:\/\/potensilift.com\/es\/wp-json\/wp\/v2\/product_tag?post=5546"}],"curies":[{"name":"wp","href":"https:\/\/api.w.org\/{rel}","templated":true}]}}