{"id":5541,"date":"2025-03-22T12:28:02","date_gmt":"2025-03-22T12:28:02","guid":{"rendered":"https:\/\/potensilift.com\/?post_type=product&#038;p=5541"},"modified":"2025-03-27T09:31:29","modified_gmt":"2025-03-27T09:31:29","slug":"mine-cab-eccentric-door-roller-48mm-pfr-03-pfr-03000000-for-fermator","status":"publish","type":"product","link":"https:\/\/potensilift.com\/es\/producto\/mine-cab-eccentric-door-roller-48mm-pfr-03-pfr-03000000-for-fermator\/","title":{"rendered":"Rodillo exc\u00e9ntrico para puerta de cabina de mina 48mm PFR-03 PFR.03000000 para Fermator"},"content":{"rendered":"<p>POTENSI<strong> Rodillo exc\u00e9ntrico para puerta de cabina de mina 48mm PFR-03 PFR.03000000 para Fermator <\/strong>\u00a0es la clave para mantener una experiencia de ascensor fluida y estable. Dise\u00f1ada con precisi\u00f3n y fabricada con materiales de alta calidad, esta soluci\u00f3n se integra perfectamente en su sistema, garantizando un rendimiento a largo plazo. Tanto si est\u00e1 actualizando <strong>Mine cab eccentric door roller<\/strong>\u00a0o buscando mejoras espec\u00edficas como <strong>Mine cab eccentric door roller\u00a0for Fermator<\/strong>POTENSI ofrece soluciones fiables y f\u00e1ciles de instalar. Aumente la estabilidad con confianza hoy mismo.<\/p>\n<h2>Par\u00e1metros del producto<\/h2>\n<table style=\"height: 211px;\" width=\"703\">\n<tbody>\n<tr>\n<td width=\"213\">Marca<\/td>\n<td width=\"213\">Para Fermator<\/td>\n<\/tr>\n<tr>\n<td width=\"213\">Productos<\/td>\n<td width=\"213\">Mine cab eccentric door roller 48mm PFR-03 PFR.03000000<\/td>\n<\/tr>\n<tr>\n<td width=\"213\">Modelo<\/td>\n<td width=\"213\">48mm PFR-03 PFR.03000000<\/td>\n<\/tr>\n<tr>\n<td width=\"213\">Lugar de origen<\/td>\n<td width=\"213\">China<\/td>\n<\/tr>\n<\/tbody>\n<\/table>\n<h2>Por qu\u00e9 nosotros<\/h2>\n<p>Potensi provides high-quality Mine cab eccentric door roller 48mm PFR-03 PFR.03000000 for Fermator , engineered to deliver exceptional reliability and performance for modern elevator systems. As a trusted supplier of Mine cab eccentric door roller, we offer a wide range of products, including specialized options like Mine cab eccentric door roller for Fermator , ensuring compatibility with top global brands such as \u00a0<a href=\"https:\/\/potensilift.com\/es\/categoria-producto\/marcas-piezas\/for-mitsubishi\/\"><u>Mitsubishi<\/u><\/a>, <a href=\"https:\/\/potensilift.com\/es\/categoria-producto\/marcas-piezas\/para-otis\/\"><u>Otis<\/u><\/a>, <a href=\"https:\/\/potensilift.com\/es\/categoria-producto\/marcas-piezas\/para-tke-thyssenkrupp\/\"><u>Thyssen<\/u><\/a>, <a href=\"https:\/\/potensilift.com\/es\/categoria-producto\/marcas-piezas\/for-hyundai\/\"><u>Hyundai<\/u><\/a>y <a href=\"https:\/\/potensilift.com\/es\/categoria-producto\/marcas-piezas\/otras-marcas-piezas\/\"><u>otros<\/u><\/a>. Con amplias existencias y precios competitivos, Potensi est\u00e1 preparado para satisfacer sus necesidades. <a href=\"https:\/\/potensilift.com\/es\/contact\/\"><u>CONTACTO Esther<\/u><\/a>\u00a0Potensi espera poder ayudarle a mejorar sus sistemas de ascensores.<\/p>","protected":false},"excerpt":{"rendered":"<p>POTENSI elevator Mine cab eccentric door roller provides long-lasting reliability and precision, making it an ideal solution for smooth elevator operation. Perfect for applications such as Mine cab eccentric door roller 48mm PFR-03 PFR.03000000 for Fermator .<\/p>","protected":false},"featured_media":5542,"comment_status":"open","ping_status":"closed","template":"","meta":{"_seopress_robots_primary_cat":"none","_seopress_titles_title":"Mine cab eccentric door roller | Elevator Accessories - POTENSI","_seopress_titles_desc":"Shop for a reliable elevator door roller such as a Mine cab eccentric door roller for Fermator to ensure your elevator system runs smoothly.","_seopress_robots_index":""},"product_brand":[],"product_cat":[171,109],"product_tag":[],"class_list":{"0":"post-5541","1":"product","2":"type-product","3":"status-publish","4":"has-post-thumbnail","6":"product_cat-for-fermator","7":"product_cat-others-elevator-parts","9":"first","10":"instock","11":"shipping-taxable","12":"purchasable","13":"product-type-simple"},"_links":{"self":[{"href":"https:\/\/potensilift.com\/es\/wp-json\/wp\/v2\/product\/5541"}],"collection":[{"href":"https:\/\/potensilift.com\/es\/wp-json\/wp\/v2\/product"}],"about":[{"href":"https:\/\/potensilift.com\/es\/wp-json\/wp\/v2\/types\/product"}],"replies":[{"embeddable":true,"href":"https:\/\/potensilift.com\/es\/wp-json\/wp\/v2\/comments?post=5541"}],"wp:featuredmedia":[{"embeddable":true,"href":"https:\/\/potensilift.com\/es\/wp-json\/wp\/v2\/media\/5542"}],"wp:attachment":[{"href":"https:\/\/potensilift.com\/es\/wp-json\/wp\/v2\/media?parent=5541"}],"wp:term":[{"taxonomy":"product_brand","embeddable":true,"href":"https:\/\/potensilift.com\/es\/wp-json\/wp\/v2\/product_brand?post=5541"},{"taxonomy":"product_cat","embeddable":true,"href":"https:\/\/potensilift.com\/es\/wp-json\/wp\/v2\/product_cat?post=5541"},{"taxonomy":"product_tag","embeddable":true,"href":"https:\/\/potensilift.com\/es\/wp-json\/wp\/v2\/product_tag?post=5541"}],"curies":[{"name":"wp","href":"https:\/\/api.w.org\/{rel}","templated":true}]}}