{"id":5531,"date":"2025-03-22T12:12:38","date_gmt":"2025-03-22T12:12:38","guid":{"rendered":"https:\/\/potensilift.com\/?post_type=product&#038;p=5531"},"modified":"2025-03-26T12:53:10","modified_gmt":"2025-03-26T12:53:10","slug":"fermator-tke-door-slider-57-4940mm-for-tke-elevator","status":"publish","type":"product","link":"https:\/\/potensilift.com\/es\/producto\/fermator-tke-door-slider-57-4940mm-for-tke-elevator\/","title":{"rendered":"Deslizador de puerta Fermator Tke, 57\/49*40mm para ascensor TKE"},"content":{"rendered":"<p>POTENSI <strong>Deslizador de puerta Fermator Tke, 57\/49*40mm para ascensor TKE<\/strong>\u00a0es la clave para mantener una experiencia de ascensor fluida y estable. Dise\u00f1ada con precisi\u00f3n y fabricada con materiales de alta calidad, esta soluci\u00f3n se integra perfectamente en su sistema, garantizando un rendimiento a largo plazo. Tanto si est\u00e1 actualizando el <strong>Fermator Tke door slider<\/strong>\u00a0o buscando mejoras espec\u00edficas como el\u00a0<strong>Elevator door slider<\/strong>POTENSI ofrece soluciones fiables y f\u00e1ciles de instalar. Aumente la estabilidad con confianza hoy mismo.<\/p>\n<h2>Par\u00e1metros del producto<\/h2>\n<table style=\"height: 184px;\" width=\"702\">\n<tbody>\n<tr>\n<td width=\"213\">Marca<\/td>\n<td width=\"213\">Para Fermator<\/td>\n<\/tr>\n<tr>\n<td width=\"213\">Productos<\/td>\n<td width=\"213\">Deslizador de puerta Fermator Tke, 57\/49*40mm para ascensor TKE<\/td>\n<\/tr>\n<tr>\n<td width=\"213\">Modelo<\/td>\n<td width=\"213\">57\/49*40mm<\/td>\n<\/tr>\n<tr>\n<td width=\"213\">Lugar de origen<\/td>\n<td width=\"213\">China<\/td>\n<\/tr>\n<\/tbody>\n<\/table>\n<h2>Por qu\u00e9 nosotros<\/h2>\n<p>Potensi provides high-quality Fermator Tke door slider, 57\/49*40mm for TKE elevator, engineered to deliver exceptional reliability and performance for modern elevator systems. As a trusted supplier of Elevator door slider, we offer a wide range of products, including specialized options like Fermator Tke door slider, ensuring compatibility with top global brands such as \u00a0<a href=\"https:\/\/potensilift.com\/es\/categoria-producto\/marcas-piezas\/for-mitsubishi\/\"><u>Mitsubishi<\/u><\/a>, <a href=\"https:\/\/potensilift.com\/es\/categoria-producto\/marcas-piezas\/para-otis\/\"><u>Otis<\/u><\/a>, <a href=\"https:\/\/potensilift.com\/es\/categoria-producto\/marcas-piezas\/para-tke-thyssenkrupp\/\"><u>Thyssen<\/u><\/a>, <a href=\"https:\/\/potensilift.com\/es\/categoria-producto\/marcas-piezas\/for-hyundai\/\"><u>Hyundai<\/u><\/a>y <a href=\"https:\/\/potensilift.com\/es\/categoria-producto\/marcas-piezas\/otras-marcas-piezas\/\"><u>otros<\/u><\/a>. Con amplias existencias y precios competitivos, Potensi est\u00e1 preparado para satisfacer sus necesidades. <a href=\"https:\/\/potensilift.com\/es\/contact\/\"><u>CONTACTO Esther<\/u><\/a>\u00a0Potensi espera poder ayudarle a mejorar sus sistemas de ascensores.<\/p>","protected":false},"excerpt":{"rendered":"<p>POTENSI Elevator door slider provides long-lasting reliability and precision, making it an ideal solution for smooth elevator operation. Perfect for applications such as Fermator Tke door slider, 57\/49*40mm for TKE elevator.<\/p>","protected":false},"featured_media":5535,"comment_status":"open","ping_status":"closed","template":"","meta":{"_seopress_robots_primary_cat":"none","_seopress_titles_title":"Elevator door slider | Elevator Components - POTENSI","_seopress_titles_desc":"Find the best Fermator Tke door slider, 57\/49*40mm for your elevator needs. Elevator door slider, options available for specific applications.","_seopress_robots_index":""},"product_brand":[],"product_cat":[171,109],"product_tag":[],"class_list":{"0":"post-5531","1":"product","2":"type-product","3":"status-publish","4":"has-post-thumbnail","6":"product_cat-for-fermator","7":"product_cat-others-elevator-parts","9":"first","10":"instock","11":"shipping-taxable","12":"purchasable","13":"product-type-simple"},"_links":{"self":[{"href":"https:\/\/potensilift.com\/es\/wp-json\/wp\/v2\/product\/5531"}],"collection":[{"href":"https:\/\/potensilift.com\/es\/wp-json\/wp\/v2\/product"}],"about":[{"href":"https:\/\/potensilift.com\/es\/wp-json\/wp\/v2\/types\/product"}],"replies":[{"embeddable":true,"href":"https:\/\/potensilift.com\/es\/wp-json\/wp\/v2\/comments?post=5531"}],"wp:featuredmedia":[{"embeddable":true,"href":"https:\/\/potensilift.com\/es\/wp-json\/wp\/v2\/media\/5535"}],"wp:attachment":[{"href":"https:\/\/potensilift.com\/es\/wp-json\/wp\/v2\/media?parent=5531"}],"wp:term":[{"taxonomy":"product_brand","embeddable":true,"href":"https:\/\/potensilift.com\/es\/wp-json\/wp\/v2\/product_brand?post=5531"},{"taxonomy":"product_cat","embeddable":true,"href":"https:\/\/potensilift.com\/es\/wp-json\/wp\/v2\/product_cat?post=5531"},{"taxonomy":"product_tag","embeddable":true,"href":"https:\/\/potensilift.com\/es\/wp-json\/wp\/v2\/product_tag?post=5531"}],"curies":[{"name":"wp","href":"https:\/\/api.w.org\/{rel}","templated":true}]}}