{"id":5276,"date":"2025-03-07T03:17:56","date_gmt":"2025-03-07T03:17:56","guid":{"rendered":"https:\/\/potensilift.com\/?post_type=product&#038;p=5276"},"modified":"2025-03-07T03:17:57","modified_gmt":"2025-03-07T03:17:57","slug":"elevator-pcb-board-tlcop-1a-for-thyssenkrupp","status":"publish","type":"product","link":"https:\/\/potensilift.com\/es\/producto\/elevator-pcb-board-tlcop-1a-for-thyssenkrupp\/","title":{"rendered":"Placa circuito impreso ascensor TLCOP-1A Para Thyssenkrupp"},"content":{"rendered":"<p>POTENSI avanzado <strong>Placa PCB de ascensor Thyssenkrupp<\/strong> est\u00e1 dise\u00f1ado para optimizar el rendimiento del ascensor. Construido con tecnolog\u00eda de vanguardia y una construcci\u00f3n robusta, este <strong>Placa de circuito impreso TLCOP-1A para ascensores Thyssenkrupp<\/strong> garantiza una compatibilidad perfecta y la m\u00e1xima eficacia operativa. Desde la mejora de la gesti\u00f3n global del sistema hasta el perfeccionamiento de <strong>placa de circuito impreso del ascensor<\/strong>Las soluciones POTENSI son duraderas, f\u00e1ciles de usar y est\u00e1n pensadas para el futuro.<\/p>\n<h2>Par\u00e1metros del producto<\/h2>\n<table style=\"height: 205px;\" width=\"643\">\n<tbody>\n<tr>\n<td width=\"213\">Marca<\/td>\n<td width=\"213\">Para Thyssenkrupp<\/td>\n<\/tr>\n<tr>\n<td width=\"213\">Productos<\/td>\n<td width=\"213\">Placa de circuito impreso TLCOP-1A para ascensores Thyssenkrupp<\/td>\n<\/tr>\n<tr>\n<td width=\"213\">Modelo<\/td>\n<td width=\"213\">TLCOP-1A<\/td>\n<\/tr>\n<tr>\n<td width=\"213\">Lugar de origen<\/td>\n<td width=\"213\">Alemania<\/td>\n<\/tr>\n<\/tbody>\n<\/table>\n<h2>Por qu\u00e9 nosotros<\/h2>\n<p>Potensi proporciona alta calidad Thyssenkrupp ascensor placa PCB TLCOP-1A, dise\u00f1ado para ofrecer una fiabilidad excepcional y el rendimiento de los sistemas de ascensor moderno. Como un proveedor confiable de placa PCB del elevador, ofrecemos una amplia gama de productos, incluyendo opciones especializadas como Thyssenkrupp elevador PCB board, asegurando la compatibilidad con las mejores marcas mundiales como \u00a0<a href=\"https:\/\/potensilift.com\/es\/categoria-producto\/marcas-piezas\/for-mitsubishi\/\"><u>Mitsubishi<\/u><\/a>, <a href=\"https:\/\/potensilift.com\/es\/categoria-producto\/marcas-piezas\/para-otis\/\"><u>Otis<\/u><\/a>, <a href=\"https:\/\/potensilift.com\/es\/categoria-producto\/marcas-piezas\/para-tke-thyssenkrupp\/\"><u>Thyssen<\/u><\/a>, <a href=\"https:\/\/potensilift.com\/es\/categoria-producto\/marcas-piezas\/for-hyundai\/\"><u>Hyundai<\/u><\/a>y <a href=\"https:\/\/potensilift.com\/es\/categoria-producto\/marcas-piezas\/otras-marcas-piezas\/\"><u>otros<\/u><\/a>. Con amplias existencias y precios competitivos, Potensi est\u00e1 preparado para satisfacer sus necesidades. <a href=\"https:\/\/potensilift.com\/es\/contact\/\"><u>CONTACTO Esther<\/u><\/a>\u00a0Potensi espera poder ayudarle a mejorar sus sistemas de ascensores.<\/p>","protected":false},"excerpt":{"rendered":"<p>Actualice su sistema de ascensores con la placa de circuito impreso para ascensores POTENSI Thyssenkrupp, dise\u00f1ada para una integraci\u00f3n perfecta y un rendimiento excepcional. Nuestra placa de circuito impreso para ascensores garantiza la eficiencia a largo plazo.<\/p>","protected":false},"featured_media":5279,"comment_status":"open","ping_status":"closed","template":"","meta":{"_seopress_robots_primary_cat":"none","_seopress_titles_title":"Thyssenkrupp elevator PCB board | Quality Elevator Parts","_seopress_titles_desc":"Explore a range of elevator PCB board with high-quality Thyssenkrupp elevator PCB board. Perfect for maintaining peak elevator performance.","_seopress_robots_index":""},"product_brand":[],"product_cat":[161,129],"product_tag":[],"class_list":{"0":"post-5276","1":"product","2":"type-product","3":"status-publish","4":"has-post-thumbnail","6":"product_cat-elevator-pcb","7":"product_cat-for-tke-thyssenkrupp","9":"first","10":"instock","11":"shipping-taxable","12":"purchasable","13":"product-type-simple"},"_links":{"self":[{"href":"https:\/\/potensilift.com\/es\/wp-json\/wp\/v2\/product\/5276"}],"collection":[{"href":"https:\/\/potensilift.com\/es\/wp-json\/wp\/v2\/product"}],"about":[{"href":"https:\/\/potensilift.com\/es\/wp-json\/wp\/v2\/types\/product"}],"replies":[{"embeddable":true,"href":"https:\/\/potensilift.com\/es\/wp-json\/wp\/v2\/comments?post=5276"}],"wp:featuredmedia":[{"embeddable":true,"href":"https:\/\/potensilift.com\/es\/wp-json\/wp\/v2\/media\/5279"}],"wp:attachment":[{"href":"https:\/\/potensilift.com\/es\/wp-json\/wp\/v2\/media?parent=5276"}],"wp:term":[{"taxonomy":"product_brand","embeddable":true,"href":"https:\/\/potensilift.com\/es\/wp-json\/wp\/v2\/product_brand?post=5276"},{"taxonomy":"product_cat","embeddable":true,"href":"https:\/\/potensilift.com\/es\/wp-json\/wp\/v2\/product_cat?post=5276"},{"taxonomy":"product_tag","embeddable":true,"href":"https:\/\/potensilift.com\/es\/wp-json\/wp\/v2\/product_tag?post=5276"}],"curies":[{"name":"wp","href":"https:\/\/api.w.org\/{rel}","templated":true}]}}