{"id":5200,"date":"2025-03-01T15:56:46","date_gmt":"2025-03-01T15:56:46","guid":{"rendered":"https:\/\/potensilift.com\/?post_type=product&#038;p=5200"},"modified":"2025-03-25T09:45:08","modified_gmt":"2025-03-25T09:45:08","slug":"elevator-traction-machine-faxi100b-800kg-1-0m-s-for-faxi","status":"publish","type":"product","link":"https:\/\/potensilift.com\/es\/producto\/elevator-traction-machine-faxi100b-800kg-1-0m-s-for-faxi\/","title":{"rendered":"M\u00e1quina de tracci\u00f3n para ascensores FAXI100B 800kg 1.0m\/s Para FAXI"},"content":{"rendered":"<p>POTENSI avanzado <strong>FAXI\u00a0<\/strong><strong>M\u00e1quina de tracci\u00f3n de ascensores <\/strong>est\u00e1 dise\u00f1ado para optimizar el rendimiento del ascensor. Construido con tecnolog\u00eda de vanguardia y una construcci\u00f3n robusta, este <strong>M\u00e1quina de tracci\u00f3n para ascensores FAXI FAXI100B 800kg 1.0m\/s<\/strong>\u00a0garantiza una compatibilidad perfecta y la m\u00e1xima eficacia operativa. Desde la mejora de la gesti\u00f3n global del sistema hasta el perfeccionamiento de <strong>M\u00e1quina de tracci\u00f3n de ascensores<\/strong>Las soluciones POTENSI son duraderas, f\u00e1ciles de usar y est\u00e1n pensadas para el futuro.<\/p>\n<h2>Par\u00e1metros del producto<\/h2>\n<table style=\"height: 235px;\" width=\"737\">\n<tbody>\n<tr>\n<td width=\"213\">Marca<\/td>\n<td width=\"213\">Para FAXI<\/td>\n<\/tr>\n<tr>\n<td width=\"213\">Productos<\/td>\n<td width=\"213\">M\u00e1quina de tracci\u00f3n para ascensores FAXI100B 800kg 1.0m\/s<\/td>\n<\/tr>\n<tr>\n<td width=\"213\">Modelo<\/td>\n<td width=\"213\">FAXI100B 800kg 1,0m\/s<\/td>\n<\/tr>\n<tr>\n<td width=\"213\">Lugar de origen<\/td>\n<td width=\"213\">China<\/td>\n<\/tr>\n<\/tbody>\n<\/table>\n<h2>Por qu\u00e9 nosotros<\/h2>\n<p>Potensi ofrece alta calidad FAXI Elevator Traction Machine FAXI100B 800kg 1.0m\/s, dise\u00f1ado para ofrecer una fiabilidad excepcional y el rendimiento de los sistemas de ascensores modernos. Como proveedor de confianza de M\u00e1quina de Tracci\u00f3n para Ascensores, ofrecemos una amplia gama de productos, incluyendo opciones especializadas como M\u00e1quina de Tracci\u00f3n para Ascensores FAXI, garantizando la compatibilidad con las principales marcas mundiales, tales como \u00a0<a href=\"https:\/\/potensilift.com\/es\/categoria-producto\/marcas-piezas\/for-mitsubishi\/\"><u>Mitsubishi<\/u><\/a>, <a href=\"https:\/\/potensilift.com\/es\/categoria-producto\/marcas-piezas\/para-otis\/\"><u>Otis<\/u><\/a>, <a href=\"https:\/\/potensilift.com\/es\/categoria-producto\/marcas-piezas\/para-tke-thyssenkrupp\/\"><u>Thyssen<\/u><\/a>, <a href=\"https:\/\/potensilift.com\/es\/categoria-producto\/marcas-piezas\/for-hyundai\/\"><u>Hyundai<\/u><\/a>y <a href=\"https:\/\/potensilift.com\/es\/categoria-producto\/marcas-piezas\/otras-marcas-piezas\/\"><u>otros<\/u><\/a>. Con amplias existencias y precios competitivos, Potensi est\u00e1 preparado para satisfacer sus necesidades. <a href=\"https:\/\/potensilift.com\/es\/contact\/\"><u>CONTACTO Esther<\/u><\/a>\u00a0Potensi espera poder ayudarle a mejorar sus sistemas de ascensores.<\/p>","protected":false},"excerpt":{"rendered":"<p>Para obtener el m\u00e1ximo rendimiento, elija la m\u00e1quina de tracci\u00f3n para ascensores POTENSI, dise\u00f1ada para cumplir las normas industriales m\u00e1s exigentes. Perfecta para componentes cr\u00edticos para la seguridad, como la m\u00e1quina de tracci\u00f3n para ascensores FAXI100B de 800 kg y 1,0 m\/s.<\/p>","protected":false},"featured_media":5201,"comment_status":"open","ping_status":"closed","template":"","meta":{"_seopress_robots_primary_cat":"none","_seopress_titles_title":"Elevator Traction Machine For FAXI | Elevator Components","_seopress_titles_desc":"FAXI Elevator Traction Machine FAXI100B 800kg 1.0m\/s for your elevator needs. FAXI Elevator Traction Machine options available for specific applications.","_seopress_robots_index":""},"product_brand":[],"product_cat":[169,150],"product_tag":[],"class_list":{"0":"post-5200","1":"product","2":"type-product","3":"status-publish","4":"has-post-thumbnail","6":"product_cat-elevator-traction-machine","7":"product_cat-others-brands-parts","9":"first","10":"instock","11":"shipping-taxable","12":"purchasable","13":"product-type-simple"},"_links":{"self":[{"href":"https:\/\/potensilift.com\/es\/wp-json\/wp\/v2\/product\/5200"}],"collection":[{"href":"https:\/\/potensilift.com\/es\/wp-json\/wp\/v2\/product"}],"about":[{"href":"https:\/\/potensilift.com\/es\/wp-json\/wp\/v2\/types\/product"}],"replies":[{"embeddable":true,"href":"https:\/\/potensilift.com\/es\/wp-json\/wp\/v2\/comments?post=5200"}],"wp:featuredmedia":[{"embeddable":true,"href":"https:\/\/potensilift.com\/es\/wp-json\/wp\/v2\/media\/5201"}],"wp:attachment":[{"href":"https:\/\/potensilift.com\/es\/wp-json\/wp\/v2\/media?parent=5200"}],"wp:term":[{"taxonomy":"product_brand","embeddable":true,"href":"https:\/\/potensilift.com\/es\/wp-json\/wp\/v2\/product_brand?post=5200"},{"taxonomy":"product_cat","embeddable":true,"href":"https:\/\/potensilift.com\/es\/wp-json\/wp\/v2\/product_cat?post=5200"},{"taxonomy":"product_tag","embeddable":true,"href":"https:\/\/potensilift.com\/es\/wp-json\/wp\/v2\/product_tag?post=5200"}],"curies":[{"name":"wp","href":"https:\/\/api.w.org\/{rel}","templated":true}]}}