{"id":5196,"date":"2025-03-01T15:51:28","date_gmt":"2025-03-01T15:51:28","guid":{"rendered":"https:\/\/potensilift.com\/?post_type=product&#038;p=5196"},"modified":"2025-03-27T07:00:00","modified_gmt":"2025-03-27T07:00:00","slug":"elevator-traction-machine-fxpd630-1-0m-s-for-faxi","status":"publish","type":"product","link":"https:\/\/potensilift.com\/es\/producto\/elevator-traction-machine-fxpd630-1-0m-s-for-faxi\/","title":{"rendered":"Elevator Traction Machine FXPD630 1.0m\/s For FAXI"},"content":{"rendered":"<p>POTENSI avanzado <strong>FAXI\u00a0<\/strong><strong>M\u00e1quina de tracci\u00f3n de ascensores <\/strong>est\u00e1 dise\u00f1ado para optimizar el rendimiento del ascensor. Construido con tecnolog\u00eda de vanguardia y una construcci\u00f3n robusta, este <strong>FAXI Elevator Traction Machine FXPD630 1.0m\/s<\/strong>\u00a0garantiza una compatibilidad perfecta y la m\u00e1xima eficacia operativa. Desde la mejora de la gesti\u00f3n global del sistema hasta el perfeccionamiento de <strong>M\u00e1quina de tracci\u00f3n de ascensores<\/strong>Las soluciones POTENSI son duraderas, f\u00e1ciles de usar y est\u00e1n pensadas para el futuro.<\/p>\n<h2>Par\u00e1metros del producto<\/h2>\n<table style=\"height: 235px;\" width=\"737\">\n<tbody>\n<tr>\n<td width=\"213\">Marca<\/td>\n<td width=\"213\">Para FAXI<\/td>\n<\/tr>\n<tr>\n<td width=\"213\">Productos<\/td>\n<td width=\"213\">Elevator Traction Machine FXPD630 1.0m\/s<\/td>\n<\/tr>\n<tr>\n<td width=\"213\">Modelo<\/td>\n<td width=\"213\">FXPD630 1.0m\/s<\/td>\n<\/tr>\n<tr>\n<td width=\"213\">Lugar de origen<\/td>\n<td width=\"213\">China<\/td>\n<\/tr>\n<\/tbody>\n<\/table>\n<h2>Por qu\u00e9 nosotros<\/h2>\n<p>Potensi provides high-quality FAXI Elevator Traction Machine FXPD630 1.0m\/s, engineered to deliver exceptional reliability and performance for modern elevator systems. As a trusted supplier of Elevator Traction Machine, we offer a wide range of products, including specialized options like FAXI Elevator Traction Machine, ensuring compatibility with top global brands such as \u00a0<a href=\"https:\/\/potensilift.com\/es\/categoria-producto\/marcas-piezas\/for-mitsubishi\/\"><u>Mitsubishi<\/u><\/a>, <a href=\"https:\/\/potensilift.com\/es\/categoria-producto\/marcas-piezas\/para-otis\/\"><u>Otis<\/u><\/a>, <a href=\"https:\/\/potensilift.com\/es\/categoria-producto\/marcas-piezas\/para-tke-thyssenkrupp\/\"><u>Thyssen<\/u><\/a>, <a href=\"https:\/\/potensilift.com\/es\/categoria-producto\/marcas-piezas\/for-hyundai\/\"><u>Hyundai<\/u><\/a>y <a href=\"https:\/\/potensilift.com\/es\/categoria-producto\/marcas-piezas\/otras-marcas-piezas\/\"><u>otros<\/u><\/a>. Con amplias existencias y precios competitivos, Potensi est\u00e1 preparado para satisfacer sus necesidades. <a href=\"https:\/\/potensilift.com\/es\/contact\/\"><u>CONTACTO Esther<\/u><\/a>\u00a0Potensi espera poder ayudarle a mejorar sus sistemas de ascensores.<\/p>","protected":false},"excerpt":{"rendered":"<p>For ultimate performance, choose POTENSI Elevator Traction Machine, designed to meet the highest industry standards. Perfect for safety-critical components like FAXI Elevator Traction Machine FXPD630 1.0m\/s.<\/p>","protected":false},"featured_media":5197,"comment_status":"open","ping_status":"closed","template":"","meta":{"_seopress_robots_primary_cat":"none","_seopress_titles_title":"Elevator Traction Machine For FAXI | Elevator Components","_seopress_titles_desc":"FAXI Elevator Traction Machine FXPD630 1.0m\/s for your elevator needs. FAXI Elevator Traction Machine options available for specific applications.","_seopress_robots_index":""},"product_brand":[],"product_cat":[169,150],"product_tag":[],"class_list":{"0":"post-5196","1":"product","2":"type-product","3":"status-publish","4":"has-post-thumbnail","6":"product_cat-elevator-traction-machine","7":"product_cat-others-brands-parts","9":"first","10":"instock","11":"shipping-taxable","12":"purchasable","13":"product-type-simple"},"_links":{"self":[{"href":"https:\/\/potensilift.com\/es\/wp-json\/wp\/v2\/product\/5196"}],"collection":[{"href":"https:\/\/potensilift.com\/es\/wp-json\/wp\/v2\/product"}],"about":[{"href":"https:\/\/potensilift.com\/es\/wp-json\/wp\/v2\/types\/product"}],"replies":[{"embeddable":true,"href":"https:\/\/potensilift.com\/es\/wp-json\/wp\/v2\/comments?post=5196"}],"wp:featuredmedia":[{"embeddable":true,"href":"https:\/\/potensilift.com\/es\/wp-json\/wp\/v2\/media\/5197"}],"wp:attachment":[{"href":"https:\/\/potensilift.com\/es\/wp-json\/wp\/v2\/media?parent=5196"}],"wp:term":[{"taxonomy":"product_brand","embeddable":true,"href":"https:\/\/potensilift.com\/es\/wp-json\/wp\/v2\/product_brand?post=5196"},{"taxonomy":"product_cat","embeddable":true,"href":"https:\/\/potensilift.com\/es\/wp-json\/wp\/v2\/product_cat?post=5196"},{"taxonomy":"product_tag","embeddable":true,"href":"https:\/\/potensilift.com\/es\/wp-json\/wp\/v2\/product_tag?post=5196"}],"curies":[{"name":"wp","href":"https:\/\/api.w.org\/{rel}","templated":true}]}}