{"id":5163,"date":"2025-03-01T14:58:39","date_gmt":"2025-03-01T14:58:39","guid":{"rendered":"https:\/\/potensilift.com\/?post_type=product&#038;p=5163"},"modified":"2025-03-25T09:32:05","modified_gmt":"2025-03-25T09:32:05","slug":"elevator-geared-traction-machine-yj200a-1000kg-1-0m-s-for-torindrive","status":"publish","type":"product","link":"https:\/\/potensilift.com\/es\/producto\/elevator-geared-traction-machine-yj200a-1000kg-1-0m-s-for-torindrive\/","title":{"rendered":"M\u00e1quina de tracci\u00f3n con engranajes para ascensores YJ200A, 1000KG, 1.0M\/S Para Torindrive"},"content":{"rendered":"<p>POTENSI avanzado <strong>M\u00e1quina de tracci\u00f3n de engranajes para ascensores Torindrive<\/strong> est\u00e1 dise\u00f1ado para optimizar el rendimiento del ascensor. Construido con tecnolog\u00eda de vanguardia y una construcci\u00f3n robusta, este <strong>M\u00e1quina de tracci\u00f3n de engranajes para ascensores Torindrive YJ200A, 1000KG, 1.0M\/S<\/strong> garantiza una compatibilidad perfecta y la m\u00e1xima eficacia operativa. Desde la mejora de la gesti\u00f3n global del sistema hasta el perfeccionamiento de <strong>M\u00e1quina de tracci\u00f3n por engranajes para ascensores<\/strong>Las soluciones POTENSI son duraderas, f\u00e1ciles de usar y est\u00e1n pensadas para el futuro.<\/p>\n<h2>Par\u00e1metros del producto<\/h2>\n<table style=\"height: 202px;\" width=\"740\">\n<tbody>\n<tr>\n<td width=\"213\">Marca<\/td>\n<td width=\"213\">Para Torindrive<\/td>\n<\/tr>\n<tr>\n<td width=\"213\">Productos<\/td>\n<td width=\"213\">M\u00e1quina de tracci\u00f3n de engranajes para ascensores Torindrive YJ200A, 1000KG, 1.0M\/S<\/td>\n<\/tr>\n<tr>\n<td width=\"213\">Modelo<\/td>\n<td width=\"213\">YJ200A, 1000KG, 1.0M\/S<\/td>\n<\/tr>\n<tr>\n<td width=\"213\">Lugar de origen<\/td>\n<td width=\"213\">China<\/td>\n<\/tr>\n<\/tbody>\n<\/table>\n<h2>Por qu\u00e9 nosotros<\/h2>\n<p>Potensi proporciona alta calidad Torindrive Ascensor Geared Traction Machine YJ200A, 1000KG, 1.0M \/ S, dise\u00f1ado para ofrecer una fiabilidad excepcional y el rendimiento de los sistemas de ascensores modernos. Como proveedor de confianza de Elevator Geared Traction Machine, ofrecemos una amplia gama de productos, incluyendo opciones especializadas como Torindrive Elevator Geared Traction Machine, garantizando la compatibilidad con las principales marcas mundiales, tales como \u00a0<a href=\"https:\/\/potensilift.com\/es\/categoria-producto\/marcas-piezas\/for-mitsubishi\/\"><u>Mitsubishi<\/u><\/a>, <a href=\"https:\/\/potensilift.com\/es\/categoria-producto\/marcas-piezas\/para-otis\/\"><u>Otis<\/u><\/a>, <a href=\"https:\/\/potensilift.com\/es\/categoria-producto\/marcas-piezas\/para-tke-thyssenkrupp\/\"><u>Thyssen<\/u><\/a>, <a href=\"https:\/\/potensilift.com\/es\/categoria-producto\/marcas-piezas\/for-hyundai\/\"><u>Hyundai<\/u><\/a>y <a href=\"https:\/\/potensilift.com\/es\/categoria-producto\/marcas-piezas\/otras-marcas-piezas\/\"><u>otros<\/u><\/a>. Con amplias existencias y precios competitivos, Potensi est\u00e1 preparado para satisfacer sus necesidades. <a href=\"https:\/\/potensilift.com\/es\/contact\/\"><u>CONTACTO Esther<\/u><\/a>\u00a0Potensi espera poder ayudarle a mejorar sus sistemas de ascensores.<\/p>","protected":false},"excerpt":{"rendered":"<p>Actualice su sistema de ascensores con la m\u00e1quina de tracci\u00f3n por engranajes para ascensores Torindrive de POTENSI, dise\u00f1ada para una integraci\u00f3n perfecta y un rendimiento excepcional. Nuestra m\u00e1quina de tracci\u00f3n por engranajes para ascensores garantiza una eficiencia a largo plazo.<\/p>","protected":false},"featured_media":5159,"comment_status":"open","ping_status":"closed","template":"","meta":{"_seopress_robots_primary_cat":"none","_seopress_titles_title":"Torindrive Elevator Geared Traction Machine | Elevator Components","_seopress_titles_desc":"Find the best Torindrive Elevator Geared Traction Machine YJ200A for your elevator needs. Torindrive Elevator Geared Traction Machine options available for specific applications.","_seopress_robots_index":""},"product_brand":[],"product_cat":[169,150],"product_tag":[],"class_list":{"0":"post-5163","1":"product","2":"type-product","3":"status-publish","4":"has-post-thumbnail","6":"product_cat-elevator-traction-machine","7":"product_cat-others-brands-parts","9":"first","10":"instock","11":"shipping-taxable","12":"purchasable","13":"product-type-simple"},"_links":{"self":[{"href":"https:\/\/potensilift.com\/es\/wp-json\/wp\/v2\/product\/5163"}],"collection":[{"href":"https:\/\/potensilift.com\/es\/wp-json\/wp\/v2\/product"}],"about":[{"href":"https:\/\/potensilift.com\/es\/wp-json\/wp\/v2\/types\/product"}],"replies":[{"embeddable":true,"href":"https:\/\/potensilift.com\/es\/wp-json\/wp\/v2\/comments?post=5163"}],"wp:featuredmedia":[{"embeddable":true,"href":"https:\/\/potensilift.com\/es\/wp-json\/wp\/v2\/media\/5159"}],"wp:attachment":[{"href":"https:\/\/potensilift.com\/es\/wp-json\/wp\/v2\/media?parent=5163"}],"wp:term":[{"taxonomy":"product_brand","embeddable":true,"href":"https:\/\/potensilift.com\/es\/wp-json\/wp\/v2\/product_brand?post=5163"},{"taxonomy":"product_cat","embeddable":true,"href":"https:\/\/potensilift.com\/es\/wp-json\/wp\/v2\/product_cat?post=5163"},{"taxonomy":"product_tag","embeddable":true,"href":"https:\/\/potensilift.com\/es\/wp-json\/wp\/v2\/product_tag?post=5163"}],"curies":[{"name":"wp","href":"https:\/\/api.w.org\/{rel}","templated":true}]}}