{"id":4425,"date":"2024-12-26T07:20:55","date_gmt":"2024-12-26T07:20:55","guid":{"rendered":"https:\/\/potensilift.com\/?post_type=product&#038;p=4425"},"modified":"2025-01-10T07:30:25","modified_gmt":"2025-01-10T07:30:25","slug":"for-mitsubishi-drive-board-kcr-759c","status":"publish","type":"product","link":"https:\/\/potensilift.com\/es\/producto\/for-mitsubishi-drive-board-kcr-759c\/","title":{"rendered":"Para Mitsubishi Placa de accionamiento KCR-759C"},"content":{"rendered":"<p>POTENSI avanzada Para Mitsubishi Drive bordo est\u00e1 dise\u00f1ado para optimizar el rendimiento del ascensor. Fabricada con tecnolog\u00eda de vanguardia y construcci\u00f3n robusta, esta tarjeta For Mitsubishi Drive KCR-759C garantiza una compatibilidad perfecta y la m\u00e1xima eficiencia operativa. Desde la mejora de la gesti\u00f3n global del sistema hasta el perfeccionamiento de la tarjeta For Mitsubishi Drive KCR-759C espec\u00edfica, las soluciones POTENSI son duraderas, f\u00e1ciles de usar y est\u00e1n dise\u00f1adas para el futuro.<\/p>\n<h2>Par\u00e1metros del producto<\/h2>\n<table>\n<tbody>\n<tr>\n<td width=\"284\">Marca<\/td>\n<td width=\"284\">Para Mitsubishi<\/td>\n<\/tr>\n<tr>\n<td width=\"284\">Productos<\/td>\n<td width=\"284\">Para Mitsubishi Placa de accionamiento KCR-759C<\/td>\n<\/tr>\n<tr>\n<td width=\"284\">Modelo<\/td>\n<td width=\"284\">KCR-759C<\/td>\n<\/tr>\n<tr>\n<td width=\"284\">Lugar de origen<\/td>\n<td width=\"284\">China<\/td>\n<\/tr>\n<\/tbody>\n<\/table>\n<h2>Por qu\u00e9 nosotros<\/h2>\n<p>Potensi ofrece alta calidad Para Mitsubishi Drive bordo KCR-759C, dise\u00f1ado para ofrecer una fiabilidad excepcional y el rendimiento de los sistemas de ascensores modernos. Como proveedor de confianza de Drive board, ofrecemos una amplia gama de productos, incluyendo opciones especializadas como For Mitsubishi Drive board, garantizando la compatibilidad con las principales marcas mundiales, tales como \u00a0<a href=\"https:\/\/potensilift.com\/es\/categoria-producto\/marcas-piezas\/for-mitsubishi\/\"><u>Mitsubishi<\/u><\/a>, <a href=\"https:\/\/potensilift.com\/es\/categoria-producto\/marcas-piezas\/para-otis\/\"><u>Otis<\/u><\/a>, <a href=\"https:\/\/potensilift.com\/es\/categoria-producto\/marcas-piezas\/para-tke-thyssenkrupp\/\"><u>Thyssen<\/u><\/a>, <a href=\"https:\/\/potensilift.com\/es\/categoria-producto\/marcas-piezas\/for-hyundai\/\"><u>Hyundai<\/u><\/a>y <a href=\"https:\/\/potensilift.com\/es\/categoria-producto\/marcas-piezas\/otras-marcas-piezas\/\"><u>otros<\/u><\/a>. Con amplias existencias y precios competitivos, Potensi est\u00e1 preparado para satisfacer sus necesidades. <a href=\"https:\/\/potensilift.com\/es\/contact\/\"><u>CONTACTO Cara<\/u><\/a>\u00a0Potensi espera poder ayudarle a mejorar sus sistemas de ascensores.<\/p>","protected":false},"excerpt":{"rendered":"<p>Actualice su sistema de ascensores con la tarjeta de accionamiento POTENSI para Mitsubishi, dise\u00f1ada para una integraci\u00f3n perfecta y un rendimiento excepcional. Nuestra tarjeta de accionamiento garantiza la eficiencia a largo plazo.<\/p>","protected":false},"featured_media":4450,"comment_status":"open","ping_status":"closed","template":"","meta":{"_seopress_robots_primary_cat":"none","_seopress_titles_title":"Drive board | For Mitsubishi Drive board | Quality Elevator Parts - POTENSI","_seopress_titles_desc":"Explore a range of Drive board with high-quality For Mitsubishi Drive board. Perfect for maintaining peak elevator performance.","_seopress_robots_index":""},"product_brand":[],"product_cat":[161,130],"product_tag":[],"class_list":{"0":"post-4425","1":"product","2":"type-product","3":"status-publish","4":"has-post-thumbnail","6":"product_cat-elevator-pcb","7":"product_cat-for-mitsubishi","9":"first","10":"instock","11":"shipping-taxable","12":"purchasable","13":"product-type-simple"},"_links":{"self":[{"href":"https:\/\/potensilift.com\/es\/wp-json\/wp\/v2\/product\/4425"}],"collection":[{"href":"https:\/\/potensilift.com\/es\/wp-json\/wp\/v2\/product"}],"about":[{"href":"https:\/\/potensilift.com\/es\/wp-json\/wp\/v2\/types\/product"}],"replies":[{"embeddable":true,"href":"https:\/\/potensilift.com\/es\/wp-json\/wp\/v2\/comments?post=4425"}],"wp:featuredmedia":[{"embeddable":true,"href":"https:\/\/potensilift.com\/es\/wp-json\/wp\/v2\/media\/4450"}],"wp:attachment":[{"href":"https:\/\/potensilift.com\/es\/wp-json\/wp\/v2\/media?parent=4425"}],"wp:term":[{"taxonomy":"product_brand","embeddable":true,"href":"https:\/\/potensilift.com\/es\/wp-json\/wp\/v2\/product_brand?post=4425"},{"taxonomy":"product_cat","embeddable":true,"href":"https:\/\/potensilift.com\/es\/wp-json\/wp\/v2\/product_cat?post=4425"},{"taxonomy":"product_tag","embeddable":true,"href":"https:\/\/potensilift.com\/es\/wp-json\/wp\/v2\/product_tag?post=4425"}],"curies":[{"name":"wp","href":"https:\/\/api.w.org\/{rel}","templated":true}]}}