{"id":4085,"date":"2024-12-24T11:35:52","date_gmt":"2024-12-24T11:35:52","guid":{"rendered":"https:\/\/potensilift.com\/?post_type=product&#038;p=4085"},"modified":"2025-03-27T09:31:00","modified_gmt":"2025-03-27T09:31:00","slug":"traction-machine-mx18-km871719g09-for-kone","status":"publish","type":"product","link":"https:\/\/potensilift.com\/es\/producto\/traction-machine-mx18-km871719g09-for-kone\/","title":{"rendered":"M\u00e1quina de tracci\u00f3n MX18 KM871719G09 para KONE"},"content":{"rendered":"<p>Experimente una seguridad y eficiencia inigualables con la m\u00e1quina de tracci\u00f3n POTENSI. Dise\u00f1ada con materiales de primera calidad, esta m\u00e1quina de tracci\u00f3n MX18 KM871719G09 para KONE garantiza un funcionamiento preciso y una integraci\u00f3n sin esfuerzo en su sistema de ascensores. Tanto si necesita una m\u00e1quina de tracci\u00f3n MX18 KM871719G09 fiable para entornos de alta demanda o una mejora de seguridad a medida, conf\u00ede en POTENSI para obtener una calidad y un rendimiento excepcionales.<\/p>\n<h2>Par\u00e1metros del producto<\/h2>\n<table>\n<tbody>\n<tr>\n<td width=\"355\">Marca<\/td>\n<td width=\"355\">para KONE<\/td>\n<\/tr>\n<tr>\n<td width=\"355\">Productos<\/td>\n<td width=\"355\">M\u00e1quina de tracci\u00f3n MX18 KM871719G09 para KONE<\/td>\n<\/tr>\n<tr>\n<td width=\"355\">Modelo<\/td>\n<td width=\"355\">MX18 KM871719G09<\/td>\n<\/tr>\n<tr>\n<td width=\"355\">Lugar de origen<\/td>\n<td width=\"355\">China<\/td>\n<\/tr>\n<\/tbody>\n<\/table>\n<h2>Por qu\u00e9 nosotros<\/h2>\n<p>Potensi ofrece m\u00e1quinas de tracci\u00f3n MX18 KM871719G09 de alta calidad para KONE, dise\u00f1adas para ofrecer una fiabilidad y un rendimiento excepcionales para los sistemas de ascensores modernos. Como proveedor de confianza de M\u00e1quina de tracci\u00f3n, ofrecemos una amplia gama de productos, incluyendo opciones especializadas como M\u00e1quina de tracci\u00f3n MX18 KM871719G09, garantizando la compatibilidad con las principales marcas mundiales, tales como \u00a0<a href=\"https:\/\/potensilift.com\/es\/categoria-producto\/marcas-piezas\/for-mitsubishi\/\"><u>Mitsubishi<\/u><\/a>, <a href=\"https:\/\/potensilift.com\/es\/categoria-producto\/marcas-piezas\/para-otis\/\"><u>Otis<\/u><\/a>, <a href=\"https:\/\/potensilift.com\/es\/categoria-producto\/marcas-piezas\/para-tke-thyssenkrupp\/\"><u>Thyssen<\/u><\/a>, <a href=\"https:\/\/potensilift.com\/es\/categoria-producto\/marcas-piezas\/for-hyundai\/\"><u>Hyundai<\/u><\/a>y <a href=\"https:\/\/potensilift.com\/es\/categoria-producto\/marcas-piezas\/otras-marcas-piezas\/\"><u>otros<\/u><\/a>. Con amplias existencias y precios competitivos, Potensi est\u00e1 preparado para satisfacer sus necesidades. <a href=\"https:\/\/potensilift.com\/es\/contact\/\"><u>CONTACTO <\/u><u>katysuha<\/u><\/a>\u00a0Potensi espera poder ayudarle a mejorar sus sistemas de ascensores.<\/p>","protected":false},"excerpt":{"rendered":"<p>Para el m\u00e1ximo rendimiento, elija la m\u00e1quina de tracci\u00f3n POTENSI, dise\u00f1ada para cumplir con los m\u00e1s altos est\u00e1ndares de la industria. Perfecto para componentes cr\u00edticos de seguridad como M\u00e1quina de tracci\u00f3n MX18 KM871719G09 para KONE.<\/p>\n<p>&nbsp;<\/p>","protected":false},"featured_media":4086,"comment_status":"open","ping_status":"closed","template":"","meta":{"_seopress_robots_primary_cat":"","_seopress_titles_title":"Traction machine| Traction machine MX18 KM871719G09 for KONE | Elevator Accessories - POTENSI","_seopress_titles_desc":"Shop for reliableTraction machine such as Traction machine MX18 KM871719G09 for KONE to ensure your elevator system runs smoothly.","_seopress_robots_index":""},"product_brand":[],"product_cat":[169,128],"product_tag":[],"class_list":{"0":"post-4085","1":"product","2":"type-product","3":"status-publish","4":"has-post-thumbnail","6":"product_cat-elevator-traction-machine","7":"product_cat-for-kone","9":"first","10":"instock","11":"shipping-taxable","12":"purchasable","13":"product-type-simple"},"_links":{"self":[{"href":"https:\/\/potensilift.com\/es\/wp-json\/wp\/v2\/product\/4085"}],"collection":[{"href":"https:\/\/potensilift.com\/es\/wp-json\/wp\/v2\/product"}],"about":[{"href":"https:\/\/potensilift.com\/es\/wp-json\/wp\/v2\/types\/product"}],"replies":[{"embeddable":true,"href":"https:\/\/potensilift.com\/es\/wp-json\/wp\/v2\/comments?post=4085"}],"wp:featuredmedia":[{"embeddable":true,"href":"https:\/\/potensilift.com\/es\/wp-json\/wp\/v2\/media\/4086"}],"wp:attachment":[{"href":"https:\/\/potensilift.com\/es\/wp-json\/wp\/v2\/media?parent=4085"}],"wp:term":[{"taxonomy":"product_brand","embeddable":true,"href":"https:\/\/potensilift.com\/es\/wp-json\/wp\/v2\/product_brand?post=4085"},{"taxonomy":"product_cat","embeddable":true,"href":"https:\/\/potensilift.com\/es\/wp-json\/wp\/v2\/product_cat?post=4085"},{"taxonomy":"product_tag","embeddable":true,"href":"https:\/\/potensilift.com\/es\/wp-json\/wp\/v2\/product_tag?post=4085"}],"curies":[{"name":"wp","href":"https:\/\/api.w.org\/{rel}","templated":true}]}}