{"id":3871,"date":"2024-12-23T06:58:47","date_gmt":"2024-12-23T06:58:47","guid":{"rendered":"https:\/\/potensilift.com\/?post_type=product&#038;p=3871"},"modified":"2025-03-25T09:31:23","modified_gmt":"2025-03-25T09:31:23","slug":"escalator-black-pu-handrail-belt","status":"publish","type":"product","link":"https:\/\/potensilift.com\/es\/producto\/escalator-black-pu-handrail-belt\/","title":{"rendered":"Cinta pasamanos PU negra escalera mec\u00e1nica Otis-800"},"content":{"rendered":"<p>Mejore la comodidad y la seguridad del usuario con el cintur\u00f3n de pasamanos de PU negro Otis-800 de POTENSI para escaleras mec\u00e1nicas. Esta correa de pasamanos de PU negro de primera calidad para escaleras mec\u00e1nicas est\u00e1 dise\u00f1ada para una integraci\u00f3n sencilla y un funcionamiento sin problemas. Tanto si desea mejorar los sistemas generales de correas de pasamanos de PU negro para escaleras mec\u00e1nicas como si desea centrarse en componentes precisos, POTENSI garantiza una soluci\u00f3n fiable y duradera para cada instalaci\u00f3n de escaleras mec\u00e1nicas.<\/p>\n<h2>Par\u00e1metros del producto<\/h2>\n<table>\n<tbody>\n<tr>\n<td width=\"284\">Marca<\/td>\n<td width=\"284\">Para escalera mec\u00e1nica<\/td>\n<\/tr>\n<tr>\n<td width=\"284\">Productos<\/td>\n<td width=\"284\">Cinta pasamanos PU negra escalera mec\u00e1nica Otis-800<\/td>\n<\/tr>\n<tr>\n<td width=\"284\">Modelo<\/td>\n<td width=\"284\">Otis-800<\/td>\n<\/tr>\n<tr>\n<td width=\"284\">Lugar de origen<\/td>\n<td width=\"284\">China<\/td>\n<\/tr>\n<\/tbody>\n<\/table>\n<h2>Por qu\u00e9 nosotros<\/h2>\n<p>Potensi proporciona la correa negra de la PU de la barandilla de la escalera de alta calidad Otis-800, dirigido para entregar confiabilidad y el funcionamiento excepcionales para los sistemas modernos del elevador. Como proveedor de confianza de Escalator black PU handrail belt, ofrecemos una amplia gama de productos, incluyendo opciones especializadas como Escalator black PU handrail belt, garantizando la compatibilidad con las principales marcas mundiales, tales como \u00a0<a href=\"https:\/\/potensilift.com\/es\/categoria-producto\/marcas-piezas\/for-mitsubishi\/\"><u>Mitsubishi<\/u><\/a>, <a href=\"https:\/\/potensilift.com\/es\/categoria-producto\/marcas-piezas\/para-otis\/\"><u>Otis<\/u><\/a>, <a href=\"https:\/\/potensilift.com\/es\/categoria-producto\/marcas-piezas\/para-tke-thyssenkrupp\/\"><u>Thyssen<\/u><\/a>, <a href=\"https:\/\/potensilift.com\/es\/categoria-producto\/marcas-piezas\/for-hyundai\/\"><u>Hyundai<\/u><\/a>y <a href=\"https:\/\/potensilift.com\/es\/categoria-producto\/marcas-piezas\/otras-marcas-piezas\/\"><u>otros<\/u><\/a>. Con amplias existencias y precios competitivos, Potensi est\u00e1 preparado para satisfacer sus necesidades. <a href=\"https:\/\/potensilift.com\/es\/contact\/\"><u>CONTACTO Luna<\/u><u><\/u><\/a>\u00a0Potensi espera poder ayudarle a mejorar sus sistemas de ascensores.<\/p>","protected":false},"excerpt":{"rendered":"<p>La cinta de pasamanos de PU negra POTENSI para escaleras mec\u00e1nicas Otis-800 ofrece un rendimiento y una durabilidad excepcionales, dise\u00f1ada para un funcionamiento suave y fiable de las escaleras mec\u00e1nicas. Ideal para la cinta de pasamanos de escaleras mec\u00e1nicas.<\/p>","protected":false},"featured_media":3878,"comment_status":"open","ping_status":"closed","template":"","meta":{"_seopress_robots_primary_cat":"none","_seopress_titles_title":"Escalator black PU handrail belt | High-Quality PU handrail belt- POTENSI","_seopress_titles_desc":"Discover Escalator black PU handrail belt for escalators, designed for durability and performance. Our premium PU handrail belt ensures safety and reliability in every installation.","_seopress_robots_index":""},"product_brand":[],"product_cat":[113,150],"product_tag":[],"class_list":{"0":"post-3871","1":"product","2":"type-product","3":"status-publish","4":"has-post-thumbnail","6":"product_cat-escalator-handrail-belt","7":"product_cat-others-brands-parts","9":"first","10":"instock","11":"shipping-taxable","12":"purchasable","13":"product-type-simple"},"_links":{"self":[{"href":"https:\/\/potensilift.com\/es\/wp-json\/wp\/v2\/product\/3871"}],"collection":[{"href":"https:\/\/potensilift.com\/es\/wp-json\/wp\/v2\/product"}],"about":[{"href":"https:\/\/potensilift.com\/es\/wp-json\/wp\/v2\/types\/product"}],"replies":[{"embeddable":true,"href":"https:\/\/potensilift.com\/es\/wp-json\/wp\/v2\/comments?post=3871"}],"wp:featuredmedia":[{"embeddable":true,"href":"https:\/\/potensilift.com\/es\/wp-json\/wp\/v2\/media\/3878"}],"wp:attachment":[{"href":"https:\/\/potensilift.com\/es\/wp-json\/wp\/v2\/media?parent=3871"}],"wp:term":[{"taxonomy":"product_brand","embeddable":true,"href":"https:\/\/potensilift.com\/es\/wp-json\/wp\/v2\/product_brand?post=3871"},{"taxonomy":"product_cat","embeddable":true,"href":"https:\/\/potensilift.com\/es\/wp-json\/wp\/v2\/product_cat?post=3871"},{"taxonomy":"product_tag","embeddable":true,"href":"https:\/\/potensilift.com\/es\/wp-json\/wp\/v2\/product_tag?post=3871"}],"curies":[{"name":"wp","href":"https:\/\/api.w.org\/{rel}","templated":true}]}}